{"id":755,"date":"2025-01-28T12:37:20","date_gmt":"2025-01-28T12:37:20","guid":{"rendered":"https:\/\/compemaq.com.br\/produto\/5k9090-anel\/"},"modified":"2025-03-06T18:13:34","modified_gmt":"2025-03-06T18:13:34","slug":"5k9090-anel","status":"publish","type":"product","link":"https:\/\/compemaq.com.br\/pt\/produto\/5k9090-anel\/","title":{"rendered":"5K9090- ANEL"},"content":{"rendered":"<h2 class=\"h3 display-3\" style=\"color: #3f3f3f;font-family: UniversLTW02-67BoldCn, 'Arial Narrow', Arial, sans-serif;line-height: 28px;margin-bottom: 0.5rem;margin-top: 0px;font-size: 24px;font-weight: 400;text-transform: uppercase;border-bottom: 2px solid #3f3f3f\">Descri\u00e7\u00e3o do n\u00famero de s\u00e9rie 5K-909<\/h2>\n<div class=\"position-relative\" style=\"position: relative !important\">\n<div class=\"transition-expand\" id=\"descriptionExpander\" style=\"overflow: visible;height: auto\">\n<p style=\"margin-bottom: 1rem;margin-top: 0px;color: #565656\">Os An\u00e9is Retentores com Di\u00e2metro Externo Controlado s\u00e3o usados em aplica\u00e7\u00f5es de veda\u00e7\u00e3o nas quais o di\u00e2metro externo do selo \u00e9 a dimens\u00e3o cr\u00edtica.<\/p>\n<p style=\"margin-bottom: 1rem;margin-top: 0px;color: #565656\">Atributos:<br \/>Os An\u00e9is Retentores s\u00e3o feitos de materiais compat\u00edveis com fluidos, temperaturas e press\u00f5es encontrados em motores e m\u00e1quinas Cat. Os materiais resistem ao desgaste e \u00e0 extrus\u00e3o, al\u00e9m de oferecer resist\u00eancia superior \u00e0 compress\u00e3o do selo ajustada. Al\u00e9m disso, determinados An\u00e9is Retentores em O Cat s\u00e3o revestidos com PTFE para minimizar a tor\u00e7\u00e3o e o corte do selo durante a instala\u00e7\u00e3o.<\/p>\n<p style=\"margin-bottom: 1rem;margin-top: 0px;color: #565656\">As dimens\u00f5es dos An\u00e9is Retentores s\u00e3o mantidas de maneira consistente segundo toler\u00e2ncias r\u00edgidas para garantir que se encaixem corretamente em ranhuras do selo com a compress\u00e3o de veda\u00e7\u00e3o necess\u00e1ria.<\/p>\n<p style=\"margin-bottom: 1rem;margin-top: 0px;color: #565656\">Com mais de 2.500 An\u00e9is Retentores em tamanhos e materiais diferentes, os An\u00e9is Retentores Cat s\u00e3o a melhor solu\u00e7\u00e3o para as necessidades Cat e de outros equipamentos m\u00f3veis.<\/p>\n<p style=\"margin-bottom: 1rem;margin-top: 0px;color: #565656\">Os sistemas Veda\u00e7\u00e3o Cat protegem as pe\u00e7as mais caras de vazamentos e contamina\u00e7\u00f5es.<\/p>\n<p style=\"margin-bottom: 1rem;margin-top: 0px;color: #565656\">Aplica\u00e7\u00f5es:<br \/>Os An\u00e9is Retentores Controlados por Di\u00e2metro Externo s\u00e3o usados em muitas juntas est\u00e1ticas e din\u00e2micas em todas as m\u00e1quinas e motores Cat, inclusive acoplamentos e adaptadores ORFS (O-Ring Face Seal, Selo Facial do Anel Retentor) e STOR (Straight Thread O-Ring, Anel Retentor de Rosca Reta).<\/p>\n<p>\u00a0<\/p>\n<\/div>\n<div data-testid=\"button-container\" class=\"\"><\/div>\n<div data-testid=\"button-container\" class=\"\"><\/div>\n<div data-testid=\"button-container\" class=\"\">\n<div class=\"d-flex justify-content-between align-items-end mb-3 mb-lg-2 display-3 h3\" style=\"color: #3f3f3f;font-family: UniversLTW02-67BoldCn, 'Arial Narrow', Arial, sans-serif;line-height: 28px;margin-top: 0px;font-size: 24px;text-transform: uppercase;border-bottom: 2px solid #3f3f3f;margin-bottom: 0.5rem !important;justify-content: space-between !important;align-items: flex-end !important\">\n<h2 class=\"h3 mb-0\" style=\"color: var(--bs-heading-color);line-height: 28px;margin-top: 0px;font-size: 24px;font-weight: 400;margin-bottom: 0px !important\">Especifica\u00e7\u00f5es para n\u00famero de pe\u00e7a 5K-9090<\/h2>\n<div class=\"d-none d-lg-flex\">\n<p class=\"py-2 mb-0 text-sm u-color--DarkGray uom-label_yd9NYwgI\" style=\"font-family: Arial, 'Helvetica Neue', Helvetica, sans-serif;margin-right: 8px;margin-left: 8px;text-transform: none;color: #565656;padding-bottom: 0.5rem !important;padding-top: 0.5rem !important;font-size: 14px !important;line-height: 16px !important\">Unidades de Medida<\/p>\n<fieldset class=\"mb-3 mb-3 flex-wrap d-flex-inline d-flex\" style=\"min-width: 0px;padding: 0px;flex-wrap: wrap !important;margin: 0px 0px 1rem !important 0px;border: 0px initial initial\" data-testid=\"mb-3\">\n<div class=\"p-0 alloy-control-dynamic custom-control-start text-start m-0\" style=\"margin: 0px !important;padding: 0px !important\">&lt;input id=&#8221;unitOfMeasure0-undefined&#8221; class=&#8221;custom-control-input exclude-global alloy-input-module_alloy-input__a-k1F alloy-input-dynamic SimpleCheckboxRadio-module_button-variant__UV3ow&#8221; style=&#8221;font-family: inherit; font-size: inherit; line-height: inherit; margin-top: 0px; margin-right: 0px; margin-left: 0px; height: 0px; opacity: 0; position: absolute; width: 0px;&#8221; checked=&#8221;checked&#8221; name=&#8221;unitOfMeasure_desktop&#8221; type=&#8221;radio&#8221; value=&#8221;us&#8221; aria-label=&#8221;EUA&#8221; aria-labelledby=&#8221;unitOfMeasure0-undefinedLabel&#8221; \/&gt;<\/p>\n<div class=\"d-flex w-100 ms-1\" style=\"width: 24.1094px;margin-left: 0.25rem !important;margin-inline-start: 0.25rem !important\">\n<div class=\"align-self-center text-wrap\" style=\"align-self: center !important\">EUA<\/div>\n<\/div>\n<\/div>\n<div class=\"p-0 alloy-control-dynamic custom-control-start text-start m-0\" style=\"margin: 0px !important;padding: 0px !important\">&lt;input id=&#8221;unitOfMeasure1-undefined&#8221; class=&#8221;custom-control-input exclude-global alloy-input-module_alloy-input__a-k1F alloy-input-dynamic SimpleCheckboxRadio-module_button-variant__UV3ow&#8221; style=&#8221;font-family: inherit; font-size: inherit; line-height: inherit; margin-top: 0px; margin-right: 0px; margin-left: 0px; height: 0px; opacity: 0; position: absolute; width: 0px;&#8221; name=&#8221;unitOfMeasure_desktop&#8221; type=&#8221;radio&#8221; value=&#8221;metric&#8221; aria-label=&#8221;M\u00e9trica&#8221; aria-labelledby=&#8221;unitOfMeasure1-undefinedLabel&#8221; \/&gt;<\/p>\n<div class=\"d-flex w-100 ms-1\" style=\"width: 53.6797px;margin-left: 0.25rem !important;margin-inline-start: 0.25rem !important\">\n<div class=\"align-self-center text-wrap\" style=\"align-self: center !important\">M\u00e9trica<\/div>\n<\/div>\n<\/div>\n<\/fieldset>\n<\/div>\n<\/div>\n<div class=\"position-relative\" style=\"color: #565656;font-family: Arial, 'Helvetica Neue', Helvetica, sans-serif;font-size: 16px;position: relative !important\">\n<div class=\"transition-expand\" id=\"specificationsExpander\" style=\"overflow: hidden\">\n<ul class=\"list-group product-specifications-list_komD5KhC\" style=\"padding-left: 0px;margin-bottom: 0px;margin-top: 0px;list-style-type: none;--bs-list-group-color: var(--bs-body-color);--bs-list-group-bg: var(--bs-body-bg);--bs-list-group-border-color: var(--bs-border-color);--bs-list-group-border-width: var(--bs-border-width);--bs-list-group-border-radius: var(--bs-border-radius);--bs-list-group-item-padding-x: 1rem;--bs-list-group-item-padding-y: 0.5rem;--bs-list-group-action-color: var(--bs-secondary-color);--bs-list-group-action-hover-color: var(--bs-emphasis-color);--bs-list-group-action-hover-bg: var(--bs-tertiary-bg);--bs-list-group-action-active-color: var(--bs-body-color);--bs-list-group-action-active-bg: var(--bs-secondary-bg);--bs-list-group-disabled-color: var(--bs-secondary-color);--bs-list-group-disabled-bg: var(--bs-body-bg);--bs-list-group-active-color: #fff;--bs-list-group-active-bg: #0d6efd;--bs-list-group-active-border-color: #0d6efd;border-radius: var(--bs-list-group-border-radius);flex-direction: column\">\n<li>\n<p class=\"exclude-global mb-0 u-color--DarkGray text-sm\" style=\"font-size: 14px !important;line-height: 16px !important\"><span style=\"font-weight: bolder\">Di\u00e2metro da Se\u00e7\u00e3o Transversal (mm):\u00a0<\/span>1,78<\/p>\n<\/li>\n<li>\n<p class=\"exclude-global mb-0 u-color--DarkGray text-sm\" style=\"font-size: 14px !important;line-height: 16px !important\"><span style=\"font-weight: bolder\">Di\u00e2metro Interno (mm):\u00a0<\/span>23,66<\/p>\n<\/li>\n<li>\n<p class=\"exclude-global mb-0 u-color--DarkGray text-sm\" style=\"font-size: 14px !important;line-height: 16px !important\"><span style=\"font-weight: bolder\">Di\u00e2metro Externo (mm):\u00a0<\/span>27,22<\/p>\n<\/li>\n<li>\n<p class=\"exclude-global mb-0 u-color--DarkGray text-sm\" style=\"font-size: 14px !important;line-height: 16px !important\"><span style=\"font-weight: bolder\">Dureza (Terra A):\u00a0<\/span>90<\/p>\n<\/li>\n<li>\n<p class=\"exclude-global mb-0 u-color--DarkGray text-sm\" style=\"font-size: 14px !important;line-height: 16px !important\"><span style=\"font-weight: bolder\">Tamanho do Tra\u00e7o SAE AS568:\u00a0<\/span>-21<\/p>\n<\/li>\n<li>\n<p class=\"exclude-global mb-0 u-color--DarkGray text-sm\" style=\"font-size: 14px !important;line-height: 16px !important\"><span style=\"font-weight: bolder\">Cor:\u00a0<\/span>Vermelha<\/p>\n<\/li>\n<li>\n<p class=\"exclude-global mb-0 u-color--DarkGray text-sm\" style=\"font-size: 14px !important;line-height: 16px !important\"><span style=\"font-weight: bolder\">Material:\u00a0<\/span>NBR &#8211; Nitrilo,Nitrilo (NBR)<\/p>\n<\/li>\n<li>\n<p class=\"exclude-global mb-0 u-color--DarkGray text-sm\" style=\"font-size: 14px !important;line-height: 16px !important\"><span style=\"font-weight: bolder\">Descri\u00e7\u00e3o do Material:\u00a0<\/span>A borracha nitr\u00edlica (NBR) \u00e9 capaz de suportar temperaturas de servi\u00e7o de -40 a 100 \u00b0C e \u00e9 resistente a \u00f3leos combust\u00edveis, gasolina, combust\u00edvel diesel de enxofre ultrabaixo e lubrificantes. A borracha nitr\u00edlica n\u00e3o \u00e9 recomendada para aplica\u00e7\u00f5es que exijam resist\u00eancia a biodiesel ou l\u00edquido arrefecedor.<\/p>\n<\/li>\n<li>\n<p class=\"exclude-global mb-0 u-color--DarkGray text-sm\" style=\"font-size: 14px !important;line-height: 16px !important\"><span style=\"font-weight: bolder\">Revestimento:\u00a0<\/span>O revestimento PTFE protege o anel retentor contra danos causados pela instala\u00e7\u00e3o e facilita a montagem.<\/p>\n<\/li>\n<li>\n<p class=\"exclude-global mb-0 u-color--DarkGray text-sm\" style=\"font-size: 14px !important;line-height: 16px !important\"><span style=\"font-weight: bolder\">Observa\u00e7\u00f5es sobre Cores:\u00a0<\/span>A cor real do anel retentor pode ser diferente em rela\u00e7\u00e3o \u00e0 imagem.<\/p>\n<\/li>\n<li>\n<p class=\"exclude-global mb-0 u-color--DarkGray text-sm\" style=\"font-size: 14px !important;line-height: 16px !important\"><span style=\"font-weight: bolder\">Observa\u00e7\u00f5es:\u00a0<\/span>As descri\u00e7\u00f5es de dimens\u00e3o e material s\u00e3o fornecidas apenas para refer\u00eancia.<\/p>\n<\/li>\n<li>\n<p class=\"exclude-global mb-0 u-color--DarkGray text-sm\" style=\"font-size: 14px !important;line-height: 16px !important\"><span style=\"font-weight: bolder\">Material de Veda\u00e7\u00e3o Principal:\u00a0<\/span>Borracha<\/p>\n<\/li>\n<li>\n<p class=\"exclude-global mb-0 u-color--DarkGray text-sm\" style=\"font-size: 14px !important;line-height: 16px !important\"><span style=\"font-weight: bolder\">Tipo de Anel Retentor:\u00a0<\/span>Anel Retentor Facial (ORFS)<\/p>\n<\/li>\n<li>\n<p class=\"exclude-global mb-0 u-color--DarkGray text-sm\" style=\"font-size: 14px !important;line-height: 16px !important\"><span style=\"font-weight: bolder\">Material Hardness:\u00a0<\/span>90A<\/p>\n<\/li>\n<li>\n<p class=\"exclude-global mb-0 u-color--DarkGray text-sm\" style=\"font-size: 14px !important;line-height: 16px !important\"><span style=\"font-weight: bolder\">Polymer:\u00a0<\/span>NBR (Nitrile butadiene)<\/p>\n<\/li>\n<\/ul>\n<\/div>\n<\/div>\n<\/div>\n<\/div>","protected":false},"excerpt":{"rendered":"<p>Descri\u00e7\u00e3o do n\u00famero de s\u00e9rie 5K-909 Os An\u00e9is Retentores com Di\u00e2metro Externo Controlado s\u00e3o usados em aplica\u00e7\u00f5es de veda\u00e7\u00e3o nas quais o di\u00e2metro externo do selo \u00e9 a dimens\u00e3o cr\u00edtica. Atributos:Os An\u00e9is Retentores s\u00e3o feitos de materiais compat\u00edveis com fluidos, temperaturas e press\u00f5es encontrados em motores e m\u00e1quinas Cat. Os materiais resistem ao desgaste e [&hellip;]<\/p>\n","protected":false},"featured_media":1125,"comment_status":"open","ping_status":"closed","template":"","meta":{"nf_dc_page":""},"product_brand":[],"product_cat":[75],"product_tag":[],"class_list":{"0":"post-755","1":"product","2":"type-product","3":"status-publish","4":"has-post-thumbnail","6":"product_cat-embuchamento","8":"first","9":"instock","10":"shipping-taxable","11":"purchasable","12":"product-type-simple"},"_links":{"self":[{"href":"https:\/\/compemaq.com.br\/pt\/wp-json\/wp\/v2\/product\/755","targetHints":{"allow":["GET"]}}],"collection":[{"href":"https:\/\/compemaq.com.br\/pt\/wp-json\/wp\/v2\/product"}],"about":[{"href":"https:\/\/compemaq.com.br\/pt\/wp-json\/wp\/v2\/types\/product"}],"replies":[{"embeddable":true,"href":"https:\/\/compemaq.com.br\/pt\/wp-json\/wp\/v2\/comments?post=755"}],"wp:featuredmedia":[{"embeddable":true,"href":"https:\/\/compemaq.com.br\/pt\/wp-json\/wp\/v2\/media\/1125"}],"wp:attachment":[{"href":"https:\/\/compemaq.com.br\/pt\/wp-json\/wp\/v2\/media?parent=755"}],"wp:term":[{"taxonomy":"product_brand","embeddable":true,"href":"https:\/\/compemaq.com.br\/pt\/wp-json\/wp\/v2\/product_brand?post=755"},{"taxonomy":"product_cat","embeddable":true,"href":"https:\/\/compemaq.com.br\/pt\/wp-json\/wp\/v2\/product_cat?post=755"},{"taxonomy":"product_tag","embeddable":true,"href":"https:\/\/compemaq.com.br\/pt\/wp-json\/wp\/v2\/product_tag?post=755"}],"curies":[{"name":"wp","href":"https:\/\/api.w.org\/{rel}","templated":true}]}}