{"id":696,"date":"2025-01-23T14:18:46","date_gmt":"2025-01-23T14:18:46","guid":{"rendered":"https:\/\/compemaq.com.br\/produto\/5848396-trava-da-porta\/"},"modified":"2025-03-05T13:03:15","modified_gmt":"2025-03-05T13:03:15","slug":"5848396-trava-da-porta","status":"publish","type":"product","link":"https:\/\/compemaq.com.br\/pt\/produto\/5848396-trava-da-porta\/","title":{"rendered":"5848396 &#8211; TRAVA DA PORTA"},"content":{"rendered":"<p><span style=\"color: #565656; font-family: Arial, 'Helvetica Neue', Helvetica, sans-serif; font-size: 16px;\">Os conjuntos de travamento Cat foram projetados para prender pain\u00e9is, portas pequenas e compartimentos em m\u00e1quinas Cat.<\/span><br style=\"color: #565656; font-family: Arial, 'Helvetica Neue', Helvetica, sans-serif; font-size: 16px;\" \/><br style=\"color: #565656; font-family: Arial, 'Helvetica Neue', Helvetica, sans-serif; font-size: 16px;\" \/><span style=\"color: #565656; font-family: Arial, 'Helvetica Neue', Helvetica, sans-serif; font-size: 16px;\">Atributos:<\/span><br style=\"color: #565656; font-family: Arial, 'Helvetica Neue', Helvetica, sans-serif; font-size: 16px;\" \/><span style=\"color: #565656; font-family: Arial, 'Helvetica Neue', Helvetica, sans-serif; font-size: 16px;\">\u2022 Reposi\u00e7\u00e3o direta para ajuste adequado<\/span><br style=\"color: #565656; font-family: Arial, 'Helvetica Neue', Helvetica, sans-serif; font-size: 16px;\" \/><span style=\"color: #565656; font-family: Arial, 'Helvetica Neue', Helvetica, sans-serif; font-size: 16px;\">\u2022 Constru\u00e7\u00e3o dur\u00e1vel<\/span><br style=\"color: #565656; font-family: Arial, 'Helvetica Neue', Helvetica, sans-serif; font-size: 16px;\" \/><span style=\"color: #565656; font-family: Arial, 'Helvetica Neue', Helvetica, sans-serif; font-size: 16px;\">\u2022 Alavanca do garfo e da garra s\u00e3o refor\u00e7adas e condicionadas com tratamento t\u00e9rmico de temperagem<\/span><br style=\"color: #565656; font-family: Arial, 'Helvetica Neue', Helvetica, sans-serif; font-size: 16px;\" \/><span style=\"color: #565656; font-family: Arial, 'Helvetica Neue', Helvetica, sans-serif; font-size: 16px;\">\u2022 Revestimentos que atendem aos requisitos especiais para aplica\u00e7\u00f5es diferentes (compat\u00edvel com RoHS).<\/span><\/p>\n<section id=\"pdp__specifications\" class=\"py-3\" style=\"color: #565656; font-family: Arial, 'Helvetica Neue', Helvetica, sans-serif; font-size: 16px; padding-bottom: 1rem !important; padding-top: 1rem !important;\">\n<div class=\"d-flex justify-content-between align-items-end mb-3 mb-lg-2 display-3 h3\" style=\"color: #3f3f3f; font-family: UniversLTW02-67BoldCn, 'Arial Narrow', Arial, sans-serif; line-height: 28px; margin-top: 0px; font-size: 24px; text-transform: uppercase; border-bottom: 2px solid #3f3f3f; margin-bottom: 0.5rem !important; justify-content: space-between !important; align-items: flex-end !important;\">\n<h2 class=\"h3 mb-0\" style=\"color: var(--bs-heading-color); line-height: 28px; margin-top: 0px; font-size: 24px; font-weight: 400; margin-bottom: 0px !important;\">Especifica\u00e7\u00f5es para n\u00famero de pe\u00e7a 584-8396<\/h2>\n<\/div>\n<div class=\"position-relative\" style=\"position: relative !important;\">\n<div id=\"specificationsExpander\" class=\"transition-expand\" style=\"overflow: hidden;\">\n<ul class=\"list-group product-specifications-list_komD5KhC\" style=\"padding-left: 0px; margin-bottom: 0px; margin-top: 0px; list-style-type: none; --bs-list-group-color: var(--bs-body-color); --bs-list-group-bg: var(--bs-body-bg); --bs-list-group-border-color: var(--bs-border-color); --bs-list-group-border-width: var(--bs-border-width); --bs-list-group-border-radius: var(--bs-border-radius); --bs-list-group-item-padding-x: 1rem; --bs-list-group-item-padding-y: 0.5rem; --bs-list-group-action-color: var(--bs-secondary-color); --bs-list-group-action-hover-color: var(--bs-emphasis-color); --bs-list-group-action-hover-bg: var(--bs-tertiary-bg); --bs-list-group-action-active-color: var(--bs-body-color); --bs-list-group-action-active-bg: var(--bs-secondary-bg); --bs-list-group-disabled-color: var(--bs-secondary-color); --bs-list-group-disabled-bg: var(--bs-body-bg); --bs-list-group-active-color: #fff; --bs-list-group-active-bg: #0d6efd; --bs-list-group-active-border-color: #0d6efd; border-radius: var(--bs-list-group-border-radius); flex-direction: column;\">\n<li>\n<p class=\"exclude-global mb-0 u-color--DarkGray text-sm\" style=\"font-size: 14px !important; line-height: 16px !important;\"><span style=\"font-weight: bolder;\">Material:\u00a0<\/span>Steel<\/p>\n<\/li>\n<li>\n<p class=\"exclude-global mb-0 u-color--DarkGray text-sm\" style=\"font-size: 14px !important; line-height: 16px !important;\"><span style=\"font-weight: bolder;\">Coating:\u00a0<\/span>ZINC PLATING<\/p>\n<\/li>\n<li>\n<p class=\"exclude-global mb-0 u-color--DarkGray text-sm\" style=\"font-size: 14px !important; line-height: 16px !important;\"><span style=\"font-weight: bolder;\">Overall Length (mm):\u00a0<\/span>516.8<\/p>\n<\/li>\n<li>\n<p class=\"exclude-global mb-0 u-color--DarkGray text-sm\" style=\"font-size: 14px !important; line-height: 16px !important;\"><span style=\"font-weight: bolder;\">Overall Width (mm):\u00a0<\/span>64.2<\/p>\n<\/li>\n<li>\n<p class=\"exclude-global mb-0 u-color--DarkGray text-sm\" style=\"font-size: 14px !important; line-height: 16px !important;\"><span style=\"font-weight: bolder;\">Overall Height (mm):\u00a0<\/span>57.4<\/p>\n<\/li>\n<li>\n<p class=\"exclude-global mb-0 u-color--DarkGray text-sm\" style=\"font-size: 14px !important; line-height: 16px !important;\"><span style=\"font-weight: bolder;\">Hole Size (mm):\u00a0<\/span>7.3<\/p>\n<\/li>\n<li>\n<p class=\"exclude-global mb-0 u-color--DarkGray text-sm\" style=\"font-size: 14px !important; line-height: 16px !important;\"><span style=\"font-weight: bolder;\">Fits Bolt Sizes (mm):\u00a0<\/span>M6<\/p>\n<\/li>\n<\/ul>\n<\/div>\n<\/div>\n<\/section>\n<div style=\"color: #565656; font-family: Arial, 'Helvetica Neue', Helvetica, sans-serif; font-size: 16px;\" data-testid=\"espotDataFail\"><\/div>\n<div style=\"color: #565656; font-family: Arial, 'Helvetica Neue', Helvetica, sans-serif; font-size: 16px;\" data-testid=\"espotDataFail\"><\/div>\n<section id=\"pdp__compatibility\" class=\"py-3\" style=\"color: #565656; font-family: Arial, 'Helvetica Neue', Helvetica, sans-serif; font-size: 16px; padding-bottom: 1rem !important; padding-top: 1rem !important;\">\n<h2 class=\"h3 display-3\" style=\"color: #3f3f3f; font-family: UniversLTW02-67BoldCn, 'Arial Narrow', Arial, sans-serif; line-height: 28px; margin-bottom: 0.5rem; margin-top: 0px; font-size: 24px; font-weight: 400; text-transform: uppercase; border-bottom: 2px solid #3f3f3f;\">Modelos Compat\u00edveis para n\u00famero de pe\u00e7a 584-8396<\/h2>\n<div class=\"position-relative\" style=\"position: relative !important;\">\n<div id=\"compatibilityExpander\" class=\"transition-expand\" style=\"overflow: hidden;\">\n<div class=\"mt-3\" style=\"margin-top: 1rem !important;\">\n<h3 class=\"text-uppercase text-sm fw-bold text-sans-serif\" style=\"color: var(--bs-heading-color); margin-bottom: 0.5rem; margin-top: 0px; line-height: 16px !important; font-size: 14px !important; text-transform: uppercase !important;\">OEM MOB HYD PWR UNIT<\/h3>\n<h4 class=\"text-md text-sans-serif font-weight-normal\" style=\"color: var(--bs-heading-color); margin-bottom: 0.5rem; margin-top: 0px; line-height: 20px !important; font-weight: 400 !important;\">336MHPU<\/h4>\n<\/div>\n<div class=\"mt-3\" style=\"margin-top: 1rem !important;\">\n<h3 class=\"text-uppercase text-sm fw-bold text-sans-serif\" style=\"color: var(--bs-heading-color); margin-bottom: 0.5rem; margin-top: 0px; line-height: 16px !important; font-size: 14px !important; text-transform: uppercase !important;\">WHEELED EXCAVATOR<\/h3>\n<h4 class=\"text-md text-sans-serif font-weight-normal\" style=\"color: var(--bs-heading-color); margin-bottom: 0.5rem; margin-top: 0px; line-height: 20px !important; font-weight: 400 !important;\">MH3040<\/h4>\n<\/div>\n<div class=\"mt-3\" style=\"margin-top: 1rem !important;\">\n<h3 class=\"text-uppercase text-sm fw-bold text-sans-serif\" style=\"color: var(--bs-heading-color); margin-bottom: 0.5rem; margin-top: 0px; line-height: 16px !important; font-size: 14px !important; text-transform: uppercase !important;\">EXCAVATOR<\/h3>\n<h4 class=\"text-md text-sans-serif font-weight-normal\" style=\"color: var(--bs-heading-color); margin-bottom: 0.5rem; margin-top: 0px; line-height: 20px !important; font-weight: 400 !important;\">320 326 GC 349 GC 340 336 MHPU 320D L 326 349 330 GC 325 323 336 GC 326GC OTHER 320D 323 GC MH3040 323GC 330 352 350 333 GC 340MHPU 335 336 333 355 330GC 320 GC 345 GC 352 UHD<\/h4>\n<\/div>\n<div class=\"mt-3\" style=\"margin-top: 1rem !important;\">\n<h3 class=\"text-uppercase text-sm fw-bold text-sans-serif\" style=\"color: var(--bs-heading-color); margin-bottom: 0.5rem; margin-top: 0px; line-height: 16px !important; font-size: 14px !important; text-transform: uppercase !important;\">MATERIAL HANDLER<\/h3>\n<h4 class=\"text-md text-sans-serif font-weight-normal\" style=\"color: var(--bs-heading-color); margin-bottom: 0.5rem; margin-top: 0px; line-height: 20px !important; font-weight: 400 !important;\">MH3050 MH3250 MH3032 MH3040 MH3260<\/h4>\n<\/div>\n<div class=\"mt-3\" style=\"margin-top: 1rem !important;\">\n<h3 class=\"text-uppercase text-sm fw-bold text-sans-serif\" style=\"color: var(--bs-heading-color); margin-bottom: 0.5rem; margin-top: 0px; line-height: 16px !important; font-size: 14px !important; text-transform: uppercase !important;\">MOBILE HYD POWER UNIT<\/h3>\n<h4 class=\"text-md text-sans-serif font-weight-normal\" style=\"color: var(--bs-heading-color); margin-bottom: 0.5rem; margin-top: 0px; line-height: 20px !important; font-weight: 400 !important;\">330 MHPU 350MHPU<\/h4>\n<\/div>\n<\/div>\n<\/div>\n<\/section>","protected":false},"excerpt":{"rendered":"<p>Os conjuntos de travamento Cat foram projetados para prender pain\u00e9is, portas pequenas e compartimentos em m\u00e1quinas Cat.Atributos:\u2022 Reposi\u00e7\u00e3o direta para ajuste adequado\u2022 Constru\u00e7\u00e3o dur\u00e1vel\u2022 Alavanca do garfo e da garra s\u00e3o refor\u00e7adas e condicionadas com tratamento t\u00e9rmico de temperagem\u2022 Revestimentos que atendem aos requisitos especiais para aplica\u00e7\u00f5es diferentes (compat\u00edvel com RoHS). Especifica\u00e7\u00f5es para n\u00famero de [&hellip;]<\/p>\n","protected":false},"featured_media":1129,"comment_status":"open","ping_status":"closed","template":"","meta":{"nf_dc_page":""},"product_brand":[],"product_cat":[20],"product_tag":[],"class_list":{"0":"post-696","1":"product","2":"type-product","3":"status-publish","4":"has-post-thumbnail","6":"product_cat-acessorios","8":"first","9":"instock","10":"shipping-taxable","11":"purchasable","12":"product-type-simple"},"_links":{"self":[{"href":"https:\/\/compemaq.com.br\/pt\/wp-json\/wp\/v2\/product\/696","targetHints":{"allow":["GET"]}}],"collection":[{"href":"https:\/\/compemaq.com.br\/pt\/wp-json\/wp\/v2\/product"}],"about":[{"href":"https:\/\/compemaq.com.br\/pt\/wp-json\/wp\/v2\/types\/product"}],"replies":[{"embeddable":true,"href":"https:\/\/compemaq.com.br\/pt\/wp-json\/wp\/v2\/comments?post=696"}],"wp:featuredmedia":[{"embeddable":true,"href":"https:\/\/compemaq.com.br\/pt\/wp-json\/wp\/v2\/media\/1129"}],"wp:attachment":[{"href":"https:\/\/compemaq.com.br\/pt\/wp-json\/wp\/v2\/media?parent=696"}],"wp:term":[{"taxonomy":"product_brand","embeddable":true,"href":"https:\/\/compemaq.com.br\/pt\/wp-json\/wp\/v2\/product_brand?post=696"},{"taxonomy":"product_cat","embeddable":true,"href":"https:\/\/compemaq.com.br\/pt\/wp-json\/wp\/v2\/product_cat?post=696"},{"taxonomy":"product_tag","embeddable":true,"href":"https:\/\/compemaq.com.br\/pt\/wp-json\/wp\/v2\/product_tag?post=696"}],"curies":[{"name":"wp","href":"https:\/\/api.w.org\/{rel}","templated":true}]}}