{"id":1622,"date":"2026-05-14T18:13:07","date_gmt":"2026-05-14T18:13:07","guid":{"rendered":"https:\/\/compemaq.com.br\/produto\/3e9848-oleo-lubrificante-cat-15w40-20-ltrs\/"},"modified":"2026-05-14T18:17:52","modified_gmt":"2026-05-14T18:17:52","slug":"3e9848-oleo-lubrificante-cat-15w40-20-ltrs","status":"publish","type":"product","link":"https:\/\/compemaq.com.br\/pt\/produto\/3e9848-oleo-lubrificante-cat-15w40-20-ltrs\/","title":{"rendered":"3E9848 OLEO  LUBRIFICANTE CAT. 15W40 &#8211;   20 LTRS"},"content":{"rendered":"<h1 data-secti=\"\" data-start=\"108\" data-end=\"274\">O\u00a0<strong data-start=\"110\" data-end=\"137\">\u00d3leo Caterpillar 3E9848<\/strong>\u00a0\u00e9 um lubrificante original CAT desenvolvido para oferecer\u00a0<strong data-start=\"196\" data-end=\"242\">m\u00e1xima prote\u00e7\u00e3o, desempenho e durabilidade<\/strong>\u00a0aos componentes da sua m\u00e1quina.<\/h1>\n<p>&nbsp;<\/p>\n<p data-start=\"276\" data-end=\"483\">Produzido com tecnologia avan\u00e7ada e aditivos de alta qualidade, proporciona excelente resist\u00eancia ao desgaste, prote\u00e7\u00e3o contra oxida\u00e7\u00e3o e maior efici\u00eancia operacional, mesmo em condi\u00e7\u00f5es severas de trabalho.<\/p>\n<p data-start=\"485\" data-end=\"587\">Ideal para aplica\u00e7\u00f5es em equipamentos pesados Caterpillar que exigem confiabilidade e alto rendimento.<\/p>\n<hr data-start=\"589\" data-end=\"592\" \/>\n<h2 data-secti=\"\" data-start=\"622\" data-end=\"888\">Produto\u00a0<strong data-start=\"632\" data-end=\"675\">100% Original Caterpillar (Genu\u00edno CAT)<\/strong><br data-start=\"675\" data-end=\"678\" \/>Excelente prote\u00e7\u00e3o contra desgaste e corros\u00e3o<br data-start=\"725\" data-end=\"728\" \/>Alta estabilidade t\u00e9rmica<br data-start=\"755\" data-end=\"758\" \/>Reduz atrito entre componentes<br data-start=\"790\" data-end=\"793\" \/>Ajuda a prolongar a vida \u00fatil da m\u00e1quina<br data-start=\"835\" data-end=\"838\" \/>Melhor desempenho e confiabilidade operacional<\/h2>\n<p>&nbsp;<\/p>\n<hr data-start=\"890\" data-end=\"893\" \/>\n<ul>\n<li data-secti=\"\">\n<hr data-start=\"1149\" data-end=\"1152\" \/>\n<h2 data-secti=\"\" data-start=\"1205\" data-end=\"1320\">Lubrificantes originais Caterpillar s\u00e3o desenvolvidos para atender aos rigorosos padr\u00f5es da fabricante, garantindo:<\/h2>\n<p>&nbsp;<\/p>\n<ul data-start=\"1322\" data-end=\"1473\">\n<li data-secti=\"\">\n<p data-start=\"1475\" data-end=\"1568\">O uso do \u00f3leo correto ajuda a evitar desgaste prematuro e aumenta a vida \u00fatil do equipamento.<\/p>\n<hr data-start=\"1570\" data-end=\"1573\" \/>\n<h2 data-secti=\"\" data-start=\"1592\" data-end=\"1691\">Compat\u00edvel com m\u00e1quinas e equipamentos Caterpillar que utilizam a especifica\u00e7\u00e3o do \u00f3leo\u00a0<strong data-start=\"1680\" data-end=\"1690\">3E9848<\/strong>.<\/h2>\n<p>&nbsp;<\/p>\n<p data-start=\"1693\" data-end=\"1800\">Caso tenha d\u00favidas, envie o\u00a0<strong data-start=\"1721\" data-end=\"1761\">modelo ou n\u00famero de s\u00e9rie da m\u00e1quina<\/strong>\u00a0para verificarmos a aplica\u00e7\u00e3o correta.<\/p>\n<hr data-start=\"1802\" data-end=\"1805\" \/>\n<h2 data-secti=\"\"><\/h2>\n<p>&nbsp;<\/p>\n<p data-start=\"1839\" data-end=\"1980\">\u00a0Produto com\u00a0<strong data-start=\"1853\" data-end=\"1868\">Nota Fiscal<\/strong><br data-start=\"1868\" data-end=\"1871\" \/>\u00a0Garantia de proced\u00eancia<br data-start=\"1896\" data-end=\"1899\" \/>\u00a0Envio r\u00e1pido para todo o Brasil<br data-start=\"1932\" data-end=\"1935\" \/>\u00a0Atendimento especializado em linha pesada<\/p>\n<\/li>\n<\/ul>\n<\/li>\n<\/ul>","protected":false},"excerpt":{"rendered":"<p>&lt;h1 data-secti<br \/>\n&lt;h2 data-secti<\/p>\n<p data-start=\"108\" data-end=\"274\">O <strong data-start=\"110\" data-end=\"137\">\u00d3leo Caterpillar 3E9848<\/strong> \u00e9 um lubrificante original CAT desenvolvido para oferecer <strong data-start=\"196\" data-end=\"242\">m\u00e1xima prote\u00e7\u00e3o, desempenho e durabilidade<\/strong> aos componentes da sua m\u00e1quina.<\/p>\n<p data-start=\"276\" data-end=\"483\">Produzido com tecnologia avan\u00e7ada e aditivos de alta qualidade, proporciona excelente resist\u00eancia ao desgaste, prote\u00e7\u00e3o contra oxida\u00e7\u00e3o e maior efici\u00eancia operacional, mesmo em condi\u00e7\u00f5es severas de trabalho.<\/p>\n<p data-start=\"485\" data-end=\"587\">Ideal para aplica\u00e7\u00f5es em equipamentos pesados Caterpillar que exigem confiabilidade e alto rendimento.<\/p>\n<hr data-start=\"589\" data-end=\"592\" \/>\n<p>&lt;h2 data-secti<\/p>\n<p data-start=\"622\" data-end=\"888\">Produto <strong data-start=\"632\" data-end=\"675\">100% Original Caterpillar (Genu\u00edno CAT)<\/strong><br data-start=\"675\" data-end=\"678\" \/>Excelente prote\u00e7\u00e3o contra desgaste e corros\u00e3o<br data-start=\"725\" data-end=\"728\" \/>Alta estabilidade t\u00e9rmica<br data-start=\"755\" data-end=\"758\" \/>Reduz atrito entre componentes<br data-start=\"790\" data-end=\"793\" \/>Ajuda a prolongar a vida \u00fatil da m\u00e1quina<br data-start=\"835\" data-end=\"838\" \/>Melhor desempenho e confiabilidade operacional<\/p>\n<hr data-start=\"890\" data-end=\"893\" \/>\n<p>&lt;h2 data-secti<\/p>\n<ul data-start=\"928\" data-end=\"1147\">\n<li style=\"list-style-type: none\">\n<ul data-start=\"928\" data-end=\"1147\">&lt;li data-secti<\/ul>\n<\/li>\n<\/ul>\n<p>&nbsp;<\/p>\n<ul data-start=\"928\" data-end=\"1147\">\n<li style=\"list-style-type: none\">\n<ul data-start=\"928\" data-end=\"1147\">&lt;li data-secti<\/ul>\n<\/li>\n<\/ul>\n<p>&nbsp;<\/p>\n<ul data-start=\"928\" data-end=\"1147\">\n<li style=\"list-style-type: none\">\n<ul data-start=\"928\" data-end=\"1147\">&lt;li data-secti<\/ul>\n<\/li>\n<\/ul>\n<p>&nbsp;<\/p>\n<ul data-start=\"928\" data-end=\"1147\">\n<li style=\"list-style-type: none\">\n<ul data-start=\"928\" data-end=\"1147\">&lt;li data-secti<\/ul>\n<\/li>\n<\/ul>\n<p>&nbsp;<\/p>\n<ul data-start=\"928\" data-end=\"1147\">\n<li style=\"list-style-type: none\">\n<ul data-start=\"928\" data-end=\"1147\">&lt;li data-secti<\/ul>\n<\/li>\n<\/ul>\n<p>&nbsp;<\/p>\n<ul data-start=\"928\" data-end=\"1147\">&lt;li data-secti<\/ul>\n<hr data-start=\"1149\" data-end=\"1152\" \/>\n<p>&lt;h2 data-secti<\/p>\n<p data-start=\"1205\" data-end=\"1320\">Lubrificantes originais Caterpillar s\u00e3o desenvolvidos para atender aos rigorosos padr\u00f5es da fabricante, garantindo:<\/p>\n<ul data-start=\"1322\" data-end=\"1473\">\n<li style=\"list-style-type: none\">\n<ul data-start=\"1322\" data-end=\"1473\">&lt;li data-secti<\/ul>\n<\/li>\n<\/ul>\n<p>&nbsp;<\/p>\n<ul data-start=\"1322\" data-end=\"1473\">\n<li style=\"list-style-type: none\">\n<ul data-start=\"1322\" data-end=\"1473\">&lt;li data-secti<\/ul>\n<\/li>\n<\/ul>\n<p>&nbsp;<\/p>\n<ul data-start=\"1322\" data-end=\"1473\">\n<li style=\"list-style-type: none\">\n<ul data-start=\"1322\" data-end=\"1473\">&lt;li data-secti<\/ul>\n<\/li>\n<\/ul>\n<p>&nbsp;<\/p>\n<ul data-start=\"1322\" data-end=\"1473\">&lt;li data-secti<\/ul>\n<p data-start=\"1475\" data-end=\"1568\">O uso do \u00f3leo correto ajuda a evitar desgaste prematuro e aumenta a vida \u00fatil do equipamento.<\/p>\n<hr data-start=\"1570\" data-end=\"1573\" \/>\n<p>&lt;h2 data-secti<\/p>\n<p data-start=\"1592\" data-end=\"1691\">Compat\u00edvel com m\u00e1quinas e equipamentos Caterpillar que utilizam a especifica\u00e7\u00e3o do \u00f3leo <strong data-start=\"1680\" data-end=\"1690\">3E9848<\/strong>.<\/p>\n<p data-start=\"1693\" data-end=\"1800\">Caso tenha d\u00favidas, envie o <strong data-start=\"1721\" data-end=\"1761\">modelo ou n\u00famero de s\u00e9rie da m\u00e1quina<\/strong> para verificarmos a aplica\u00e7\u00e3o correta.<\/p>\n<hr data-start=\"1802\" data-end=\"1805\" \/>\n<p>&lt;h2 data-secti<\/p>\n<p data-start=\"1839\" data-end=\"1980\">\u00a0Produto com <strong data-start=\"1853\" data-end=\"1868\">Nota Fiscal<\/strong><br data-start=\"1868\" data-end=\"1871\" \/>\u00a0Garantia de proced\u00eancia<br data-start=\"1896\" data-end=\"1899\" \/>\u00a0Envio r\u00e1pido para todo o Brasil<br data-start=\"1932\" data-end=\"1935\" \/>\u00a0Atendimento especializado em linha pesada<\/p>","protected":false},"featured_media":1625,"comment_status":"open","ping_status":"closed","template":"","meta":{"nf_dc_page":""},"product_brand":[58],"product_cat":[72],"product_tag":[],"class_list":{"0":"post-1622","1":"product","2":"type-product","3":"status-publish","4":"has-post-thumbnail","6":"product_brand-caterpillar","7":"product_cat-filtros-e-fluidos","9":"first","10":"instock","11":"shipping-taxable","12":"purchasable","13":"product-type-simple"},"_links":{"self":[{"href":"https:\/\/compemaq.com.br\/pt\/wp-json\/wp\/v2\/product\/1622","targetHints":{"allow":["GET"]}}],"collection":[{"href":"https:\/\/compemaq.com.br\/pt\/wp-json\/wp\/v2\/product"}],"about":[{"href":"https:\/\/compemaq.com.br\/pt\/wp-json\/wp\/v2\/types\/product"}],"replies":[{"embeddable":true,"href":"https:\/\/compemaq.com.br\/pt\/wp-json\/wp\/v2\/comments?post=1622"}],"wp:featuredmedia":[{"embeddable":true,"href":"https:\/\/compemaq.com.br\/pt\/wp-json\/wp\/v2\/media\/1625"}],"wp:attachment":[{"href":"https:\/\/compemaq.com.br\/pt\/wp-json\/wp\/v2\/media?parent=1622"}],"wp:term":[{"taxonomy":"product_brand","embeddable":true,"href":"https:\/\/compemaq.com.br\/pt\/wp-json\/wp\/v2\/product_brand?post=1622"},{"taxonomy":"product_cat","embeddable":true,"href":"https:\/\/compemaq.com.br\/pt\/wp-json\/wp\/v2\/product_cat?post=1622"},{"taxonomy":"product_tag","embeddable":true,"href":"https:\/\/compemaq.com.br\/pt\/wp-json\/wp\/v2\/product_tag?post=1622"}],"curies":[{"name":"wp","href":"https:\/\/api.w.org\/{rel}","templated":true}]}}