{"id":1614,"date":"2026-04-06T12:05:59","date_gmt":"2026-04-06T12:05:59","guid":{"rendered":"https:\/\/compemaq.com.br\/produto\/2720388-junta\/"},"modified":"2026-04-06T12:11:56","modified_gmt":"2026-04-06T12:11:56","slug":"2720388-junta","status":"publish","type":"product","link":"https:\/\/compemaq.com.br\/pt\/produto\/2720388-junta\/","title":{"rendered":"2720388- JUNTA"},"content":{"rendered":"<h1 data-secti=\"\" data-start=\"245\" data-end=\"397\">A\u00a0<strong data-start=\"247\" data-end=\"276\">Junta Caterpillar 2720388<\/strong>\u00a0\u00e9 uma pe\u00e7a original CAT desenvolvida para garantir\u00a0<strong data-start=\"328\" data-end=\"364\">veda\u00e7\u00e3o eficiente e durabilidade<\/strong>\u00a0em sistemas de m\u00e1quinas pesadas.<\/h1>\n<p>&nbsp;<\/p>\n<p data-start=\"399\" data-end=\"630\">Fabricada com materiais de alta qualidade e seguindo os rigorosos padr\u00f5es da Caterpillar, essa junta proporciona\u00a0<strong data-start=\"512\" data-end=\"556\">encaixe preciso, resist\u00eancia e seguran\u00e7a<\/strong>, evitando vazamentos e garantindo o funcionamento correto do equipamento.<\/p>\n<hr data-start=\"632\" data-end=\"635\" \/>\n<h2 data-secti=\"\" data-start=\"665\" data-end=\"908\">Produto\u00a0<strong data-start=\"675\" data-end=\"718\">100% Original Caterpillar (Genu\u00edno CAT)<\/strong><br data-start=\"718\" data-end=\"721\" \/>Veda\u00e7\u00e3o eficiente contra vazamentos<br data-start=\"758\" data-end=\"761\" \/>Alta resist\u00eancia a temperatura e press\u00e3o<br data-start=\"803\" data-end=\"806\" \/>Encaixe perfeito e f\u00e1cil instala\u00e7\u00e3o<br data-start=\"843\" data-end=\"846\" \/>Maior durabilidade<br data-start=\"866\" data-end=\"869\" \/>Mant\u00e9m o padr\u00e3o original da m\u00e1quina<\/h2>\n<p>&nbsp;<\/p>\n<hr data-start=\"910\" data-end=\"913\" \/>\n<ul>\n<li data-secti=\"\">\n<hr data-start=\"1148\" data-end=\"1151\" \/>\n<h2 data-secti=\"\" data-start=\"1190\" data-end=\"1313\">A junta \u00e9 respons\u00e1vel por garantir a veda\u00e7\u00e3o entre componentes, evitando vazamentos de \u00f3leo, combust\u00edvel ou outros fluidos.<\/h2>\n<p>&nbsp;<\/p>\n<p data-start=\"1315\" data-end=\"1373\">Utilizar a\u00a0<strong data-start=\"1326\" data-end=\"1364\">Junta Caterpillar Original 2720388<\/strong>\u00a0garante:<\/p>\n<ul data-start=\"1375\" data-end=\"1519\">\n<li data-secti=\"\">\n<hr data-start=\"1521\" data-end=\"1524\" \/>\n<h2 data-secti=\"\" data-start=\"1543\" data-end=\"1628\">Compat\u00edvel com m\u00e1quinas e equipamentos Caterpillar que utilizam o c\u00f3digo\u00a0<strong data-start=\"1616\" data-end=\"1627\">2720388<\/strong>.<\/h2>\n<p>&nbsp;<\/p>\n<p data-start=\"1630\" data-end=\"1725\">Caso tenha d\u00favidas, envie o\u00a0<strong data-start=\"1658\" data-end=\"1688\">n\u00famero de s\u00e9rie da m\u00e1quina<\/strong>\u00a0para confirmarmos a compatibilidade.<\/p>\n<hr data-start=\"1727\" data-end=\"1730\" \/>\n<h2 data-secti=\"\" data-start=\"1764\" data-end=\"1909\">Produto com\u00a0<strong data-start=\"1778\" data-end=\"1793\">Nota Fiscal<\/strong><br data-start=\"1793\" data-end=\"1796\" \/><strong data-start=\"1798\" data-end=\"1825\">Garantia de proced\u00eancia<\/strong><br data-start=\"1825\" data-end=\"1828\" \/>Envio r\u00e1pido para todo o Brasil<br data-start=\"1861\" data-end=\"1864\" \/>Atendimento especializado em linha pesada<\/h2>\n<p>&nbsp;<\/li>\n<\/ul>\n<\/li>\n<\/ul>","protected":false},"excerpt":{"rendered":"<p>&lt;h1 data-secti<br \/>\n&lt;h2 data-secti<\/p>\n<p data-start=\"245\" data-end=\"397\">A <strong data-start=\"247\" data-end=\"276\">Junta Caterpillar 2720388<\/strong> \u00e9 uma pe\u00e7a original CAT desenvolvida para garantir <strong data-start=\"328\" data-end=\"364\">veda\u00e7\u00e3o eficiente e durabilidade<\/strong> em sistemas de m\u00e1quinas pesadas.<\/p>\n<p data-start=\"399\" data-end=\"630\">Fabricada com materiais de alta qualidade e seguindo os rigorosos padr\u00f5es da Caterpillar, essa junta proporciona <strong data-start=\"512\" data-end=\"556\">encaixe preciso, resist\u00eancia e seguran\u00e7a<\/strong>, evitando vazamentos e garantindo o funcionamento correto do equipamento.<\/p>\n<hr data-start=\"632\" data-end=\"635\" \/>\n<p>&lt;h2 data-secti<\/p>\n<p data-start=\"665\" data-end=\"908\">Produto <strong data-start=\"675\" data-end=\"718\">100% Original Caterpillar (Genu\u00edno CAT)<\/strong><br data-start=\"718\" data-end=\"721\" \/>Veda\u00e7\u00e3o eficiente contra vazamentos<br data-start=\"758\" data-end=\"761\" \/>Alta resist\u00eancia a temperatura e press\u00e3o<br data-start=\"803\" data-end=\"806\" \/>Encaixe perfeito e f\u00e1cil instala\u00e7\u00e3o<br data-start=\"843\" data-end=\"846\" \/>Maior durabilidade<br data-start=\"866\" data-end=\"869\" \/>Mant\u00e9m o padr\u00e3o original da m\u00e1quina<\/p>\n<hr data-start=\"910\" data-end=\"913\" \/>\n<p>&lt;h2 data-secti<\/p>\n<ul data-start=\"948\" data-end=\"1146\">\n<li style=\"list-style-type: none\">\n<ul data-start=\"948\" data-end=\"1146\">&lt;li data-secti<\/ul>\n<\/li>\n<\/ul>\n<p>&nbsp;<\/p>\n<ul data-start=\"948\" data-end=\"1146\">\n<li style=\"list-style-type: none\">\n<ul data-start=\"948\" data-end=\"1146\">&lt;li data-secti<\/ul>\n<\/li>\n<\/ul>\n<p>&nbsp;<\/p>\n<ul data-start=\"948\" data-end=\"1146\">\n<li style=\"list-style-type: none\">\n<ul data-start=\"948\" data-end=\"1146\">&lt;li data-secti<\/ul>\n<\/li>\n<\/ul>\n<p>&nbsp;<\/p>\n<ul data-start=\"948\" data-end=\"1146\">\n<li style=\"list-style-type: none\">\n<ul data-start=\"948\" data-end=\"1146\">&lt;li data-secti<\/ul>\n<\/li>\n<\/ul>\n<p>&nbsp;<\/p>\n<ul data-start=\"948\" data-end=\"1146\">\n<li style=\"list-style-type: none\">\n<ul data-start=\"948\" data-end=\"1146\">&lt;li data-secti<\/ul>\n<\/li>\n<\/ul>\n<p>&nbsp;<\/p>\n<ul data-start=\"948\" data-end=\"1146\">&lt;li data-secti<\/ul>\n<hr data-start=\"1148\" data-end=\"1151\" \/>\n<p>&lt;h2 data-secti<\/p>\n<p data-start=\"1190\" data-end=\"1313\">A junta \u00e9 respons\u00e1vel por garantir a veda\u00e7\u00e3o entre componentes, evitando vazamentos de \u00f3leo, combust\u00edvel ou outros fluidos.<\/p>\n<p data-start=\"1315\" data-end=\"1373\">Utilizar a <strong data-start=\"1326\" data-end=\"1364\">Junta Caterpillar Original 2720388<\/strong> garante:<\/p>\n<ul data-start=\"1375\" data-end=\"1519\">\n<li style=\"list-style-type: none\">\n<ul data-start=\"1375\" data-end=\"1519\">&lt;li data-secti<\/ul>\n<\/li>\n<\/ul>\n<p>&nbsp;<\/p>\n<ul data-start=\"1375\" data-end=\"1519\">\n<li style=\"list-style-type: none\">\n<ul data-start=\"1375\" data-end=\"1519\">&lt;li data-secti<\/ul>\n<\/li>\n<\/ul>\n<p>&nbsp;<\/p>\n<ul data-start=\"1375\" data-end=\"1519\">\n<li style=\"list-style-type: none\">\n<ul data-start=\"1375\" data-end=\"1519\">&lt;li data-secti<\/ul>\n<\/li>\n<\/ul>\n<p>&nbsp;<\/p>\n<ul data-start=\"1375\" data-end=\"1519\">&lt;li data-secti<\/ul>\n<hr data-start=\"1521\" data-end=\"1524\" \/>\n<p>&lt;h2 data-secti<\/p>\n<p data-start=\"1543\" data-end=\"1628\">Compat\u00edvel com m\u00e1quinas e equipamentos Caterpillar que utilizam o c\u00f3digo <strong data-start=\"1616\" data-end=\"1627\">2720388<\/strong>.<\/p>\n<p data-start=\"1630\" data-end=\"1725\">Caso tenha d\u00favidas, envie o <strong data-start=\"1658\" data-end=\"1688\">n\u00famero de s\u00e9rie da m\u00e1quina<\/strong> para confirmarmos a compatibilidade.<\/p>\n<hr data-start=\"1727\" data-end=\"1730\" \/>\n<p>&lt;h2 data-secti<\/p>\n<p data-start=\"1764\" data-end=\"1909\">Produto com <strong data-start=\"1778\" data-end=\"1793\">Nota Fiscal<\/strong><br data-start=\"1793\" data-end=\"1796\" \/><strong data-start=\"1798\" data-end=\"1825\">Garantia de proced\u00eancia<\/strong><br data-start=\"1825\" data-end=\"1828\" \/>Envio r\u00e1pido para todo o Brasil<br data-start=\"1861\" data-end=\"1864\" \/>Atendimento especializado em linha pesada<\/p>\n<hr data-start=\"1911\" data-end=\"1914\" \/>\n<p>&lt;h3 data-secti<\/p>","protected":false},"featured_media":1615,"comment_status":"open","ping_status":"closed","template":"","meta":{"nf_dc_page":""},"product_brand":[58],"product_cat":[33],"product_tag":[],"class_list":{"0":"post-1614","1":"product","2":"type-product","3":"status-publish","4":"has-post-thumbnail","6":"product_brand-caterpillar","7":"product_cat-motor","9":"first","10":"instock","11":"shipping-taxable","12":"purchasable","13":"product-type-simple"},"_links":{"self":[{"href":"https:\/\/compemaq.com.br\/pt\/wp-json\/wp\/v2\/product\/1614","targetHints":{"allow":["GET"]}}],"collection":[{"href":"https:\/\/compemaq.com.br\/pt\/wp-json\/wp\/v2\/product"}],"about":[{"href":"https:\/\/compemaq.com.br\/pt\/wp-json\/wp\/v2\/types\/product"}],"replies":[{"embeddable":true,"href":"https:\/\/compemaq.com.br\/pt\/wp-json\/wp\/v2\/comments?post=1614"}],"wp:featuredmedia":[{"embeddable":true,"href":"https:\/\/compemaq.com.br\/pt\/wp-json\/wp\/v2\/media\/1615"}],"wp:attachment":[{"href":"https:\/\/compemaq.com.br\/pt\/wp-json\/wp\/v2\/media?parent=1614"}],"wp:term":[{"taxonomy":"product_brand","embeddable":true,"href":"https:\/\/compemaq.com.br\/pt\/wp-json\/wp\/v2\/product_brand?post=1614"},{"taxonomy":"product_cat","embeddable":true,"href":"https:\/\/compemaq.com.br\/pt\/wp-json\/wp\/v2\/product_cat?post=1614"},{"taxonomy":"product_tag","embeddable":true,"href":"https:\/\/compemaq.com.br\/pt\/wp-json\/wp\/v2\/product_tag?post=1614"}],"curies":[{"name":"wp","href":"https:\/\/api.w.org\/{rel}","templated":true}]}}