{"id":1591,"date":"2026-03-17T18:29:43","date_gmt":"2026-03-17T18:29:43","guid":{"rendered":"https:\/\/compemaq.com.br\/produto\/3507735-kit-filtro\/"},"modified":"2026-03-17T19:00:16","modified_gmt":"2026-03-17T19:00:16","slug":"3507735-kit-filtro","status":"publish","type":"product","link":"https:\/\/compemaq.com.br\/pt\/produto\/3507735-kit-filtro\/","title":{"rendered":"3507735- KIT FILTRO"},"content":{"rendered":"<h1 data-secti=\"\" data-start=\"243\" data-end=\"487\">O\u00a0<strong data-start=\"245\" data-end=\"275\">Filtro Caterpillar 3507735<\/strong>\u00a0\u00e9 uma pe\u00e7a original CAT desenvolvida para garantir\u00a0<strong data-start=\"327\" data-end=\"385\">filtragem eficiente e prote\u00e7\u00e3o dos sistemas da m\u00e1quina<\/strong>, evitando a entrada de impurezas que podem comprometer o desempenho e a durabilidade dos componentes.<\/h1>\n<p>&nbsp;<\/p>\n<p data-start=\"489\" data-end=\"652\">Produzido com materiais de alta qualidade e seguindo os padr\u00f5es rigorosos da Caterpillar, esse filtro oferece\u00a0<strong data-start=\"599\" data-end=\"651\">m\u00e1xima confiabilidade mesmo em opera\u00e7\u00f5es severas<\/strong>.<\/p>\n<hr data-start=\"654\" data-end=\"657\" \/>\n<h2 data-secti=\"\" data-start=\"687\" data-end=\"950\">Produto\u00a0<strong data-start=\"697\" data-end=\"740\">100% Original Caterpillar (Genu\u00edno CAT)<\/strong><br data-start=\"740\" data-end=\"743\" \/>Alta efici\u00eancia na reten\u00e7\u00e3o de contaminantes<br data-start=\"789\" data-end=\"792\" \/>Protege componentes contra desgaste prematuro<br data-start=\"839\" data-end=\"842\" \/>Mant\u00e9m o desempenho ideal da m\u00e1quina<br data-start=\"880\" data-end=\"883\" \/>Reduz falhas e custos com manuten\u00e7\u00e3o<br data-start=\"921\" data-end=\"924\" \/>Excelente durabilidade<\/h2>\n<p>&nbsp;<\/p>\n<hr data-start=\"952\" data-end=\"955\" \/>\n<ul>\n<li data-secti=\"\" data-start=\"992\" data-end=\"1021\"><strong data-start=\"992\" data-end=\"1011\">C\u00f3digo da Pe\u00e7a:<\/strong>\u00a03507735<\/li>\n<li data-secti=\"\" data-start=\"1024\" data-end=\"1045\"><strong data-start=\"1024\" data-end=\"1036\">Produto:<\/strong>\u00a0Filtro<\/li>\n<li data-secti=\"\" data-start=\"1048\" data-end=\"1072\"><strong data-start=\"1048\" data-end=\"1058\">Marca:<\/strong>\u00a0Caterpillar<\/li>\n<li data-secti=\"\" data-start=\"1075\" data-end=\"1095\"><strong data-start=\"1075\" data-end=\"1088\">Condi\u00e7\u00e3o:<\/strong>\u00a0Novo<\/li>\n<li data-secti=\"\" data-start=\"1098\" data-end=\"1142\"><strong data-start=\"1098\" data-end=\"1112\">Categoria:<\/strong>\u00a0Pe\u00e7as para M\u00e1quinas Pesadas<\/li>\n<li data-secti=\"\" data-start=\"1145\" data-end=\"1189\"><strong data-start=\"1145\" data-end=\"1156\">Origem:<\/strong>\u00a0Produto Original \/ Genu\u00edno CAT<\/li>\n<\/ul>\n<hr data-start=\"1191\" data-end=\"1194\" \/>\n<h2 data-secti=\"\" data-start=\"1234\" data-end=\"1371\">A utiliza\u00e7\u00e3o de filtros de qualidade \u00e9 essencial para garantir o bom funcionamento da m\u00e1quina. O filtro original Caterpillar proporciona:<\/h2>\n<p>&nbsp;<\/p>\n<ul data-start=\"1373\" data-end=\"1512\">\n<li data-secti=\"\" data-start=\"1375\" data-end=\"1408\">Maior vida \u00fatil dos componentes<\/li>\n<li data-secti=\"\" data-start=\"1411\" data-end=\"1442\">Melhor desempenho operacional<\/li>\n<li data-secti=\"\" data-start=\"1445\" data-end=\"1480\">Redu\u00e7\u00e3o de paradas n\u00e3o planejadas<\/li>\n<li data-secti=\"\" data-start=\"1483\" data-end=\"1512\">Maior seguran\u00e7a no trabalho<\/li>\n<\/ul>\n<hr data-start=\"1514\" data-end=\"1517\" \/>\n<h2 data-secti=\"\" data-start=\"1536\" data-end=\"1621\">Compat\u00edvel com m\u00e1quinas e equipamentos Caterpillar que utilizam o c\u00f3digo\u00a0<strong data-start=\"1609\" data-end=\"1620\">3507735<\/strong>.<\/h2>\n<p>&nbsp;<\/p>\n<p data-start=\"1623\" data-end=\"1718\">Caso tenha d\u00favidas, envie o\u00a0<strong data-start=\"1651\" data-end=\"1681\">n\u00famero de s\u00e9rie da m\u00e1quina<\/strong>\u00a0para confirmarmos a compatibilidade.<\/p>\n<hr data-start=\"1720\" data-end=\"1723\" \/>\n<h2 data-secti=\"\" data-start=\"1757\" data-end=\"1913\">Produto com\u00a0<strong data-start=\"1771\" data-end=\"1786\">Nota Fiscal<\/strong><br data-start=\"1786\" data-end=\"1789\" \/><strong data-start=\"1791\" data-end=\"1818\">Garantia de proced\u00eancia<\/strong><br data-start=\"1818\" data-end=\"1821\" \/>Envio r\u00e1pido para todo o Brasil<br data-start=\"1854\" data-end=\"1857\" \/>Atendimento especializado em pe\u00e7as para linha pesada<\/h2>\n<p>&nbsp;<\/p>","protected":false},"excerpt":{"rendered":"<h1 data-secti=\"\" data-start=\"243\" data-end=\"487\">O <strong data-start=\"245\" data-end=\"275\">Filtro Caterpillar 3507735<\/strong> \u00e9 uma pe\u00e7a original CAT desenvolvida para garantir <strong data-start=\"327\" data-end=\"385\">filtragem eficiente e prote\u00e7\u00e3o dos sistemas da m\u00e1quina<\/strong>, evitando a entrada de impurezas que podem comprometer o desempenho e a durabilidade dos componentes.<\/h1>\n<p data-start=\"489\" data-end=\"652\">Produzido com materiais de alta qualidade e seguindo os padr\u00f5es rigorosos da Caterpillar, esse filtro oferece <strong data-start=\"599\" data-end=\"651\">m\u00e1xima confiabilidade mesmo em opera\u00e7\u00f5es severas<\/strong>.<\/p>\n<hr data-start=\"654\" data-end=\"657\" \/>\n<h2 data-secti=\"\" data-start=\"687\" data-end=\"950\">Produto <strong data-start=\"697\" data-end=\"740\">100% Original Caterpillar (Genu\u00edno CAT)<\/strong><br data-start=\"740\" data-end=\"743\" \/>Alta efici\u00eancia na reten\u00e7\u00e3o de contaminantes<br data-start=\"789\" data-end=\"792\" \/>Protege componentes contra desgaste prematuro<br data-start=\"839\" data-end=\"842\" \/>Mant\u00e9m o desempenho ideal da m\u00e1quina<br data-start=\"880\" data-end=\"883\" \/>Reduz falhas e custos com manuten\u00e7\u00e3o<br data-start=\"921\" data-end=\"924\" \/>Excelente durabilidade<\/h2>\n<hr data-start=\"952\" data-end=\"955\" \/>\n<ul>\n<li data-secti=\"\" data-start=\"992\" data-end=\"1021\"><strong data-start=\"992\" data-end=\"1011\">C\u00f3digo da Pe\u00e7a:<\/strong> 3507735<\/li>\n<li data-secti=\"\" data-start=\"1024\" data-end=\"1045\"><strong data-start=\"1024\" data-end=\"1036\">Produto:<\/strong> Filtro<\/li>\n<li data-secti=\"\" data-start=\"1048\" data-end=\"1072\"><strong data-start=\"1048\" data-end=\"1058\">Marca:<\/strong> Caterpillar<\/li>\n<li data-secti=\"\" data-start=\"1075\" data-end=\"1095\"><strong data-start=\"1075\" data-end=\"1088\">Condi\u00e7\u00e3o:<\/strong> Novo<\/li>\n<li data-secti=\"\" data-start=\"1098\" data-end=\"1142\"><strong data-start=\"1098\" data-end=\"1112\">Categoria:<\/strong> Pe\u00e7as para M\u00e1quinas Pesadas<\/li>\n<li data-secti=\"\" data-start=\"1145\" data-end=\"1189\"><strong data-start=\"1145\" data-end=\"1156\">Origem:<\/strong> Produto Original \/ Genu\u00edno CAT<\/li>\n<\/ul>\n<hr data-start=\"1191\" data-end=\"1194\" \/>\n<h2 data-secti=\"\" data-start=\"1234\" data-end=\"1371\">A utiliza\u00e7\u00e3o de filtros de qualidade \u00e9 essencial para garantir o bom funcionamento da m\u00e1quina. O filtro original Caterpillar proporciona:<\/h2>\n<ul data-start=\"1373\" data-end=\"1512\">\n<li data-secti=\"\" data-start=\"1375\" data-end=\"1408\">Maior vida \u00fatil dos componentes<\/li>\n<li data-secti=\"\" data-start=\"1411\" data-end=\"1442\">Melhor desempenho operacional<\/li>\n<li data-secti=\"\" data-start=\"1445\" data-end=\"1480\">Redu\u00e7\u00e3o de paradas n\u00e3o planejadas<\/li>\n<li data-secti=\"\" data-start=\"1483\" data-end=\"1512\">Maior seguran\u00e7a no trabalho<\/li>\n<\/ul>\n<hr data-start=\"1514\" data-end=\"1517\" \/>\n<h2 data-secti=\"\" data-start=\"1536\" data-end=\"1621\">Compat\u00edvel com m\u00e1quinas e equipamentos Caterpillar que utilizam o c\u00f3digo <strong data-start=\"1609\" data-end=\"1620\">3507735<\/strong>.<\/h2>\n<p data-start=\"1623\" data-end=\"1718\">Caso tenha d\u00favidas, envie o <strong data-start=\"1651\" data-end=\"1681\">n\u00famero de s\u00e9rie da m\u00e1quina<\/strong> para confirmarmos a compatibilidade.<\/p>\n<hr data-start=\"1720\" data-end=\"1723\" \/>\n<h2 data-secti=\"\" data-start=\"1757\" data-end=\"1913\">Produto com <strong data-start=\"1771\" data-end=\"1786\">Nota Fiscal<\/strong><br data-start=\"1786\" data-end=\"1789\" \/><strong data-start=\"1791\" data-end=\"1818\">Garantia de proced\u00eancia<\/strong><br data-start=\"1818\" data-end=\"1821\" \/>Envio r\u00e1pido para todo o Brasil<br data-start=\"1854\" data-end=\"1857\" \/>Atendimento especializado em pe\u00e7as para linha pesada<\/h2>","protected":false},"featured_media":1596,"comment_status":"open","ping_status":"closed","template":"","meta":{"nf_dc_page":""},"product_brand":[58],"product_cat":[72],"product_tag":[],"class_list":{"0":"post-1591","1":"product","2":"type-product","3":"status-publish","4":"has-post-thumbnail","6":"product_brand-caterpillar","7":"product_cat-filtros-e-fluidos","9":"first","10":"instock","11":"shipping-taxable","12":"purchasable","13":"product-type-simple"},"_links":{"self":[{"href":"https:\/\/compemaq.com.br\/pt\/wp-json\/wp\/v2\/product\/1591","targetHints":{"allow":["GET"]}}],"collection":[{"href":"https:\/\/compemaq.com.br\/pt\/wp-json\/wp\/v2\/product"}],"about":[{"href":"https:\/\/compemaq.com.br\/pt\/wp-json\/wp\/v2\/types\/product"}],"replies":[{"embeddable":true,"href":"https:\/\/compemaq.com.br\/pt\/wp-json\/wp\/v2\/comments?post=1591"}],"wp:featuredmedia":[{"embeddable":true,"href":"https:\/\/compemaq.com.br\/pt\/wp-json\/wp\/v2\/media\/1596"}],"wp:attachment":[{"href":"https:\/\/compemaq.com.br\/pt\/wp-json\/wp\/v2\/media?parent=1591"}],"wp:term":[{"taxonomy":"product_brand","embeddable":true,"href":"https:\/\/compemaq.com.br\/pt\/wp-json\/wp\/v2\/product_brand?post=1591"},{"taxonomy":"product_cat","embeddable":true,"href":"https:\/\/compemaq.com.br\/pt\/wp-json\/wp\/v2\/product_cat?post=1591"},{"taxonomy":"product_tag","embeddable":true,"href":"https:\/\/compemaq.com.br\/pt\/wp-json\/wp\/v2\/product_tag?post=1591"}],"curies":[{"name":"wp","href":"https:\/\/api.w.org\/{rel}","templated":true}]}}