{"id":1586,"date":"2026-03-17T17:44:03","date_gmt":"2026-03-17T17:44:03","guid":{"rendered":"https:\/\/compemaq.com.br\/produto\/9x2205-filtro\/"},"modified":"2026-03-17T18:17:35","modified_gmt":"2026-03-17T18:17:35","slug":"9x2205-filtro","status":"publish","type":"product","link":"https:\/\/compemaq.com.br\/pt\/produto\/9x2205-filtro\/","title":{"rendered":"9X2205- FILTRO"},"content":{"rendered":"<h1 data-secti=\"\" data-start=\"233\" data-end=\"423\">O\u00a0<strong data-start=\"235\" data-end=\"264\">Filtro Caterpillar 9X2205<\/strong>\u00a0\u00e9 uma pe\u00e7a original CAT desenvolvida para garantir\u00a0<strong data-start=\"316\" data-end=\"350\">m\u00e1xima efici\u00eancia na filtragem<\/strong>, protegendo os sistemas da sua m\u00e1quina contra impurezas e contaminantes.<\/h1>\n<p>&nbsp;<\/p>\n<p data-start=\"425\" data-end=\"598\">Fabricado com os rigorosos padr\u00f5es de qualidade da Caterpillar, este filtro proporciona\u00a0<strong data-start=\"513\" data-end=\"569\">alto desempenho, maior durabilidade e confiabilidade<\/strong>, mesmo em opera\u00e7\u00f5es severas.<\/p>\n<hr data-start=\"600\" data-end=\"603\" \/>\n<h2 data-secti=\"\" data-start=\"633\" data-end=\"880\">Produto\u00a0<strong data-start=\"643\" data-end=\"686\">100% Original Caterpillar (Genu\u00edno CAT)<\/strong><br data-start=\"686\" data-end=\"689\" \/>Alta efici\u00eancia na filtragem<br data-start=\"719\" data-end=\"722\" \/>Protege componentes contra desgaste prematuro<br data-start=\"769\" data-end=\"772\" \/>Mant\u00e9m o desempenho ideal da m\u00e1quina<br data-start=\"810\" data-end=\"813\" \/>Reduz falhas e custos com manuten\u00e7\u00e3o<br data-start=\"851\" data-end=\"854\" \/>Excelente durabilidade<\/h2>\n<p>&nbsp;<\/p>\n<hr data-start=\"882\" data-end=\"885\" \/>\n<ul>\n<li data-secti=\"\" data-start=\"922\" data-end=\"950\"><strong data-start=\"922\" data-end=\"941\">C\u00f3digo da Pe\u00e7a:<\/strong>\u00a09X2205<\/li>\n<li data-secti=\"\" data-start=\"953\" data-end=\"974\"><strong data-start=\"953\" data-end=\"965\">Produto:<\/strong>\u00a0Filtro<\/li>\n<li data-secti=\"\" data-start=\"977\" data-end=\"1001\"><strong data-start=\"977\" data-end=\"987\">Marca:<\/strong>\u00a0Caterpillar<\/li>\n<li data-secti=\"\" data-start=\"1004\" data-end=\"1024\"><strong data-start=\"1004\" data-end=\"1017\">Condi\u00e7\u00e3o:<\/strong>\u00a0Novo<\/li>\n<li data-secti=\"\" data-start=\"1027\" data-end=\"1071\"><strong data-start=\"1027\" data-end=\"1041\">Categoria:<\/strong>\u00a0Pe\u00e7as para M\u00e1quinas Pesadas<\/li>\n<li data-secti=\"\" data-start=\"1074\" data-end=\"1118\"><strong data-start=\"1074\" data-end=\"1085\">Origem:<\/strong>\u00a0Produto Original \/ Genu\u00edno CAT<\/li>\n<\/ul>\n<hr data-start=\"1120\" data-end=\"1123\" \/>\n<h2 data-secti=\"\" data-start=\"1163\" data-end=\"1282\">Filtros s\u00e3o fundamentais para manter o bom funcionamento dos sistemas da m\u00e1quina. Utilizar um produto original garante:<\/h2>\n<p>&nbsp;<\/p>\n<ul data-start=\"1284\" data-end=\"1435\">\n<li data-secti=\"\" data-start=\"1286\" data-end=\"1319\">Maior vida \u00fatil dos componentes<\/li>\n<li data-secti=\"\" data-start=\"1322\" data-end=\"1353\">Melhor desempenho operacional<\/li>\n<li data-secti=\"\" data-start=\"1356\" data-end=\"1392\">Redu\u00e7\u00e3o de paradas n\u00e3o programadas<\/li>\n<li data-secti=\"\" data-start=\"1395\" data-end=\"1435\">Seguran\u00e7a e confiabilidade no trabalho<\/li>\n<\/ul>\n<hr data-start=\"1437\" data-end=\"1440\" \/>\n<h2 data-secti=\"\" data-start=\"1459\" data-end=\"1543\">Compat\u00edvel com m\u00e1quinas e equipamentos Caterpillar que utilizam o c\u00f3digo\u00a0<strong data-start=\"1532\" data-end=\"1542\">9X2205<\/strong>.<\/h2>\n<p>&nbsp;<\/p>\n<p data-start=\"1545\" data-end=\"1642\">Caso tenha d\u00favidas, envie o\u00a0<strong data-start=\"1573\" data-end=\"1603\">n\u00famero de s\u00e9rie da m\u00e1quina<\/strong>\u00a0para confirmarmos a aplica\u00e7\u00e3o correta.<\/p>\n<hr data-start=\"1644\" data-end=\"1647\" \/>\n<h2 data-secti=\"\" data-start=\"1681\" data-end=\"1837\">Produto com\u00a0<strong data-start=\"1695\" data-end=\"1710\">Nota Fiscal<\/strong><br data-start=\"1710\" data-end=\"1713\" \/><strong data-start=\"1715\" data-end=\"1742\">Garantia de proced\u00eancia<\/strong><br data-start=\"1742\" data-end=\"1745\" \/>Envio r\u00e1pido para todo o Brasil<\/h2>\n<p>&nbsp;<\/p>\n<p data-start=\"1681\" data-end=\"1837\">Atendimento especializado em pe\u00e7as para linha pesada<\/p>","protected":false},"excerpt":{"rendered":"<p>&nbsp;<\/p>\n<p data-start=\"233\" data-end=\"423\">O <strong data-start=\"235\" data-end=\"264\">Filtro Caterpillar 9X2205<\/strong> \u00e9 uma pe\u00e7a original CAT desenvolvida para garantir <strong data-start=\"316\" data-end=\"350\">m\u00e1xima efici\u00eancia na filtragem<\/strong>, protegendo os sistemas da sua m\u00e1quina contra impurezas e contaminantes.<\/p>\n<p data-start=\"425\" data-end=\"598\">Fabricado com os rigorosos padr\u00f5es de qualidade da Caterpillar, este filtro proporciona <strong data-start=\"513\" data-end=\"569\">alto desempenho, maior durabilidade e confiabilidade<\/strong>, mesmo em opera\u00e7\u00f5es severas.<\/p>\n<hr data-start=\"600\" data-end=\"603\" \/>\n<p>&nbsp;<\/p>\n<p data-start=\"633\" data-end=\"880\">Produto <strong data-start=\"643\" data-end=\"686\">100% Original Caterpillar (Genu\u00edno CAT)<\/strong><br data-start=\"686\" data-end=\"689\" \/>Alta efici\u00eancia na filtragem<br data-start=\"719\" data-end=\"722\" \/>Protege componentes contra desgaste prematuro<br data-start=\"769\" data-end=\"772\" \/>Mant\u00e9m o desempenho ideal da m\u00e1quina<br data-start=\"810\" data-end=\"813\" \/>Reduz falhas e custos com manuten\u00e7\u00e3o<br data-start=\"851\" data-end=\"854\" \/>Excelente dura\u00e7ao<\/p>\n<ul>\n<li style=\"list-style-type: none\">\n<ul data-start=\"920\" data-end=\"1118\">\n<li><\/li>\n<\/ul>\n<\/li>\n<\/ul>\n<p data-start=\"922\" data-end=\"950\"><strong data-start=\"922\" data-end=\"941\">C\u00f3digo da Pe\u00e7a:<\/strong> 9X2205<\/p>\n<p>&lt;li data-secti<\/p>\n<p data-start=\"953\" data-end=\"974\"><strong data-start=\"953\" data-end=\"965\">Produto:<\/strong> Filtro<\/p>\n<p>&lt;li data-secti<\/p>\n<p data-start=\"977\" data-end=\"1001\"><strong data-start=\"977\" data-end=\"987\">Marca:<\/strong> Caterpillar<\/p>\n<p>&lt;li data-secti<\/p>\n<p data-start=\"1004\" data-end=\"1024\"><strong data-start=\"1004\" data-end=\"1017\">Condi\u00e7\u00e3o:<\/strong> Novo<\/p>\n<p>&lt;li data-secti<\/p>\n<p data-start=\"1027\" data-end=\"1071\"><strong data-start=\"1027\" data-end=\"1041\">Categoria:<\/strong> Pe\u00e7as para M\u00e1quinas Pesadas<\/p>\n<p>&lt;li data-secti<\/p>\n<p data-start=\"1074\" data-end=\"1118\"><strong data-start=\"1074\" data-end=\"1085\">Origem:<\/strong> Produto Original \/ Genu\u00edno CAT<\/p>\n<hr data-start=\"1120\" data-end=\"1123\" \/>\n<p>&lt;h2 data-secti<\/p>\n<p data-start=\"1163\" data-end=\"1282\">Filtros s\u00e3o fundamentais para manter o bom funcionamento dos sistemas da m\u00e1quina. Utilizar um produto original garante:<\/p>\n<ul data-start=\"1284\" data-end=\"1435\">\n<li style=\"list-style-type: none\">\n<ul data-start=\"1284\" data-end=\"1435\">&lt;li data-secti<\/ul>\n<\/li>\n<\/ul>\n<p data-start=\"1286\" data-end=\"1319\">Maior vida \u00fatil dos componentes<\/p>\n<p>&lt;li data-secti<\/p>\n<p data-start=\"1322\" data-end=\"1353\">Melhor desempenho operacional<\/p>\n<p>&lt;li data-secti<\/p>\n<p data-start=\"1356\" data-end=\"1392\">Redu\u00e7\u00e3o de paradas n\u00e3o programadas<\/p>\n<p>&lt;li data-secti<\/p>\n<p data-start=\"1395\" data-end=\"1435\">Seguran\u00e7a e confiabilidade no trabalho<\/p>\n<hr data-start=\"1437\" data-end=\"1440\" \/>\n<p>&lt;h2 data-secti<\/p>\n<p data-start=\"1459\" data-end=\"1543\">Compat\u00edvel com m\u00e1quinas e equipamentos Caterpillar que utilizam o c\u00f3digo <strong data-start=\"1532\" data-end=\"1542\">9X2205<\/strong>.<\/p>\n<p data-start=\"1545\" data-end=\"1642\">Caso tenha d\u00favidas, envie o <strong data-start=\"1573\" data-end=\"1603\">n\u00famero de s\u00e9rie da m\u00e1quina<\/strong> para confirmarmos a aplica\u00e7\u00e3o correta.<\/p>\n<hr data-start=\"1644\" data-end=\"1647\" \/>\n<p>&lt;h2 data-secti<\/p>\n<p data-start=\"1681\" data-end=\"1837\">Produto com <strong data-start=\"1695\" data-end=\"1710\">Nota Fiscal<\/strong><br data-start=\"1710\" data-end=\"1713\" \/><strong data-start=\"1715\" data-end=\"1742\">Garantia de proced\u00eancia<\/strong><br data-start=\"1742\" data-end=\"1745\" \/>Envio r\u00e1pido para todo o Brasil<\/p>\n<p data-start=\"1681\" data-end=\"1837\">Atendimento especializado em pe\u00e7as para linha pesada<\/p>","protected":false},"featured_media":1589,"comment_status":"open","ping_status":"closed","template":"","meta":{"nf_dc_page":""},"product_brand":[58],"product_cat":[72],"product_tag":[],"class_list":{"0":"post-1586","1":"product","2":"type-product","3":"status-publish","4":"has-post-thumbnail","6":"product_brand-caterpillar","7":"product_cat-filtros-e-fluidos","9":"first","10":"instock","11":"shipping-taxable","12":"purchasable","13":"product-type-simple"},"_links":{"self":[{"href":"https:\/\/compemaq.com.br\/pt\/wp-json\/wp\/v2\/product\/1586","targetHints":{"allow":["GET"]}}],"collection":[{"href":"https:\/\/compemaq.com.br\/pt\/wp-json\/wp\/v2\/product"}],"about":[{"href":"https:\/\/compemaq.com.br\/pt\/wp-json\/wp\/v2\/types\/product"}],"replies":[{"embeddable":true,"href":"https:\/\/compemaq.com.br\/pt\/wp-json\/wp\/v2\/comments?post=1586"}],"wp:featuredmedia":[{"embeddable":true,"href":"https:\/\/compemaq.com.br\/pt\/wp-json\/wp\/v2\/media\/1589"}],"wp:attachment":[{"href":"https:\/\/compemaq.com.br\/pt\/wp-json\/wp\/v2\/media?parent=1586"}],"wp:term":[{"taxonomy":"product_brand","embeddable":true,"href":"https:\/\/compemaq.com.br\/pt\/wp-json\/wp\/v2\/product_brand?post=1586"},{"taxonomy":"product_cat","embeddable":true,"href":"https:\/\/compemaq.com.br\/pt\/wp-json\/wp\/v2\/product_cat?post=1586"},{"taxonomy":"product_tag","embeddable":true,"href":"https:\/\/compemaq.com.br\/pt\/wp-json\/wp\/v2\/product_tag?post=1586"}],"curies":[{"name":"wp","href":"https:\/\/api.w.org\/{rel}","templated":true}]}}