{"id":1534,"date":"2026-02-11T18:58:19","date_gmt":"2026-02-11T18:58:19","guid":{"rendered":"https:\/\/compemaq.com.br\/produto\/7x7617-oleo-engrenagem\/"},"modified":"2026-02-11T19:02:26","modified_gmt":"2026-02-11T19:02:26","slug":"7x7617-oleo-engrenagem","status":"publish","type":"product","link":"https:\/\/compemaq.com.br\/pt\/produto\/7x7617-oleo-engrenagem\/","title":{"rendered":"7X7617- OLEO-ENGRENAGEM"},"content":{"rendered":"<p><strong data-start=\"105\" data-end=\"156\">\u00d3leo Engrenagem Cat\u00ae GO 85W-140 \u2013 20L (7X-7617)<\/strong><\/p>\n<div class=\"flex flex-col text-sm pb-25\">\n<div class=\"text-base my-auto mx-auto pb-10 [--thread-content-margin:--spacing(4)] @w-sm\/main:[--thread-content-margin:--spacing(6)] @w-lg\/main:[--thread-content-margin:--spacing(16)] px-(--thread-content-margin)\">\n<div class=\"[--thread-content-max-width:40rem] @w-lg\/main:[--thread-content-max-width:48rem] mx-auto max-w-(--thread-content-max-width) flex-1 group\/turn-messages focus-visible:outline-hidden relative flex w-full min-w-0 flex-col agent-turn\">\n<div class=\"flex max-w-full flex-col grow\">\n<div class=\"min-h-8 text-message relative flex w-full flex-col items-end gap-2 text-start break-words whitespace-normal [.text-message+&amp;]:mt-1\" dir=\"auto\" data-message-author-role=\"assistant\" data-message-id=\"fc311acf-c0dc-4549-a670-c9752f23dda1\" data-message-model-slug=\"gpt-5-2\">\n<div class=\"flex w-full flex-col gap-1 empty:hidden first:pt-[1px]\">\n<div class=\"markdown prose dark:prose-invert w-full wrap-break-word light markdown-new-styling\">\n<p data-start=\"105\" data-end=\"158\">\n<p data-start=\"160\" data-end=\"345\">O\u00a0<strong data-start=\"162\" data-end=\"181\">Cat GO 85W-140<\/strong>\u00a0\u00e9 um \u00f3leo de engrenagem multigrau desenvolvido para aplica\u00e7\u00f5es de\u00a0<strong data-start=\"248\" data-end=\"267\">press\u00e3o extrema<\/strong>, garantindo m\u00e1xima prote\u00e7\u00e3o e desempenho em equipamentos pesados Caterpillar.<\/p>\n<p data-start=\"160\" data-end=\"345\">\n<p data-start=\"347\" data-end=\"602\"><strong data-start=\"350\" data-end=\"376\">Principais Benef\u00edcios:<\/strong><br data-start=\"376\" data-end=\"379\" \/>\u2022 Maior vida \u00fatil de rolamentos e engrenagens<br data-start=\"424\" data-end=\"427\" \/>\u2022 Desgaste reduzido dos componentes<br data-start=\"462\" data-end=\"465\" \/>\u2022 Excelente desempenho sob altas cargas<br data-start=\"504\" data-end=\"507\" \/>\u2022 Amplo intervalo de temperatura de trabalho<br data-start=\"551\" data-end=\"554\" data-is-=\"\" \/><\/p>\n<p data-start=\"604\" data-end=\"915\"><strong data-start=\"607\" data-end=\"635\">Aplica\u00e7\u00f5es Recomendadas:<\/strong><br data-start=\"635\" data-end=\"638\" \/>\u2022 Diferenciais e comandos finais de Trator-Escr\u00eaiper de Rodas<br data-start=\"699\" data-end=\"702\" \/>\u2022 Caminh\u00f5es articulados Cat<br data-start=\"729\" data-end=\"732\" \/>\u2022 Escavadeiras de rodas e retroescavadeiras Cat<br data-start=\"779\" data-end=\"782\" \/>\u2022 Transmiss\u00f5es, diferenciais e comandos finais de aplainadoras a frio<br data-start=\"851\" data-end=\"854\" data-is-=\"\" \/><\/p>\n<p data-start=\"917\" data-end=\"1149\"><strong data-start=\"920\" data-end=\"948\">Especifica\u00e7\u00f5es T\u00e9cnicas:<\/strong><br data-start=\"948\" data-end=\"951\" \/>\u2022 C\u00f3digo:\u00a0<strong data-start=\"961\" data-end=\"972\">7X-7617<\/strong><br data-start=\"972\" data-end=\"975\" \/>\u2022 Viscosidade:\u00a0<strong data-start=\"990\" data-end=\"1005\">SAE 85W-140<\/strong><br data-start=\"1005\" data-end=\"1008\" \/>\u2022 Classifica\u00e7\u00e3o:\u00a0<strong data-start=\"1025\" data-end=\"1037\">API G<\/strong><strong data-start=\"1025\" data-end=\"1037\">L-5<\/strong><\/p>\n<p data-start=\"917\" data-end=\"1149\">\u2022 Volume:\u00a0<strong data-start=\"1050\" data-end=\"1063\">20 Litros<\/strong><br data-start=\"1063\" data-end=\"1066\" \/>\u2022 Faixa de temperatura:\u00a0<strong data-start=\"1090\" data-end=\"1107\">-10\u00b0C a +50\u00b0C<\/strong><br data-start=\"1107\" data-end=\"1110\" \/>\u2022 Material: \u00d3leo lubrificante mineral<\/p>\n<p data-start=\"1151\" data-end=\"1267\" data-is-last-node=\"\" data-is-=\"\">\n<\/div>\n<\/div>\n<\/div>\n<\/div>\n<\/div>\n<\/div>\n<\/div>\n","protected":false},"excerpt":{"rendered":"<p><strong data-start=\"105\" data-end=\"156\">\u00d3leo Engrenagem Cat\u00ae GO 85W-140 \u2013 20L (7X-7617)<\/strong><\/p>\n<div class=\"flex flex-col text-sm pb-25\">\n<div class=\"text-base my-auto mx-auto pb-10 [--thread-content-margin:--spacing(4)] @w-sm\/main:[--thread-content-margin:--spacing(6)] @w-lg\/main:[--thread-content-margin:--spacing(16)] px-(--thread-content-margin)\">\n<div class=\"[--thread-content-max-width:40rem] @w-lg\/main:[--thread-content-max-width:48rem] mx-auto max-w-(--thread-content-max-width) flex-1 group\/turn-messages focus-visible:outline-hidden relative flex w-full min-w-0 flex-col agent-turn\">\n<div class=\"flex max-w-full flex-col grow\">\n<div class=\"min-h-8 text-message relative flex w-full flex-col items-end gap-2 text-start break-words whitespace-normal [.text-message+&amp;]:mt-1\" dir=\"auto\" data-message-author-role=\"assistant\" data-message-id=\"fc311acf-c0dc-4549-a670-c9752f23dda1\" data-message-model-slug=\"gpt-5-2\">\n<div class=\"flex w-full flex-col gap-1 empty:hidden first:pt-[1px]\">\n<div class=\"markdown prose dark:prose-invert w-full wrap-break-word light markdown-new-styling\">\n<p data-start=\"160\" data-end=\"345\">O <strong data-start=\"162\" data-end=\"181\">Cat GO 85W-140<\/strong> \u00e9 um \u00f3leo de engrenagem multigrau desenvolvido para aplica\u00e7\u00f5es de <strong data-start=\"248\" data-end=\"267\">press\u00e3o extrema<\/strong>, garantindo m\u00e1xima prote\u00e7\u00e3o e desempenho em equipamentos pesados Caterpillar.<\/p>\n<p data-start=\"347\" data-end=\"602\"><strong data-start=\"350\" data-end=\"376\">Principais Benef\u00edcios:<\/strong><br data-start=\"376\" data-end=\"379\" \/>\u2022 Maior vida \u00fatil de rolamentos e engrenagens<br data-start=\"424\" data-end=\"427\" \/>\u2022 Desgaste reduzido dos componentes<br data-start=\"462\" data-end=\"465\" \/>\u2022 Excelente desempenho sob altas cargas<br data-start=\"504\" data-end=\"507\" \/>\u2022 Amplo intervalo de temperatura de trabalho<br data-start=\"551\" data-end=\"554\" data-is-=\"\" \/><\/p>\n<p data-start=\"604\" data-end=\"915\"><strong data-start=\"607\" data-end=\"635\">Aplica\u00e7\u00f5es Recomendadas:<\/strong><br data-start=\"635\" data-end=\"638\" \/>\u2022 Diferenciais e comandos finais de Trator-Escr\u00eaiper de Rodas<br data-start=\"699\" data-end=\"702\" \/>\u2022 Caminh\u00f5es articulados Cat<br data-start=\"729\" data-end=\"732\" \/>\u2022 Escavadeiras de rodas e retroescavadeiras Cat<br data-start=\"779\" data-end=\"782\" \/>\u2022 Transmiss\u00f5es, diferenciais e comandos finais de aplainadoras a frio<br data-start=\"851\" data-end=\"854\" data-is-=\"\" \/><\/p>\n<p data-start=\"917\" data-end=\"1149\"><strong data-start=\"920\" data-end=\"948\">Especifica\u00e7\u00f5es T\u00e9cnicas:<\/strong><br data-start=\"948\" data-end=\"951\" \/>\u2022 C\u00f3digo: <strong data-start=\"961\" data-end=\"972\">7X-7617<\/strong><br data-start=\"972\" data-end=\"975\" \/>\u2022 Viscosidade: <strong data-start=\"990\" data-end=\"1005\">SAE 85W-140<\/strong><br data-start=\"1005\" data-end=\"1008\" \/>\u2022 Classifica\u00e7\u00e3o: <strong data-start=\"1025\" data-end=\"1037\">API G<\/strong><strong data-start=\"1025\" data-end=\"1037\">L-5<\/strong><\/p>\n<p data-start=\"917\" data-end=\"1149\">\u2022 Volume: <strong data-start=\"1050\" data-end=\"1063\">20 Litros<\/strong><br data-start=\"1063\" data-end=\"1066\" \/>\u2022 Faixa de temperatura: <strong data-start=\"1090\" data-end=\"1107\">-10\u00b0C a +50\u00b0C<\/strong><br data-start=\"1107\" data-end=\"1110\" \/>\u2022 Material: \u00d3leo lubrificante mineral<\/p>\n<p data-start=\"1151\" data-end=\"1267\" data-is-last-node=\"\" data-is-=\"\">\n<\/div>\n<\/div>\n<\/div>\n<\/div>\n<\/div>\n<\/div>\n<\/div>\n","protected":false},"featured_media":1535,"comment_status":"open","ping_status":"closed","template":"","meta":{"nf_dc_page":""},"product_brand":[58],"product_cat":[72,73],"product_tag":[],"class_list":{"0":"post-1534","1":"product","2":"type-product","3":"status-publish","4":"has-post-thumbnail","6":"product_brand-caterpillar","7":"product_cat-filtros-e-fluidos","8":"product_cat-transmissoes","10":"first","11":"instock","12":"shipping-taxable","13":"purchasable","14":"product-type-simple"},"_links":{"self":[{"href":"https:\/\/compemaq.com.br\/pt\/wp-json\/wp\/v2\/product\/1534","targetHints":{"allow":["GET"]}}],"collection":[{"href":"https:\/\/compemaq.com.br\/pt\/wp-json\/wp\/v2\/product"}],"about":[{"href":"https:\/\/compemaq.com.br\/pt\/wp-json\/wp\/v2\/types\/product"}],"replies":[{"embeddable":true,"href":"https:\/\/compemaq.com.br\/pt\/wp-json\/wp\/v2\/comments?post=1534"}],"wp:featuredmedia":[{"embeddable":true,"href":"https:\/\/compemaq.com.br\/pt\/wp-json\/wp\/v2\/media\/1535"}],"wp:attachment":[{"href":"https:\/\/compemaq.com.br\/pt\/wp-json\/wp\/v2\/media?parent=1534"}],"wp:term":[{"taxonomy":"product_brand","embeddable":true,"href":"https:\/\/compemaq.com.br\/pt\/wp-json\/wp\/v2\/product_brand?post=1534"},{"taxonomy":"product_cat","embeddable":true,"href":"https:\/\/compemaq.com.br\/pt\/wp-json\/wp\/v2\/product_cat?post=1534"},{"taxonomy":"product_tag","embeddable":true,"href":"https:\/\/compemaq.com.br\/pt\/wp-json\/wp\/v2\/product_tag?post=1534"}],"curies":[{"name":"wp","href":"https:\/\/api.w.org\/{rel}","templated":true}]}}