{"id":1528,"date":"2026-02-05T12:01:56","date_gmt":"2026-02-05T12:01:56","guid":{"rendered":"https:\/\/compemaq.com.br\/produto\/2735711-filtro-do-respiro-do-carter\/"},"modified":"2026-02-05T12:08:33","modified_gmt":"2026-02-05T12:08:33","slug":"2735711-filtro-do-respiro-do-carter","status":"publish","type":"product","link":"https:\/\/compemaq.com.br\/pt\/produto\/2735711-filtro-do-respiro-do-carter\/","title":{"rendered":"2735711- FILTRO DO RESPIRO DO C\u00c1RTER"},"content":{"rendered":"","protected":false},"excerpt":{"rendered":"<h2 data-start=\"147\" data-end=\"174\"><strong>Filtro Caterpillar 2735711 Original Novo Pronta Entrega<\/strong><\/h2>\n<h2 data-start=\"237\" data-end=\"267\"><strong data-start=\"243\" data-end=\"267\">Descri\u00e7\u00e3o do Produto<\/strong><\/h2>\n<p data-start=\"269\" data-end=\"413\"><strong data-start=\"272\" data-end=\"313\">Filtro Caterpillar 2735711 \u2013 ORIGINAL<\/strong><br data-start=\"313\" data-end=\"316\" \/>Produto <strong data-start=\"324\" data-end=\"353\">100% original Caterpillar<\/strong>, <strong data-start=\"355\" data-end=\"363\">novo<\/strong>, lacrado de f\u00e1brica e pronto para envio imediato.<\/p>\n<p data-start=\"415\" data-end=\"544\">Ideal para quem busca <strong data-start=\"437\" data-end=\"471\">m\u00e1xima prote\u00e7\u00e3o do equipamento<\/strong>, alto desempenho e maior vida \u00fatil do motor, mesmo em opera\u00e7\u00f5es severas.<\/p>\n<h2 data-start=\"551\" data-end=\"572\"><strong data-start=\"556\" data-end=\"572\">Diferenciais<\/strong><\/h2>\n<p data-start=\"573\" data-end=\"790\">\u2714 Produto <strong data-start=\"583\" data-end=\"607\">ORIGINAL Caterpillar<\/strong><br data-start=\"607\" data-end=\"610\" \/>\u2714 <strong data-start=\"612\" data-end=\"638\">Novo \u2013 nunca utilizado<\/strong><br data-start=\"638\" data-end=\"641\" \/>\u2714 Alta efici\u00eancia de filtragem<br data-start=\"671\" data-end=\"674\" \/>\u2714 Encaixe perfeito conforme padr\u00e3o de f\u00e1brica<br data-start=\"719\" data-end=\"722\" \/>\u2714 Reduz desgaste e custos de manuten\u00e7\u00e3o<br data-start=\"761\" data-end=\"764\" \/>\u2714 Excelente durabilidade<\/p>\n<h2 data-start=\"797\" data-end=\"829\"><\/h2>\n<h2 data-start=\"797\" data-end=\"829\"><strong data-start=\"802\" data-end=\"829\">Especifica\u00e7\u00f5es T\u00e9cnicas<\/strong><\/h2>\n<ul data-start=\"830\" data-end=\"986\">\n<li data-start=\"830\" data-end=\"853\">\n<p data-start=\"832\" data-end=\"853\"><strong data-start=\"832\" data-end=\"843\">C\u00f3digo:<\/strong> 2735711<\/p>\n<\/li>\n<li data-start=\"854\" data-end=\"880\">\n<p data-start=\"856\" data-end=\"880\"><strong data-start=\"856\" data-end=\"866\">Marca:<\/strong> Caterpillar<\/p>\n<\/li>\n<li data-start=\"881\" data-end=\"907\">\n<p data-start=\"883\" data-end=\"907\"><strong data-start=\"883\" data-end=\"896\">Condi\u00e7\u00e3o:<\/strong> <strong data-start=\"897\" data-end=\"905\">Novo<\/strong><\/p>\n<\/li>\n<li data-start=\"908\" data-end=\"931\">\n<p data-start=\"910\" data-end=\"931\"><strong data-start=\"910\" data-end=\"923\">Original:<\/strong>\u00a0 Sim<\/p>\n<\/li>\n<li data-start=\"932\" data-end=\"986\">\n<p data-start=\"934\" data-end=\"986\"><strong data-start=\"934\" data-end=\"948\">Aplica\u00e7\u00e3o:<\/strong> M\u00e1quinas e equipamentos Caterpillar<\/p>\n<\/li>\n<\/ul>\n<hr data-start=\"988\" data-end=\"991\" \/>\n<h2 data-start=\"993\" data-end=\"1018\"><strong data-start=\"999\" data-end=\"1018\">Compatibilidade<\/strong><\/h2>\n<p data-start=\"1019\" data-end=\"1158\">Compat\u00edvel com diversos modelos Caterpillar.<br data-start=\"1063\" data-end=\"1066\" \/><strong data-start=\"1069\" data-end=\"1089\">Antes de comprar<\/strong>, confirme a aplica\u00e7\u00e3o pelo modelo da m\u00e1quina ou pelo manual t\u00e9cnico.<\/p>\n<hr data-start=\"1160\" data-end=\"1163\" \/>\n<h2 data-start=\"1165\" data-end=\"1196\"><strong data-start=\"1171\" data-end=\"1196\">Conte\u00fado da Embalagem<\/strong><\/h2>\n<ul data-start=\"1197\" data-end=\"1237\">\n<li data-start=\"1197\" data-end=\"1237\">\n<p data-start=\"1199\" data-end=\"1237\">1x Filtro Caterpillar 2735711 Original<\/p>\n<\/li>\n<\/ul>\n<hr data-start=\"1239\" data-end=\"1242\" \/>\n<h2 data-start=\"1244\" data-end=\"1259\"><strong data-start=\"1250\" data-end=\"1259\">Envio<\/strong><\/h2>\n<p data-start=\"1260\" data-end=\"1353\">Envio r\u00e1pido e bem embalado<br data-start=\"1290\" data-end=\"1293\" \/>Postagem em at\u00e9 24h \u00fateis ap\u00f3s a confirma\u00e7\u00e3o do pagamento<\/p>\n<h2 data-start=\"1360\" data-end=\"1376\"><strong data-start=\"1365\" data-end=\"1376\">D\u00favidas<\/strong><\/h2>\n<p data-start=\"1377\" data-end=\"1428\">Fique \u00e0 vontade para perguntar. Respondemos r\u00e1pido!<\/p>\n<p data-start=\"1430\" data-end=\"1545\"><strong data-start=\"1433\" data-end=\"1545\">Compre com seguran\u00e7a um produto original Caterpillar e mantenha seu equipamento sempre no melhor desempenho.<\/strong><\/p>","protected":false},"featured_media":1530,"comment_status":"open","ping_status":"closed","template":"","meta":{"nf_dc_page":""},"product_brand":[58],"product_cat":[72],"product_tag":[],"class_list":{"0":"post-1528","1":"product","2":"type-product","3":"status-publish","4":"has-post-thumbnail","6":"product_brand-caterpillar","7":"product_cat-filtros-e-fluidos","9":"first","10":"instock","11":"shipping-taxable","12":"purchasable","13":"product-type-simple"},"_links":{"self":[{"href":"https:\/\/compemaq.com.br\/pt\/wp-json\/wp\/v2\/product\/1528","targetHints":{"allow":["GET"]}}],"collection":[{"href":"https:\/\/compemaq.com.br\/pt\/wp-json\/wp\/v2\/product"}],"about":[{"href":"https:\/\/compemaq.com.br\/pt\/wp-json\/wp\/v2\/types\/product"}],"replies":[{"embeddable":true,"href":"https:\/\/compemaq.com.br\/pt\/wp-json\/wp\/v2\/comments?post=1528"}],"wp:featuredmedia":[{"embeddable":true,"href":"https:\/\/compemaq.com.br\/pt\/wp-json\/wp\/v2\/media\/1530"}],"wp:attachment":[{"href":"https:\/\/compemaq.com.br\/pt\/wp-json\/wp\/v2\/media?parent=1528"}],"wp:term":[{"taxonomy":"product_brand","embeddable":true,"href":"https:\/\/compemaq.com.br\/pt\/wp-json\/wp\/v2\/product_brand?post=1528"},{"taxonomy":"product_cat","embeddable":true,"href":"https:\/\/compemaq.com.br\/pt\/wp-json\/wp\/v2\/product_cat?post=1528"},{"taxonomy":"product_tag","embeddable":true,"href":"https:\/\/compemaq.com.br\/pt\/wp-json\/wp\/v2\/product_tag?post=1528"}],"curies":[{"name":"wp","href":"https:\/\/api.w.org\/{rel}","templated":true}]}}