{"id":1520,"date":"2025-11-05T17:12:26","date_gmt":"2025-11-05T17:12:26","guid":{"rendered":"https:\/\/compemaq.com.br\/produto\/4526114-oleo\/"},"modified":"2025-11-05T17:19:50","modified_gmt":"2025-11-05T17:19:50","slug":"4526114-oleo","status":"publish","type":"product","link":"https:\/\/compemaq.com.br\/pt\/produto\/4526114-oleo\/","title":{"rendered":"4526114- OLEO SAE 50 4 LTS"},"content":{"rendered":"<p><strong>\u00d3leo Caterpillar 452-6114 TDTO 50 \u2013 Lubrificante Transmiss\u00e3o\/Drivetrain 4 L<\/strong><\/p>\n<div class=\"relative basis-auto flex-col -mb-(--composer-overlap-px) [--composer-overlap-px:55px] grow flex overflow-hidden\">\n<div class=\"relative h-full\">\n<div class=\"flex h-full flex-col overflow-y-auto thread-xl:pt-(--header-height) [scrollbar-gutter:stable_both-edges]\">\n<div class=\"flex flex-col text-sm thread-xl:pt-header-height\">\n<div class=\"text-base my-auto mx-auto pb-10 [--thread-content-margin:--spacing(4)] thread-sm:[--thread-content-margin:--spacing(6)] thread-lg:[--thread-content-margin:--spacing(16)] px-(--thread-content-margin)\">\n<div class=\"[--thread-content-max-width:40rem] thread-lg:[--thread-content-max-width:48rem] mx-auto max-w-(--thread-content-max-width) flex-1 group\/turn-messages focus-visible:outline-hidden relative flex w-full min-w-0 flex-col agent-turn\">\n<div class=\"flex max-w-full flex-col grow\">\n<div class=\"min-h-8 text-message relative flex w-full flex-col items-end gap-2 text-start break-words whitespace-normal [.text-message+&amp;]:mt-1\" dir=\"auto\" data-message-author-role=\"assistant\" data-message-id=\"643de859-b073-4819-8bee-a8d0fbe6fc6c\" data-message-model-slug=\"gpt-5\">\n<div class=\"flex w-full flex-col gap-1 empty:hidden first:pt-[1px]\">\n<div class=\"markdown prose dark:prose-invert w-full break-words light markdown-new-styling\">\n<ul data-start=\"590\" data-end=\"1287\">\n<li data-start=\"590\" data-end=\"663\">\n<p data-start=\"592\" data-end=\"663\">N\u00ba de pe\u00e7a:\u00a0<strong data-start=\"604\" data-end=\"616\">452-6114<\/strong>\u00a0(tamb\u00e9m listado como 4526114) da Caterpilla<\/p>\n<\/li>\n<li data-start=\"664\" data-end=\"767\">\n<p data-start=\"666\" data-end=\"767\">Viscoso grau\u00a0<strong data-start=\"679\" data-end=\"699\">TDTO 50 \/ SAE 50<\/strong>\u00a0adequado para sistemas de transmiss\u00e3o e drivetrain da Caterpillar<\/p>\n<\/li>\n<li data-start=\"768\" data-end=\"870\">\n<p data-start=\"770\" data-end=\"870\">Fabricado pela Caterpillar ou com especifica\u00e7\u00e3o OEM \u2013 compat\u00edvel com equipamentos pesados da marca<\/p>\n<\/li>\n<li data-start=\"871\" data-end=\"1047\">\n<p data-start=\"873\" data-end=\"1047\">Proporciona\u00a0<strong data-start=\"885\" data-end=\"914\">alta prote\u00e7\u00e3o ao desgaste<\/strong>, excelente estabilidade t\u00e9rmica, \u00f3tima resist\u00eancia \u00e0 oxida\u00e7\u00e3o<\/p>\n<\/li>\n<li data-start=\"1048\" data-end=\"1139\">\n<p data-start=\"1050\" data-end=\"1139\">Embalagem de 4 litros \u2014 ideal para manuten\u00e7\u00e3o peri\u00f3dica e reposi\u00e7\u00e3o<\/p>\n<\/li>\n<li data-start=\"1140\" data-end=\"1287\">\n<p data-start=\"1142\" data-end=\"1287\">Compat\u00edvel com aplica\u00e7\u00f5es em caminh\u00f5es fora de estrada, escavadeiras, motoniveladoras e outros equipamentos Caterpillar que exigem \u00f3leo TDTO 50<\/p>\n<\/li>\n<li data-start=\"1140\" data-end=\"1287\">\n<p data-start=\"1142\" data-end=\"1287\">O\u00a0<strong data-start=\"1318\" data-end=\"1347\">\u00d3leo Caterpillar 452-6114<\/strong>\u00a0\u00e9 a escolha confi\u00e1vel para manuten\u00e7\u00e3o e opera\u00e7\u00e3o eficiente de transmiss\u00f5es e sistemas drivetrain em equipamentos Caterpillar e similares. Projetado para atender exigentes requisitos de lubrifica\u00e7\u00e3o em condi\u00e7\u00f5es severas, este lubrificante de grau\u00a0<strong data-start=\"1594\" data-end=\"1614\">TDTO 50 (SAE 50)<\/strong>\u00a0oferece:<\/p>\n<\/li>\n<\/ul>\n<p data-start=\"1625\" data-end=\"2290\"><strong data-start=\"1625\" data-end=\"1658\">Alta prote\u00e7\u00e3o contra desgaste<\/strong>\u00a0\u2013 Formulado para minimizar atrito, reduzir o desgaste de engrenagens, e prolongar a vida \u00fatil dos componentes.<\/p>\n<p data-start=\"1625\" data-end=\"2290\"><strong data-start=\"1772\" data-end=\"1808\">Estabilidade t\u00e9rmica e oxidativa<\/strong>\u00a0\u2013 Mant\u00e9m a performance mesmo sob cargas e temperaturas elevadas, ajudando a evitar degrada\u00e7\u00e3o prematura do \u00f3leo.<\/p>\n<p data-start=\"1625\" data-end=\"2290\"><strong data-start=\"1924\" data-end=\"1959\">Compatibilidade OEM Caterpillar<\/strong>\u00a0\u2013 Atende \u00e0s especifica\u00e7\u00f5es da marca para sistemas de transmiss\u00e3o e final-drive, o que facilita a manuten\u00e7\u00e3o padronizada das m\u00e1quinas.<\/p>\n<p data-start=\"1625\" data-end=\"2290\"><strong data-start=\"2096\" data-end=\"2133\">Aplica\u00e7\u00f5es industriais e off-road<\/strong>\u00a0\u2013 Ideal para escavadeiras, carregadeiras, motoniveladoras, caminh\u00f5es articulados e outras m\u00e1quinas de constru\u00e7\u00e3o ou minera\u00e7\u00e3o que utilizam equipamentos CAT.<\/p>\n<p data-start=\"2292\" data-end=\"2452\">Indicamos sempre consultar o manual de manuten\u00e7\u00e3o do equipamento e verificar se o n\u00famero de pe\u00e7a (452-6114) corresponde \u00e0 especifica\u00e7\u00e3o exigida antes da compra.<\/p>\n<\/div>\n<\/div>\n<\/div>\n<\/div>\n<\/div>\n<\/div>\n<\/div>\n<\/div>\n<\/div>\n<\/div>\n","protected":false},"excerpt":{"rendered":"<p><strong>\u00d3leo Caterpillar 452-6114 TDTO 50 \u2013 Lubrificante Transmiss\u00e3o\/Drivetrain 4 L<\/strong><\/p>\n<div class=\"relative basis-auto flex-col -mb-(--composer-overlap-px) [--composer-overlap-px:55px] grow flex overflow-hidden\">\n<div class=\"relative h-full\">\n<div class=\"flex h-full flex-col overflow-y-auto thread-xl:pt-(--header-height) [scrollbar-gutter:stable_both-edges]\">\n<div class=\"flex flex-col text-sm thread-xl:pt-header-height\">\n<div class=\"text-base my-auto mx-auto pb-10 [--thread-content-margin:--spacing(4)] thread-sm:[--thread-content-margin:--spacing(6)] thread-lg:[--thread-content-margin:--spacing(16)] px-(--thread-content-margin)\">\n<div class=\"[--thread-content-max-width:40rem] thread-lg:[--thread-content-max-width:48rem] mx-auto max-w-(--thread-content-max-width) flex-1 group\/turn-messages focus-visible:outline-hidden relative flex w-full min-w-0 flex-col agent-turn\">\n<div class=\"flex max-w-full flex-col grow\">\n<div class=\"min-h-8 text-message relative flex w-full flex-col items-end gap-2 text-start break-words whitespace-normal [.text-message+&amp;]:mt-1\" dir=\"auto\" data-message-author-role=\"assistant\" data-message-id=\"643de859-b073-4819-8bee-a8d0fbe6fc6c\" data-message-model-slug=\"gpt-5\">\n<div class=\"flex w-full flex-col gap-1 empty:hidden first:pt-[1px]\">\n<div class=\"markdown prose dark:prose-invert w-full break-words light markdown-new-styling\">\n<ul data-start=\"590\" data-end=\"1287\">\n<li data-start=\"590\" data-end=\"663\">\n<p data-start=\"592\" data-end=\"663\">N\u00ba de pe\u00e7a: <strong data-start=\"604\" data-end=\"616\">452-6114<\/strong> (tamb\u00e9m listado como 4526114) da Caterpilla<\/p>\n<\/li>\n<li data-start=\"664\" data-end=\"767\">\n<p data-start=\"666\" data-end=\"767\">Viscoso grau <strong data-start=\"679\" data-end=\"699\">TDTO 50 \/ SAE 50<\/strong> adequado para sistemas de transmiss\u00e3o e drivetrain da Caterpillar<\/p>\n<\/li>\n<li data-start=\"768\" data-end=\"870\">\n<p data-start=\"770\" data-end=\"870\">Fabricado pela Caterpillar ou com especifica\u00e7\u00e3o OEM \u2013 compat\u00edvel com equipamentos pesados da marca<\/p>\n<\/li>\n<li data-start=\"871\" data-end=\"1047\">\n<p data-start=\"873\" data-end=\"1047\">Proporciona <strong data-start=\"885\" data-end=\"914\">alta prote\u00e7\u00e3o ao desgaste<\/strong>, excelente estabilidade t\u00e9rmica, \u00f3tima resist\u00eancia \u00e0 oxida\u00e7\u00e3o<\/p>\n<\/li>\n<li data-start=\"1048\" data-end=\"1139\">\n<p data-start=\"1050\" data-end=\"1139\">Embalagem de 4 litros \u2014 ideal para manuten\u00e7\u00e3o peri\u00f3dica e reposi\u00e7\u00e3o<\/p>\n<\/li>\n<li data-start=\"1140\" data-end=\"1287\">\n<p data-start=\"1142\" data-end=\"1287\">Compat\u00edvel com aplica\u00e7\u00f5es em caminh\u00f5es fora de estrada, escavadeiras, motoniveladoras e outros equipamentos Caterpillar que exigem \u00f3leo TDTO 50<\/p>\n<\/li>\n<li data-start=\"1140\" data-end=\"1287\">\n<p data-start=\"1142\" data-end=\"1287\">O <strong data-start=\"1318\" data-end=\"1347\">\u00d3leo Caterpillar 452-6114<\/strong> \u00e9 a escolha confi\u00e1vel para manuten\u00e7\u00e3o e opera\u00e7\u00e3o eficiente de transmiss\u00f5es e sistemas drivetrain em equipamentos Caterpillar e similares. Projetado para atender exigentes requisitos de lubrifica\u00e7\u00e3o em condi\u00e7\u00f5es severas, este lubrificante de grau <strong data-start=\"1594\" data-end=\"1614\">TDTO 50 (SAE 50)<\/strong> oferece:<\/p>\n<\/li>\n<\/ul>\n<p data-start=\"1625\" data-end=\"2290\"><strong data-start=\"1625\" data-end=\"1658\">Alta prote\u00e7\u00e3o contra desgaste<\/strong> \u2013 Formulado para minimizar atrito, reduzir o desgaste de engrenagens, e prolongar a vida \u00fatil dos componentes.<\/p>\n<p data-start=\"1625\" data-end=\"2290\"><strong data-start=\"1772\" data-end=\"1808\">Estabilidade t\u00e9rmica e oxidativa<\/strong> \u2013 Mant\u00e9m a performance mesmo sob cargas e temperaturas elevadas, ajudando a evitar degrada\u00e7\u00e3o prematura do \u00f3leo.<\/p>\n<p data-start=\"1625\" data-end=\"2290\"><strong data-start=\"1924\" data-end=\"1959\">Compatibilidade OEM Caterpillar<\/strong> \u2013 Atende \u00e0s especifica\u00e7\u00f5es da marca para sistemas de transmiss\u00e3o e final-drive, o que facilita a manuten\u00e7\u00e3o padronizada das m\u00e1quinas.<\/p>\n<p data-start=\"1625\" data-end=\"2290\"><strong data-start=\"2096\" data-end=\"2133\">Aplica\u00e7\u00f5es industriais e off-road<\/strong> \u2013 Ideal para escavadeiras, carregadeiras, motoniveladoras, caminh\u00f5es articulados e outras m\u00e1quinas de constru\u00e7\u00e3o ou minera\u00e7\u00e3o que utilizam equipamentos CAT.<\/p>\n<p data-start=\"2292\" data-end=\"2452\">Indicamos sempre consultar o manual de manuten\u00e7\u00e3o do equipamento e verificar se o n\u00famero de pe\u00e7a (452-6114) corresponde \u00e0 especifica\u00e7\u00e3o exigida antes da compra.<\/p>\n<\/div>\n<\/div>\n<\/div>\n<\/div>\n<\/div>\n<\/div>\n<\/div>\n<\/div>\n<\/div>\n<\/div>\n<div id=\"thread-bottom-container\" class=\"group\/thread-bottom-container relative isolate z-10 w-full basis-auto has-data-has-thread-error:pt-2 has-data-has-thread-error:[box-shadow:var(--sharp-edge-bottom-shadow)] md:border-transparent md:pt-0 dark:border-white\/20 md:dark:border-transparent content-fade flex flex-col\">\n<div id=\"thread-bottom\">\n<div class=\"text-base mx-auto [--thread-content-margin:--spacing(4)] thread-sm:[--thread-content-margin:--spacing(6)] thread-lg:[--thread-content-margin:--spacing(16)] px-(--thread-content-margin)\">\n<div class=\"[--thread-content-max-width:40rem] thread-lg:[--thread-content-max-width:48rem] mx-auto max-w-(--thread-content-max-width) flex-1\">\n<div class=\"pointer-events-auto relative z-1 flex h-[var(--composer-container-height,100%)] max-w-full flex-[var(--composer-container-flex,1)] flex-col\">\n<div class=\"absolute start-0 end-0 bottom-full z-20\">\n<div class=\"relative h-full w-full\">\n<div class=\"mb-2 flex flex-col gap-3.5 pt-2\"><\/div>\n<\/div>\n<\/div>\n<\/div>\n<\/div>\n<\/div>\n<\/div>\n<\/div>\n","protected":false},"featured_media":1521,"comment_status":"open","ping_status":"closed","template":"","meta":{"nf_dc_page":""},"product_brand":[58],"product_cat":[72],"product_tag":[],"class_list":{"0":"post-1520","1":"product","2":"type-product","3":"status-publish","4":"has-post-thumbnail","6":"product_brand-caterpillar","7":"product_cat-filtros-e-fluidos","9":"first","10":"instock","11":"shipping-taxable","12":"purchasable","13":"product-type-simple"},"_links":{"self":[{"href":"https:\/\/compemaq.com.br\/pt\/wp-json\/wp\/v2\/product\/1520","targetHints":{"allow":["GET"]}}],"collection":[{"href":"https:\/\/compemaq.com.br\/pt\/wp-json\/wp\/v2\/product"}],"about":[{"href":"https:\/\/compemaq.com.br\/pt\/wp-json\/wp\/v2\/types\/product"}],"replies":[{"embeddable":true,"href":"https:\/\/compemaq.com.br\/pt\/wp-json\/wp\/v2\/comments?post=1520"}],"wp:featuredmedia":[{"embeddable":true,"href":"https:\/\/compemaq.com.br\/pt\/wp-json\/wp\/v2\/media\/1521"}],"wp:attachment":[{"href":"https:\/\/compemaq.com.br\/pt\/wp-json\/wp\/v2\/media?parent=1520"}],"wp:term":[{"taxonomy":"product_brand","embeddable":true,"href":"https:\/\/compemaq.com.br\/pt\/wp-json\/wp\/v2\/product_brand?post=1520"},{"taxonomy":"product_cat","embeddable":true,"href":"https:\/\/compemaq.com.br\/pt\/wp-json\/wp\/v2\/product_cat?post=1520"},{"taxonomy":"product_tag","embeddable":true,"href":"https:\/\/compemaq.com.br\/pt\/wp-json\/wp\/v2\/product_tag?post=1520"}],"curies":[{"name":"wp","href":"https:\/\/api.w.org\/{rel}","templated":true}]}}