{"id":1451,"date":"2025-08-28T14:32:30","date_gmt":"2025-08-28T14:32:30","guid":{"rendered":"https:\/\/compemaq.com.br\/produto\/3713974-unidade-injetora\/"},"modified":"2025-08-28T14:49:51","modified_gmt":"2025-08-28T14:49:51","slug":"3713974-unidade-injetora","status":"publish","type":"product","link":"https:\/\/compemaq.com.br\/pt\/produto\/3713974-unidade-injetora\/","title":{"rendered":"3713974-UNIDADE INJETORA"},"content":{"rendered":"","protected":false},"excerpt":{"rendered":"<h3 data-start=\"292\" data-end=\"343\">\u00a0UNIDADE INJETORA BOSCH 3713974 ORIGINAL<\/h3>\n<h4 data-start=\"344\" data-end=\"406\">\u2705 Qualidade e desempenho garantidos para seu motor diesel<\/h4>\n<p data-start=\"408\" data-end=\"705\"><strong data-start=\"411\" data-end=\"436\">Descri\u00e7\u00e3o do Produto:<\/strong><\/p>\n<p data-start=\"408\" data-end=\"705\"><br data-start=\"436\" data-end=\"439\" \/>A <strong data-start=\"441\" data-end=\"475\">Unidade Injetora Bosch 3713974<\/strong> \u00e9 um componente essencial para o sistema de inje\u00e7\u00e3o de motores diesel, garantindo <strong data-start=\"558\" data-end=\"601\">precis\u00e3o na pulveriza\u00e7\u00e3o de combust\u00edvel<\/strong> e alto desempenho do motor. Produto 100% original Bosch, com alto padr\u00e3o de qualidade e confiabilidade.<\/p>\n<p data-start=\"707\" data-end=\"889\"><strong data-start=\"710\" data-end=\"725\">Aplica\u00e7\u00f5es:<\/strong><br data-start=\"725\" data-end=\"728\" \/>Compat\u00edvel com diversos modelos de motores diesel \u2014 ideal para caminh\u00f5es, \u00f4nibus e m\u00e1quinas pesadas. Verifique a compatibilidade com o seu motor antes da compra.<\/p>\n<p data-start=\"891\" data-end=\"925\"><strong data-start=\"895\" data-end=\"923\">Especifica\u00e7\u00f5es T\u00e9cnicas:<\/strong><\/p>\n<ul data-start=\"926\" data-end=\"1115\">\n<li data-start=\"926\" data-end=\"949\">\n<p data-start=\"928\" data-end=\"949\">C\u00f3digo: <strong data-start=\"936\" data-end=\"947\">3713974 (CODIGO GENUINO CAT)<\/strong><\/p>\n<\/li>\n<li data-start=\"950\" data-end=\"970\">\n<p data-start=\"952\" data-end=\"970\">Marca: <strong data-start=\"959\" data-end=\"968\">Bosch<\/strong><\/p>\n<\/li>\n<li data-start=\"971\" data-end=\"1001\">\n<p data-start=\"973\" data-end=\"1001\">Tipo: <strong data-start=\"979\" data-end=\"999\">Unidade Injetora<\/strong><\/p>\n<\/li>\n<li data-start=\"1002\" data-end=\"1024\">\n<p data-start=\"1004\" data-end=\"1024\">Condi\u00e7\u00e3o: <strong data-start=\"1014\" data-end=\"1022\">Novo<\/strong><\/p>\n<\/li>\n<li data-start=\"1025\" data-end=\"1061\">\n<p data-start=\"1027\" data-end=\"1061\">Produto: <strong data-start=\"1036\" data-end=\"1059\">Original de f\u00e1brica<\/strong><\/p>\n<\/li>\n<\/ul>\n<p data-start=\"1117\" data-end=\"1294\"><strong data-start=\"1120\" data-end=\"1135\">Benef\u00edcios:<\/strong><\/p>\n<p data-start=\"1117\" data-end=\"1294\"><br data-start=\"1135\" data-end=\"1138\" \/>\u2714\ufe0f Maior economia de combust\u00edvel<br data-start=\"1170\" data-end=\"1173\" \/>\u2714\ufe0f Redu\u00e7\u00e3o de emiss\u00f5es<br data-start=\"1195\" data-end=\"1198\" \/>\u2714\ufe0f Melhora no desempenho do motor<br data-start=\"1231\" data-end=\"1234\" \/>\u2714\ufe0f Alta durabilidade<br data-start=\"1254\" data-end=\"1257\" \/>\u2714\ufe0f Pe\u00e7a com excelente custo-benef\u00edcio<\/p>\n<p data-start=\"1296\" data-end=\"1331\"><strong data-start=\"1299\" data-end=\"1329\">O que voc\u00ea est\u00e1 comprando:<\/strong><\/p>\n<ul data-start=\"1332\" data-end=\"1422\">\n<li data-start=\"1332\" data-end=\"1422\">\n<p data-start=\"1334\" data-end=\"1422\">1 (uma) Unidade Injetora Bosch 3713974 &#8211; Produto novo, lacrado e pronto para instala\u00e7\u00e3o.<\/p>\n<\/li>\n<\/ul>\n<p data-start=\"1424\" data-end=\"1560\"><strong data-start=\"1427\" data-end=\"1446\">Envio Imediato!<\/strong><strong data-start=\"1461\" data-end=\"1501\">\u00a0Conforme disponibilidade de estoque.<\/strong><\/p>\n<p data-start=\"1562\" data-end=\"1716\"><strong data-start=\"1565\" data-end=\"1594\">Atendimento especializado<\/strong><br data-start=\"1594\" data-end=\"1597\" \/>Ficou com alguma d\u00favida? Nossa equipe est\u00e1 pronta para te ajudar com suporte t\u00e9cnico e comercial antes e ap\u00f3s a compra.<\/p>\n<hr data-start=\"1718\" data-end=\"1721\" \/>\n<p data-start=\"1723\" data-end=\"1743\"><strong data-start=\"1723\" data-end=\"1741\">\u26a0\ufe0f IMPORTANTE:<\/strong><\/p>\n<ul data-start=\"1744\" data-end=\"1930\">\n<li data-start=\"1744\" data-end=\"1801\">\n<p data-start=\"1746\" data-end=\"1801\">Recomendamos instala\u00e7\u00e3o por profissional qualificado.<\/p>\n<\/li>\n<li data-start=\"1802\" data-end=\"1896\">\n<p data-start=\"1804\" data-end=\"1896\">Verifique a compatibilidade do c\u00f3digo da pe\u00e7a com seu ve\u00edculo antes de finalizar a compra.<\/p>\n<\/li>\n<li data-start=\"1897\" data-end=\"1930\">\n<p data-start=\"1899\" data-end=\"1930\">Imagens meramente ilustrativas.<\/p>\n<\/li>\n<\/ul>\n<hr data-start=\"1932\" data-end=\"1935\" \/>\n<p data-start=\"1937\" data-end=\"2077\"><strong data-start=\"1940\" data-end=\"1965\">Compre com confian\u00e7a!<\/strong><br data-start=\"1965\" data-end=\"1968\" \/>Produto com nota fiscal e suporte. Somos vendedores profissionais com reputa\u00e7\u00e3o.<\/p>\n<p data-start=\"1937\" data-end=\"2077\">Clique em <strong data-start=\"2092\" data-end=\"2111\">&#8220;Comprar agora&#8221;<\/strong> e receba a pe\u00e7a que seu motor precisa com rapidez e seguran\u00e7a!<\/p>","protected":false},"featured_media":1455,"comment_status":"open","ping_status":"closed","template":"","meta":{"nf_dc_page":""},"product_brand":[80],"product_cat":[33],"product_tag":[],"class_list":{"0":"post-1451","1":"product","2":"type-product","3":"status-publish","4":"has-post-thumbnail","6":"product_brand-bosch","7":"product_cat-motor","9":"first","10":"instock","11":"shipping-taxable","12":"purchasable","13":"product-type-simple"},"_links":{"self":[{"href":"https:\/\/compemaq.com.br\/pt\/wp-json\/wp\/v2\/product\/1451","targetHints":{"allow":["GET"]}}],"collection":[{"href":"https:\/\/compemaq.com.br\/pt\/wp-json\/wp\/v2\/product"}],"about":[{"href":"https:\/\/compemaq.com.br\/pt\/wp-json\/wp\/v2\/types\/product"}],"replies":[{"embeddable":true,"href":"https:\/\/compemaq.com.br\/pt\/wp-json\/wp\/v2\/comments?post=1451"}],"wp:featuredmedia":[{"embeddable":true,"href":"https:\/\/compemaq.com.br\/pt\/wp-json\/wp\/v2\/media\/1455"}],"wp:attachment":[{"href":"https:\/\/compemaq.com.br\/pt\/wp-json\/wp\/v2\/media?parent=1451"}],"wp:term":[{"taxonomy":"product_brand","embeddable":true,"href":"https:\/\/compemaq.com.br\/pt\/wp-json\/wp\/v2\/product_brand?post=1451"},{"taxonomy":"product_cat","embeddable":true,"href":"https:\/\/compemaq.com.br\/pt\/wp-json\/wp\/v2\/product_cat?post=1451"},{"taxonomy":"product_tag","embeddable":true,"href":"https:\/\/compemaq.com.br\/pt\/wp-json\/wp\/v2\/product_tag?post=1451"}],"curies":[{"name":"wp","href":"https:\/\/api.w.org\/{rel}","templated":true}]}}