{"id":1447,"date":"2025-06-16T17:31:51","date_gmt":"2025-06-16T17:31:51","guid":{"rendered":"https:\/\/compemaq.com.br\/produto\/1r0751-filtro-de-combustivel-2\/"},"modified":"2025-06-16T19:44:38","modified_gmt":"2025-06-16T19:44:38","slug":"1r0751-filtro-de-combustivel-2","status":"publish","type":"product","link":"https:\/\/compemaq.com.br\/pt\/produto\/1r0751-filtro-de-combustivel-2\/","title":{"rendered":"1R0751- FILTRO DE COMBUSTIV\u00c9L"},"content":{"rendered":"","protected":false},"excerpt":{"rendered":"<p>O <strong>Filtro de Combust\u00edvel DONALDSON 1R-0751<\/strong> \u00e9 a escolha ideal para quem busca <strong>m\u00e1ximo desempenho, prote\u00e7\u00e3o e durabilidade<\/strong> no sistema de inje\u00e7\u00e3o de motores a diesel. Desenvolvido com <strong>tecnologia de filtragem avan\u00e7ada<\/strong>, este modelo oferece excelente reten\u00e7\u00e3o de part\u00edculas e contaminantes, aumentando a vida \u00fatil do motor e reduzindo falhas operacionais.<\/p>\n<p><strong>Destaques do Produto:<\/strong><\/p>\n<p style=\"margin-left: 36.0pt;text-indent: -18.0pt\"><!-- [if !supportLists]--><span style=\"font-size: 10.0pt;font-family: Symbol\">\u00b7<span style=\"font: 7.0pt 'Times New Roman'\">\u00a0\u00a0\u00a0\u00a0\u00a0\u00a0\u00a0\u00a0 <\/span><\/span><!--[endif]--><strong>C\u00f3digo<\/strong>: 1R-0751<\/p>\n<p style=\"margin-left: 36.0pt;text-indent: -18.0pt\"><!-- [if !supportLists]--><span style=\"font-size: 10.0pt;font-family: Symbol\">\u00b7<span style=\"font: 7.0pt 'Times New Roman'\">\u00a0\u00a0\u00a0\u00a0\u00a0\u00a0\u00a0\u00a0 <\/span><\/span><!--[endif]--><strong>Marca<\/strong>: Donaldson \u2013 Refer\u00eancia global em filtragem automotiva e industrial<\/p>\n<p style=\"margin-left: 36.0pt;text-indent: -18.0pt\"><!-- [if !supportLists]--><span style=\"font-size: 10.0pt;font-family: Symbol\">\u00b7<span style=\"font: 7.0pt 'Times New Roman'\">\u00a0\u00a0\u00a0\u00a0\u00a0\u00a0\u00a0\u00a0 <\/span><\/span><!--[endif]--><strong>Aplica\u00e7\u00e3o<\/strong>: Equipamentos pesados, linha amarela, caminh\u00f5es e m\u00e1quinas agr\u00edcolas<\/p>\n<p style=\"margin-left: 36.0pt;text-indent: -18.0pt\"><!-- [if !supportLists]--><span style=\"font-size: 10.0pt;font-family: Symbol\">\u00b7<span style=\"font: 7.0pt 'Times New Roman'\">\u00a0\u00a0\u00a0\u00a0\u00a0\u00a0\u00a0\u00a0 <\/span><\/span><!--[endif]--><strong>Tipo<\/strong>: Filtro de combust\u00edvel prim\u00e1rio \u2013 substitui modelos de diversas montadoras<\/p>\n<p style=\"margin-left: 36.0pt;text-indent: -18.0pt\"><!-- [if !supportLists]--><span style=\"font-size: 10.0pt;font-family: Symbol\">\u00b7<span style=\"font: 7.0pt 'Times New Roman'\">\u00a0\u00a0\u00a0\u00a0\u00a0\u00a0\u00a0\u00a0 <\/span><\/span><!--[endif]--><strong>Efici\u00eancia<\/strong>: Alta capacidade de reten\u00e7\u00e3o de impurezas com fluxo otimizado de combust\u00edvel<\/p>\n<p style=\"margin-left: 36.0pt;text-indent: -18.0pt\"><!-- [if !supportLists]--><span style=\"font-size: 10.0pt;font-family: Symbol\">\u00b7<span style=\"font: 7.0pt 'Times New Roman'\">\u00a0\u00a0\u00a0\u00a0\u00a0\u00a0\u00a0\u00a0 <\/span><\/span><!--[endif]--><strong>Compat\u00edvel com<\/strong>: Motores Caterpillar, entre outros (<em>verificar compatibilidade exata<\/em>)<\/p>\n<p style=\"margin-left: 36.0pt;text-indent: -18.0pt\"><!-- [if !supportLists]--><span style=\"font-size: 10.0pt;font-family: Symbol\">\u00b7<span style=\"font: 7.0pt 'Times New Roman'\">\u00a0\u00a0\u00a0\u00a0\u00a0\u00a0\u00a0\u00a0 <\/span><\/span><!--[endif]--><strong>Instala\u00e7\u00e3o r\u00e1pida<\/strong> e manuten\u00e7\u00e3o simplificada<\/p>\n<p><strong>Benef\u00edcios para o seu equipamento:<\/strong><\/p>\n<p style=\"margin-left: 36.0pt;text-indent: -18.0pt\"><!-- [if !supportLists]--><span style=\"font-size: 10.0pt;font-family: Symbol\">\u00b7<span style=\"font: 7.0pt 'Times New Roman'\">\u00a0\u00a0\u00a0\u00a0\u00a0\u00a0\u00a0\u00a0 <\/span><\/span><!--[endif]-->Protege o sistema de inje\u00e7\u00e3o contra impurezas e \u00e1gua no diesel<\/p>\n<p style=\"margin-left: 36.0pt;text-indent: -18.0pt\"><!-- [if !supportLists]--><span style=\"font-size: 10.0pt;font-family: Symbol\">\u00b7<span style=\"font: 7.0pt 'Times New Roman'\">\u00a0\u00a0\u00a0\u00a0\u00a0\u00a0\u00a0\u00a0 <\/span><\/span><!--[endif]-->Garante melhor desempenho e efici\u00eancia do motor<\/p>\n<p style=\"margin-left: 36.0pt;text-indent: -18.0pt\"><!-- [if !supportLists]--><span style=\"font-size: 10.0pt;font-family: Symbol\">\u00b7<span style=\"font: 7.0pt 'Times New Roman'\">\u00a0\u00a0\u00a0\u00a0\u00a0\u00a0\u00a0\u00a0 <\/span><\/span><!--[endif]-->Reduz custos com manuten\u00e7\u00e3o corretiva<\/p>\n<p style=\"margin-left: 36.0pt;text-indent: -18.0pt\"><!-- [if !supportLists]--><span style=\"font-size: 10.0pt;font-family: Symbol\">\u00b7<span style=\"font: 7.0pt 'Times New Roman'\">\u00a0\u00a0\u00a0\u00a0\u00a0\u00a0\u00a0\u00a0 <\/span><\/span><!--[endif]-->Ideal para ambientes severos de opera\u00e7\u00e3o<\/p>\n<p class=\"MsoNormal\">\n<p><strong>Modelos Compat\u00edveis para n\u00famero de pe\u00e7a 1R-0751:<\/strong><\/p>\n<p>TRUCK ENGINE &#8211; 3116 3126B<\/p>\n<p>INTEGRATED TOOLCARRIER &#8211; IT12B IT28G IT28F<\/p>\n<p>TRACK LOADER &#8211; 953C<\/p>\n<p>MOTOR GRADER &#8211; 120H<\/p>\n<p>WHEEL LOADER &#8211; 928F 938G 928G 938F 950G 960F 962G 950F 950F II<\/p>\n<p>COMPACT WHEEL LOADER &#8211; 910F 910E<\/p>\n<p>TRACK-TYPE TRACTOR &#8211; D4G<\/p>\n<p>CHALLENGER &#8211; 35 55 45<\/p>\n<p>ENGINE \u2013 MACHINE &#8211; C9 3114<\/p>\n<p>MARINE ENGINE &#8211; 3126B 3116 C9 C7<\/p>\n<p>INDUSTRIAL ENGINE &#8211; 3126<\/p>\n<p>WHEEL SCRAPER &#8211; 613C<\/p>\n<p>WHEEL FELLER BUNCHER &#8211; 533<\/p>\n<p>TRUCK &#8211; 797F<\/p>\n<p>EXCAVATOR &#8211; 312C L 320N 320-A L 320-A N 312C 320-A M318 320 L<\/p>\n<p>VIBRATORY COMPACTOR &#8211; CP-563 CS-563<\/p>\n","protected":false},"featured_media":1448,"comment_status":"open","ping_status":"closed","template":"","meta":{"nf_dc_page":""},"product_brand":[61],"product_cat":[72],"product_tag":[],"class_list":{"0":"post-1447","1":"product","2":"type-product","3":"status-publish","4":"has-post-thumbnail","6":"product_brand-donaldson","7":"product_cat-filtros-e-fluidos","9":"first","10":"instock","11":"shipping-taxable","12":"purchasable","13":"product-type-simple"},"_links":{"self":[{"href":"https:\/\/compemaq.com.br\/pt\/wp-json\/wp\/v2\/product\/1447","targetHints":{"allow":["GET"]}}],"collection":[{"href":"https:\/\/compemaq.com.br\/pt\/wp-json\/wp\/v2\/product"}],"about":[{"href":"https:\/\/compemaq.com.br\/pt\/wp-json\/wp\/v2\/types\/product"}],"replies":[{"embeddable":true,"href":"https:\/\/compemaq.com.br\/pt\/wp-json\/wp\/v2\/comments?post=1447"}],"wp:featuredmedia":[{"embeddable":true,"href":"https:\/\/compemaq.com.br\/pt\/wp-json\/wp\/v2\/media\/1448"}],"wp:attachment":[{"href":"https:\/\/compemaq.com.br\/pt\/wp-json\/wp\/v2\/media?parent=1447"}],"wp:term":[{"taxonomy":"product_brand","embeddable":true,"href":"https:\/\/compemaq.com.br\/pt\/wp-json\/wp\/v2\/product_brand?post=1447"},{"taxonomy":"product_cat","embeddable":true,"href":"https:\/\/compemaq.com.br\/pt\/wp-json\/wp\/v2\/product_cat?post=1447"},{"taxonomy":"product_tag","embeddable":true,"href":"https:\/\/compemaq.com.br\/pt\/wp-json\/wp\/v2\/product_tag?post=1447"}],"curies":[{"name":"wp","href":"https:\/\/api.w.org\/{rel}","templated":true}]}}