{"id":1438,"date":"2025-06-16T13:37:31","date_gmt":"2025-06-16T13:37:31","guid":{"rendered":"https:\/\/compemaq.com.br\/produto\/1313738-terminal-l-e\/"},"modified":"2025-06-16T13:39:09","modified_gmt":"2025-06-16T13:39:09","slug":"1313738-terminal-l-e","status":"publish","type":"product","link":"https:\/\/compemaq.com.br\/pt\/produto\/1313738-terminal-l-e\/","title":{"rendered":"1313738 TERMINAL L.E"},"content":{"rendered":"","protected":false},"excerpt":{"rendered":"<p>O <strong>Terminal 131-3738 da marca CTP (Costex Tractor Parts)<\/strong> \u00e9 um componente robusto e confi\u00e1vel, desenvolvido para oferecer <strong>conectividade segura e desempenho superior<\/strong> em sistemas de dire\u00e7\u00e3o ou articula\u00e7\u00e3o de m\u00e1quinas pesadas. Ideal para substitui\u00e7\u00e3o com qualidade OEM, ele \u00e9 a escolha certa para quem busca <strong>durabilidade, precis\u00e3o e economia<\/strong> na manuten\u00e7\u00e3o de equipamentos.<\/p>\n<p><strong>Aplica\u00e7\u00f5es comuns:<\/strong> Escavadeiras, carregadeiras, tratores de esteira, motoniveladoras e outras m\u00e1quinas pesadas da linha amarela com sistemas de dire\u00e7\u00e3o ou articula\u00e7\u00e3o compat\u00edveis.<\/p>\n<p><strong>Caracter\u00edsticas T\u00e9cnicas:<\/strong><\/p>\n<p style=\"margin-left: 36.0pt;text-indent: -18.0pt\"><!-- [if !supportLists]--><span style=\"font-size: 10.0pt;font-family: Symbol\">\u00b7<span style=\"font: 7.0pt 'Times New Roman'\">\u00a0\u00a0\u00a0\u00a0\u00a0\u00a0\u00a0\u00a0 <\/span><\/span><!--[endif]-->C\u00f3digo do produto: <strong>131-3738<\/strong><\/p>\n<p style=\"margin-left: 36.0pt;text-indent: -18.0pt\"><!-- [if !supportLists]--><span style=\"font-size: 10.0pt;font-family: Symbol\">\u00b7<span style=\"font: 7.0pt 'Times New Roman'\">\u00a0\u00a0\u00a0\u00a0\u00a0\u00a0\u00a0\u00a0 <\/span><\/span><!--[endif]-->Marca: <strong>CTP \u2013 Costex Tractor Parts<\/strong><\/p>\n<p style=\"margin-left: 36.0pt;text-indent: -18.0pt\"><!-- [if !supportLists]--><span style=\"font-size: 10.0pt;font-family: Symbol\">\u00b7<span style=\"font: 7.0pt 'Times New Roman'\">\u00a0\u00a0\u00a0\u00a0\u00a0\u00a0\u00a0\u00a0 <\/span><\/span><!--[endif]-->Material: A\u00e7o forjado de alta resist\u00eancia<\/p>\n<p style=\"margin-left: 36.0pt;text-indent: -18.0pt\"><!-- [if !supportLists]--><span style=\"font-size: 10.0pt;font-family: Symbol\">\u00b7<span style=\"font: 7.0pt 'Times New Roman'\">\u00a0\u00a0\u00a0\u00a0\u00a0\u00a0\u00a0\u00a0 <\/span><\/span><!--[endif]-->Tratamento anticorrosivo e acabamento de precis\u00e3o<\/p>\n<p style=\"margin-left: 36.0pt;text-indent: -18.0pt\"><!-- [if !supportLists]--><span style=\"font-size: 10.0pt;font-family: Symbol\">\u00b7<span style=\"font: 7.0pt 'Times New Roman'\">\u00a0\u00a0\u00a0\u00a0\u00a0\u00a0\u00a0\u00a0 <\/span><\/span><!--[endif]-->Produto novo, com garantia e alta compatibilidade com pe\u00e7as originais (OEM)<\/p>\n<p><strong>Principais Benef\u00edcios:<\/strong><\/p>\n<p style=\"margin-left: 36.0pt;text-indent: -18.0pt\"><!-- [if !supportLists]--><span style=\"font-size: 10.0pt;font-family: Symbol\">\u00b7<span style=\"font: 7.0pt 'Times New Roman'\">\u00a0\u00a0\u00a0\u00a0\u00a0\u00a0\u00a0\u00a0 <\/span><\/span><!--[endif]--><strong>Alta durabilidade<\/strong> mesmo sob cargas intensas e uso cont\u00ednuo<\/p>\n<p style=\"margin-left: 36.0pt;text-indent: -18.0pt\"><!-- [if !supportLists]--><span style=\"font-size: 10.0pt;font-family: Symbol\">\u00b7<span style=\"font: 7.0pt 'Times New Roman'\">\u00a0\u00a0\u00a0\u00a0\u00a0\u00a0\u00a0\u00a0 <\/span><\/span><!--[endif]--><strong>Encaixe perfeito<\/strong>, com montagem facilitada e segura<\/p>\n<p style=\"margin-left: 36.0pt;text-indent: -18.0pt\"><!-- [if !supportLists]--><span style=\"font-size: 10.0pt;font-family: Symbol\">\u00b7<span style=\"font: 7.0pt 'Times New Roman'\">\u00a0\u00a0\u00a0\u00a0\u00a0\u00a0\u00a0\u00a0 <\/span><\/span><!--[endif]-->Garante <strong>estabilidade e efici\u00eancia<\/strong> no sistema de articula\u00e7\u00e3o\/dire\u00e7\u00e3o<\/p>\n<p style=\"margin-left: 36.0pt;text-indent: -18.0pt\"><!-- [if !supportLists]--><span style=\"font-size: 10.0pt;font-family: Symbol\">\u00b7<span style=\"font: 7.0pt 'Times New Roman'\">\u00a0\u00a0\u00a0\u00a0\u00a0\u00a0\u00a0\u00a0 <\/span><\/span><!--[endif]--><strong>Redu\u00e7\u00e3o de falhas mec\u00e2nicas<\/strong>, aumentando a vida \u00fatil do equipamento<\/p>\n<p style=\"margin-left: 36.0pt;text-indent: -18.0pt\"><!-- [if !supportLists]--><span style=\"font-size: 10.0pt;font-family: Symbol\">\u00b7<span style=\"font: 7.0pt 'Times New Roman'\">\u00a0\u00a0\u00a0\u00a0\u00a0\u00a0\u00a0\u00a0 <\/span><\/span><!--[endif]-->Produto com <strong>excelente custo-benef\u00edcio<\/strong> e proced\u00eancia garantida<\/p>\n<p><strong>Modelos Compat\u00edveis para n\u00famero de pe\u00e7a 131-3738:<\/strong><\/p>\n<p>MOTOR GRADER &#8211; 140H NA 12H 12G 120H ES 130G 120H 143H 120G 135H 160H 163H NA 160G 140H 140G 135H NA<\/p>\n","protected":false},"featured_media":1439,"comment_status":"open","ping_status":"closed","template":"","meta":{"nf_dc_page":""},"product_brand":[64],"product_cat":[74],"product_tag":[],"class_list":{"0":"post-1438","1":"product","2":"type-product","3":"status-publish","4":"has-post-thumbnail","6":"product_brand-ctp","7":"product_cat-sistema-hidraulico","9":"first","10":"instock","11":"shipping-taxable","12":"purchasable","13":"product-type-simple"},"_links":{"self":[{"href":"https:\/\/compemaq.com.br\/pt\/wp-json\/wp\/v2\/product\/1438","targetHints":{"allow":["GET"]}}],"collection":[{"href":"https:\/\/compemaq.com.br\/pt\/wp-json\/wp\/v2\/product"}],"about":[{"href":"https:\/\/compemaq.com.br\/pt\/wp-json\/wp\/v2\/types\/product"}],"replies":[{"embeddable":true,"href":"https:\/\/compemaq.com.br\/pt\/wp-json\/wp\/v2\/comments?post=1438"}],"wp:featuredmedia":[{"embeddable":true,"href":"https:\/\/compemaq.com.br\/pt\/wp-json\/wp\/v2\/media\/1439"}],"wp:attachment":[{"href":"https:\/\/compemaq.com.br\/pt\/wp-json\/wp\/v2\/media?parent=1438"}],"wp:term":[{"taxonomy":"product_brand","embeddable":true,"href":"https:\/\/compemaq.com.br\/pt\/wp-json\/wp\/v2\/product_brand?post=1438"},{"taxonomy":"product_cat","embeddable":true,"href":"https:\/\/compemaq.com.br\/pt\/wp-json\/wp\/v2\/product_cat?post=1438"},{"taxonomy":"product_tag","embeddable":true,"href":"https:\/\/compemaq.com.br\/pt\/wp-json\/wp\/v2\/product_tag?post=1438"}],"curies":[{"name":"wp","href":"https:\/\/api.w.org\/{rel}","templated":true}]}}