{"id":1433,"date":"2025-06-16T13:12:12","date_gmt":"2025-06-16T13:12:12","guid":{"rendered":"https:\/\/compemaq.com.br\/produto\/1313736-terminal-2\/"},"modified":"2025-06-16T13:23:12","modified_gmt":"2025-06-16T13:23:12","slug":"1313736-terminal-2","status":"publish","type":"product","link":"https:\/\/compemaq.com.br\/pt\/produto\/1313736-terminal-2\/","title":{"rendered":"1313736- TERMINAL"},"content":{"rendered":"","protected":false},"excerpt":{"rendered":"<p>O <strong>Terminal 131-3736 da marca BLUMAQ<\/strong> \u00e9 a escolha ideal para quem busca <strong>efici\u00eancia, resist\u00eancia e confiabilidade<\/strong> nas conex\u00f5es hidr\u00e1ulicas ou mec\u00e2nicas de m\u00e1quinas pesadas. Projetado para suportar condi\u00e7\u00f5es severas de trabalho, este terminal proporciona uma fixa\u00e7\u00e3o segura e contribui diretamente para o bom desempenho do equipamento.<\/p>\n<p><strong>Aplica\u00e7\u00f5es principais:<\/strong> Escavadeiras, motoniveladoras, tratores, carregadeiras e outros equipamentos da linha amarela com compatibilidade comprovada.<\/p>\n<p><strong>Caracter\u00edsticas T\u00e9cnicas:<\/strong><\/p>\n<p style=\"margin-left: 36.0pt;text-indent: -18.0pt\"><!-- [if !supportLists]--><span style=\"font-size: 10.0pt;font-family: Symbol\">\u00b7<span style=\"font: 7.0pt 'Times New Roman'\">\u00a0\u00a0\u00a0\u00a0\u00a0\u00a0\u00a0\u00a0 <\/span><\/span><!--[endif]-->C\u00f3digo do produto: <strong>131-3736<\/strong><\/p>\n<p style=\"margin-left: 36.0pt;text-indent: -18.0pt\"><!-- [if !supportLists]--><span style=\"font-size: 10.0pt;font-family: Symbol\">\u00b7<span style=\"font: 7.0pt 'Times New Roman'\">\u00a0\u00a0\u00a0\u00a0\u00a0\u00a0\u00a0\u00a0 <\/span><\/span><!--[endif]-->Marca: <strong>BLUMAQ<\/strong> \u2013 refer\u00eancia em qualidade e pe\u00e7as de reposi\u00e7\u00e3o para equipamentos pesados<\/p>\n<p style=\"margin-left: 36.0pt;text-indent: -18.0pt\"><!-- [if !supportLists]--><span style=\"font-size: 10.0pt;font-family: Symbol\">\u00b7<span style=\"font: 7.0pt 'Times New Roman'\">\u00a0\u00a0\u00a0\u00a0\u00a0\u00a0\u00a0\u00a0 <\/span><\/span><!--[endif]-->Material: a\u00e7o de alta resist\u00eancia com tratamento anticorrosivo<\/p>\n<p style=\"margin-left: 36.0pt;text-indent: -18.0pt\"><!-- [if !supportLists]--><span style=\"font-size: 10.0pt;font-family: Symbol\">\u00b7<span style=\"font: 7.0pt 'Times New Roman'\">\u00a0\u00a0\u00a0\u00a0\u00a0\u00a0\u00a0\u00a0 <\/span><\/span><!--[endif]-->Produto novo, com garantia e pronta entrega<\/p>\n<p style=\"margin-left: 36.0pt;text-indent: -18.0pt\"><!-- [if !supportLists]--><span style=\"font-size: 10.0pt;font-family: Symbol\">\u00b7<span style=\"font: 7.0pt 'Times New Roman'\">\u00a0\u00a0\u00a0\u00a0\u00a0\u00a0\u00a0\u00a0 <\/span><\/span><!--[endif]-->Dimens\u00f5es e encaixe compat\u00edveis com os padr\u00f5es originais (OEM)<\/p>\n<p><strong>Benef\u00edcios:<\/strong><\/p>\n<p style=\"margin-left: 36.0pt;text-indent: -18.0pt\"><!-- [if !supportLists]--><span style=\"font-size: 10.0pt;font-family: Symbol\">\u00b7<span style=\"font: 7.0pt 'Times New Roman'\">\u00a0\u00a0\u00a0\u00a0\u00a0\u00a0\u00a0\u00a0 <\/span><\/span><!--[endif]--><strong>Alta durabilidade<\/strong> mesmo em ambientes agressivos<\/p>\n<p style=\"margin-left: 36.0pt;text-indent: -18.0pt\"><!-- [if !supportLists]--><span style=\"font-size: 10.0pt;font-family: Symbol\">\u00b7<span style=\"font: 7.0pt 'Times New Roman'\">\u00a0\u00a0\u00a0\u00a0\u00a0\u00a0\u00a0\u00a0 <\/span><\/span><!--[endif]--><strong>Conex\u00e3o firme e confi\u00e1vel<\/strong>, reduzindo riscos de vazamentos ou falhas<\/p>\n<p style=\"margin-left: 36.0pt;text-indent: -18.0pt\"><!-- [if !supportLists]--><span style=\"font-size: 10.0pt;font-family: Symbol\">\u00b7<span style=\"font: 7.0pt 'Times New Roman'\">\u00a0\u00a0\u00a0\u00a0\u00a0\u00a0\u00a0\u00a0 <\/span><\/span><!--[endif]-->Compat\u00edvel com diversas marcas e modelos de equipamentos<\/p>\n<p style=\"margin-left: 36.0pt;text-indent: -18.0pt\"><!-- [if !supportLists]--><span style=\"font-size: 10.0pt;font-family: Symbol\">\u00b7<span style=\"font: 7.0pt 'Times New Roman'\">\u00a0\u00a0\u00a0\u00a0\u00a0\u00a0\u00a0\u00a0 <\/span><\/span><!--[endif]-->Pe\u00e7a de reposi\u00e7\u00e3o com <strong>excelente custo-benef\u00edcio<\/strong><\/p>\n<p><strong>Modelos Compat\u00edveis para n\u00famero de pe\u00e7a 131-3736:<\/strong><\/p>\n<p>MOTOR GRADER &#8211; 12H NA 140H NA 12H 12G 120H ES 120H 143H 120 135H 160H NA 140 GC 163H NA 160H 140H 160H ES 140G 135H NA 120H NA 12H ES 140H ES<\/p>\n","protected":false},"featured_media":1436,"comment_status":"open","ping_status":"closed","template":"","meta":{"nf_dc_page":""},"product_brand":[69],"product_cat":[74],"product_tag":[],"class_list":{"0":"post-1433","1":"product","2":"type-product","3":"status-publish","4":"has-post-thumbnail","6":"product_brand-blumaq","7":"product_cat-sistema-hidraulico","9":"first","10":"instock","11":"shipping-taxable","12":"purchasable","13":"product-type-simple"},"_links":{"self":[{"href":"https:\/\/compemaq.com.br\/pt\/wp-json\/wp\/v2\/product\/1433","targetHints":{"allow":["GET"]}}],"collection":[{"href":"https:\/\/compemaq.com.br\/pt\/wp-json\/wp\/v2\/product"}],"about":[{"href":"https:\/\/compemaq.com.br\/pt\/wp-json\/wp\/v2\/types\/product"}],"replies":[{"embeddable":true,"href":"https:\/\/compemaq.com.br\/pt\/wp-json\/wp\/v2\/comments?post=1433"}],"wp:featuredmedia":[{"embeddable":true,"href":"https:\/\/compemaq.com.br\/pt\/wp-json\/wp\/v2\/media\/1436"}],"wp:attachment":[{"href":"https:\/\/compemaq.com.br\/pt\/wp-json\/wp\/v2\/media?parent=1433"}],"wp:term":[{"taxonomy":"product_brand","embeddable":true,"href":"https:\/\/compemaq.com.br\/pt\/wp-json\/wp\/v2\/product_brand?post=1433"},{"taxonomy":"product_cat","embeddable":true,"href":"https:\/\/compemaq.com.br\/pt\/wp-json\/wp\/v2\/product_cat?post=1433"},{"taxonomy":"product_tag","embeddable":true,"href":"https:\/\/compemaq.com.br\/pt\/wp-json\/wp\/v2\/product_tag?post=1433"}],"curies":[{"name":"wp","href":"https:\/\/api.w.org\/{rel}","templated":true}]}}