{"id":1428,"date":"2025-06-16T12:58:52","date_gmt":"2025-06-16T12:58:52","guid":{"rendered":"https:\/\/compemaq.com.br\/produto\/1291170-eixo-bomba-dagua\/"},"modified":"2025-06-16T13:00:49","modified_gmt":"2025-06-16T13:00:49","slug":"1291170-eixo-bomba-dagua","status":"publish","type":"product","link":"https:\/\/compemaq.com.br\/pt\/produto\/1291170-eixo-bomba-dagua\/","title":{"rendered":"1291170- EIXO &#8211; BOMBA DAGUA"},"content":{"rendered":"","protected":false},"excerpt":{"rendered":"<p>O <strong>Eixo da Bomba d&#8217;\u00c1gua 129-1170 da marca ITR<\/strong> \u00e9 um componente essencial para o bom funcionamento do sistema de arrefecimento de motores de m\u00e1quinas pesadas. Fabricado com materiais de alta resist\u00eancia e precis\u00e3o dimensional, garante o perfeito acionamento da bomba d\u2019\u00e1gua, promovendo uma refrigera\u00e7\u00e3o eficiente e prolongando a vida \u00fatil do motor.<\/p>\n<p><strong>Aplica\u00e7\u00f5es principais:<\/strong> Escavadeiras, tratores, carregadeiras e outras m\u00e1quinas pesadas com motores compat\u00edveis.<\/p>\n<p><strong>Caracter\u00edsticas T\u00e9cnicas:<\/strong><\/p>\n<p style=\"margin-left: 36.0pt;text-indent: -18.0pt\"><!-- [if !supportLists]--><span style=\"font-size: 10.0pt;font-family: Symbol\">\u00b7<span style=\"font: 7.0pt 'Times New Roman'\">\u00a0\u00a0\u00a0\u00a0\u00a0\u00a0\u00a0\u00a0 <\/span><\/span><!--[endif]-->C\u00f3digo do produto: <strong>129-1170<\/strong><\/p>\n<p style=\"margin-left: 36.0pt;text-indent: -18.0pt\"><!-- [if !supportLists]--><span style=\"font-size: 10.0pt;font-family: Symbol\">\u00b7<span style=\"font: 7.0pt 'Times New Roman'\">\u00a0\u00a0\u00a0\u00a0\u00a0\u00a0\u00a0\u00a0 <\/span><\/span><!--[endif]-->Marca: <strong>ITR<\/strong><\/p>\n<p style=\"margin-left: 36.0pt;text-indent: -18.0pt\"><!-- [if !supportLists]--><span style=\"font-size: 10.0pt;font-family: Symbol\">\u00b7<span style=\"font: 7.0pt 'Times New Roman'\">\u00a0\u00a0\u00a0\u00a0\u00a0\u00a0\u00a0\u00a0 <\/span><\/span><!--[endif]-->Produto novo e com garantia<\/p>\n<p style=\"margin-left: 36.0pt;text-indent: -18.0pt\"><!-- [if !supportLists]--><span style=\"font-size: 10.0pt;font-family: Symbol\">\u00b7<span style=\"font: 7.0pt 'Times New Roman'\">\u00a0\u00a0\u00a0\u00a0\u00a0\u00a0\u00a0\u00a0 <\/span><\/span><!--[endif]-->Material: a\u00e7o temperado de alta resist\u00eancia<\/p>\n<p style=\"margin-left: 36.0pt;text-indent: -18.0pt\"><!-- [if !supportLists]--><span style=\"font-size: 10.0pt;font-family: Symbol\">\u00b7<span style=\"font: 7.0pt 'Times New Roman'\">\u00a0\u00a0\u00a0\u00a0\u00a0\u00a0\u00a0\u00a0 <\/span><\/span><!--[endif]-->Excelente acabamento e balanceamento<\/p>\n<p><strong>Benef\u00edcios:<\/strong><\/p>\n<p style=\"margin-left: 36.0pt;text-indent: -18.0pt\"><!-- [if !supportLists]--><span style=\"font-size: 10.0pt;font-family: Symbol\">\u00b7<span style=\"font: 7.0pt 'Times New Roman'\">\u00a0\u00a0\u00a0\u00a0\u00a0\u00a0\u00a0\u00a0 <\/span><\/span><!--[endif]--><strong>Evita o superaquecimento<\/strong> do motor ao manter o sistema de arrefecimento em pleno funcionamento<\/p>\n<p style=\"margin-left: 36.0pt;text-indent: -18.0pt\"><!-- [if !supportLists]--><span style=\"font-size: 10.0pt;font-family: Symbol\">\u00b7<span style=\"font: 7.0pt 'Times New Roman'\">\u00a0\u00a0\u00a0\u00a0\u00a0\u00a0\u00a0\u00a0 <\/span><\/span><!--[endif]--><strong>Durabilidade elevada<\/strong>, mesmo sob uso cont\u00ednuo e em condi\u00e7\u00f5es severas<\/p>\n<p style=\"margin-left: 36.0pt;text-indent: -18.0pt\"><!-- [if !supportLists]--><span style=\"font-size: 10.0pt;font-family: Symbol\">\u00b7<span style=\"font: 7.0pt 'Times New Roman'\">\u00a0\u00a0\u00a0\u00a0\u00a0\u00a0\u00a0\u00a0 <\/span><\/span><!--[endif]--><strong>Alta compatibilidade<\/strong> com motores de marcas reconhecidas no mercado<\/p>\n<p style=\"margin-left: 36.0pt;text-indent: -18.0pt\"><!-- [if !supportLists]--><span style=\"font-size: 10.0pt;font-family: Symbol\">\u00b7<span style=\"font: 7.0pt 'Times New Roman'\">\u00a0\u00a0\u00a0\u00a0\u00a0\u00a0\u00a0\u00a0 <\/span><\/span><!--[endif]-->Produzido conforme os <strong>padr\u00f5es internacionais de qualidade<\/strong><\/p>\n<p><strong>Modelos Compat\u00edveis para n\u00famero de pe\u00e7a 129-1170:<\/strong><\/p>\n<p>TRACK-TYPE TRACTOR &#8211; D6N D5N<\/p>\n<p>TRUCK ENGINE &#8211; 3126B 3116<\/p>\n<p>EXCAVATOR &#8211; M325D MH M325D L MH<\/p>\n<p>WHEEL LOADER &#8211; 950G II<\/p>\n","protected":false},"featured_media":1431,"comment_status":"open","ping_status":"closed","template":"","meta":{"nf_dc_page":""},"product_brand":[65],"product_cat":[33],"product_tag":[],"class_list":{"0":"post-1428","1":"product","2":"type-product","3":"status-publish","4":"has-post-thumbnail","6":"product_brand-itr","7":"product_cat-motor","9":"first","10":"instock","11":"shipping-taxable","12":"purchasable","13":"product-type-simple"},"_links":{"self":[{"href":"https:\/\/compemaq.com.br\/pt\/wp-json\/wp\/v2\/product\/1428","targetHints":{"allow":["GET"]}}],"collection":[{"href":"https:\/\/compemaq.com.br\/pt\/wp-json\/wp\/v2\/product"}],"about":[{"href":"https:\/\/compemaq.com.br\/pt\/wp-json\/wp\/v2\/types\/product"}],"replies":[{"embeddable":true,"href":"https:\/\/compemaq.com.br\/pt\/wp-json\/wp\/v2\/comments?post=1428"}],"wp:featuredmedia":[{"embeddable":true,"href":"https:\/\/compemaq.com.br\/pt\/wp-json\/wp\/v2\/media\/1431"}],"wp:attachment":[{"href":"https:\/\/compemaq.com.br\/pt\/wp-json\/wp\/v2\/media?parent=1428"}],"wp:term":[{"taxonomy":"product_brand","embeddable":true,"href":"https:\/\/compemaq.com.br\/pt\/wp-json\/wp\/v2\/product_brand?post=1428"},{"taxonomy":"product_cat","embeddable":true,"href":"https:\/\/compemaq.com.br\/pt\/wp-json\/wp\/v2\/product_cat?post=1428"},{"taxonomy":"product_tag","embeddable":true,"href":"https:\/\/compemaq.com.br\/pt\/wp-json\/wp\/v2\/product_tag?post=1428"}],"curies":[{"name":"wp","href":"https:\/\/api.w.org\/{rel}","templated":true}]}}