{"id":1424,"date":"2025-05-30T14:14:23","date_gmt":"2025-05-30T14:14:23","guid":{"rendered":"https:\/\/compemaq.com.br\/produto\/4629804-bobina\/"},"modified":"2025-05-30T14:15:34","modified_gmt":"2025-05-30T14:15:34","slug":"4629804-bobina","status":"publish","type":"product","link":"https:\/\/compemaq.com.br\/pt\/produto\/4629804-bobina\/","title":{"rendered":"4629804- BOBINA"},"content":{"rendered":"","protected":false},"excerpt":{"rendered":"<p class=\"MsoNormal\" style=\"line-height: normal\"><span style=\"font-size: 12.0pt;font-family: 'Times New Roman',serif\">A <strong>Bobina do Solenoide Caterpillar 462-9804<\/strong> \u00e9 um componente essencial no sistema de controle de v\u00e1lvulas hidr\u00e1ulicas de m\u00e1quinas pesadas. Respons\u00e1vel por acionar eletricamente o solenoide, ela garante a opera\u00e7\u00e3o precisa dos comandos hidr\u00e1ulicos, contribuindo para o desempenho, seguran\u00e7a e produtividade do equipamento.<\/span><\/p>\n<p class=\"MsoNormal\" style=\"line-height: normal\"><span style=\"font-size: 12.0pt;font-family: 'Times New Roman',serif\">Fabricada com a qualidade e confiabilidade da <strong>Caterpillar<\/strong>, esta bobina foi projetada para operar sob condi\u00e7\u00f5es severas de temperatura, vibra\u00e7\u00e3o e press\u00e3o, com m\u00e1xima durabilidade e performance el\u00e9trica.<\/span><\/p>\n<p class=\"MsoNormal\" style=\"margin-bottom: .0001pt;line-height: normal\"><span style=\"font-size: 12.0pt;font-family: 'Times New Roman',serif\">\u00a0<\/span><\/p>\n<p class=\"MsoNormal\" style=\"line-height: normal\"><strong><span style=\"font-size: 13.5pt;font-family: 'Times New Roman',serif\">ESPECIFICA\u00c7\u00d5ES T\u00c9CNICAS:<\/span><\/strong><\/p>\n<ul type=\"disc\">\n<li class=\"MsoNormal\" style=\"line-height: normal\"><strong><span style=\"font-size: 12.0pt;font-family: 'Times New Roman',serif\">C\u00f3digo Original:<\/span><\/strong><span style=\"font-size: 12.0pt;font-family: 'Times New Roman',serif\"> 462-9804<\/span><\/li>\n<li class=\"MsoNormal\" style=\"line-height: normal\"><strong><span style=\"font-size: 12.0pt;font-family: 'Times New Roman',serif\">Tipo:<\/span><\/strong><span style=\"font-size: 12.0pt;font-family: 'Times New Roman',serif\"> Bobina el\u00e9trica para v\u00e1lvula solenoide<\/span><\/li>\n<li class=\"MsoNormal\" style=\"line-height: normal\"><strong><span style=\"font-size: 12.0pt;font-family: 'Times New Roman',serif\">Aplica\u00e7\u00e3o:<\/span><\/strong><span style=\"font-size: 12.0pt;font-family: 'Times New Roman',serif\"> M\u00e1quinas e sistemas hidr\u00e1ulicos Caterpillar (consulte compatibilidade com o modelo do equipamento)<\/span><\/li>\n<li class=\"MsoNormal\" style=\"line-height: normal\"><strong><span style=\"font-size: 12.0pt;font-family: 'Times New Roman',serif\">Tens\u00e3o:<\/span><\/strong><span style=\"font-size: 12.0pt;font-family: 'Times New Roman',serif\"> Conforme especifica\u00e7\u00e3o t\u00e9cnica do modelo<\/span><\/li>\n<li class=\"MsoNormal\" style=\"line-height: normal\"><strong><span style=\"font-size: 12.0pt;font-family: 'Times New Roman',serif\">Constru\u00e7\u00e3o:<\/span><\/strong><span style=\"font-size: 12.0pt;font-family: 'Times New Roman',serif\"> Bobina encapsulada, resistente \u00e0 \u00e1gua, poeira e altas temperaturas<\/span><\/li>\n<\/ul>\n<p class=\"MsoNormal\" style=\"margin-bottom: .0001pt;line-height: normal\"><span style=\"font-size: 12.0pt;font-family: 'Times New Roman',serif\">\u00a0<\/span><\/p>\n<p class=\"MsoNormal\" style=\"line-height: normal\"><strong><span style=\"font-size: 13.5pt;font-family: 'Times New Roman',serif\">BENEF\u00cdCIOS DO PRODUTO:<\/span><\/strong><\/p>\n<ul type=\"disc\">\n<li class=\"MsoNormal\" style=\"line-height: normal\"><span style=\"font-size: 12.0pt;font-family: 'Times New Roman',serif\">Garante acionamento preciso das v\u00e1lvulas hidr\u00e1ulicas<\/span><\/li>\n<li class=\"MsoNormal\" style=\"line-height: normal\"><span style=\"font-size: 12.0pt;font-family: 'Times New Roman',serif\">Reduz o risco de falhas no sistema de controle<\/span><\/li>\n<li class=\"MsoNormal\" style=\"line-height: normal\"><span style=\"font-size: 12.0pt;font-family: 'Times New Roman',serif\">Alta resist\u00eancia a calor, vibra\u00e7\u00f5es e ambientes agressivos<\/span><\/li>\n<li class=\"MsoNormal\" style=\"line-height: normal\"><span style=\"font-size: 12.0pt;font-family: 'Times New Roman',serif\">Encaixe perfeito para f\u00e1cil substitui\u00e7\u00e3o<\/span><\/li>\n<li class=\"MsoNormal\" style=\"line-height: normal\"><span style=\"font-size: 12.0pt;font-family: 'Times New Roman',serif\">Performance confi\u00e1vel em longos ciclos de opera\u00e7\u00e3o<\/span><\/li>\n<\/ul>\n<p class=\"MsoNormal\" style=\"line-height: normal\"><strong><span style=\"font-size: 12.0pt;font-family: 'Times New Roman',serif\">Modelos Compat\u00edveis para n\u00famero de pe\u00e7a 462-9804:<\/span><\/strong><\/p>\n<p class=\"MsoNormal\" style=\"line-height: normal\"><span style=\"font-size: 12.0pt;font-family: 'Times New Roman',serif\">SOIL COMPACTOR &#8211; 825K<\/span><\/p>\n<p class=\"MsoNormal\" style=\"line-height: normal\"><span style=\"font-size: 12.0pt;font-family: 'Times New Roman',serif\">EXCAVATOR &#8211; 352<\/span><\/p>\n<p class=\"MsoNormal\" style=\"line-height: normal\"><span style=\"font-size: 12.0pt;font-family: 'Times New Roman',serif\">WHEEL DOZER &#8211; 834K 824K<\/span><\/p>\n<p class=\"MsoNormal\" style=\"line-height: normal\"><span style=\"font-size: 12.0pt;font-family: 'Times New Roman',serif\">LANDFILL COMPACTOR &#8211; 826K 836K<\/span><\/p>\n<p class=\"MsoNormal\" style=\"line-height: normal\"><span style=\"font-size: 12.0pt;font-family: 'Times New Roman',serif\">WHEEL LOADER &#8211; 980 XE 962M Z 962 966XE 980 982XE 982 980XE 988K XE 938K 938M 988K 924K 926M 966L 930K 966 966M 930M 962L 972M 950M 962M 990K 950 972 972L 950L 982M 980M 950M Z<\/span><\/p>","protected":false},"featured_media":1425,"comment_status":"open","ping_status":"closed","template":"","meta":{"nf_dc_page":""},"product_brand":[58],"product_cat":[74],"product_tag":[],"class_list":{"0":"post-1424","1":"product","2":"type-product","3":"status-publish","4":"has-post-thumbnail","6":"product_brand-caterpillar","7":"product_cat-sistema-hidraulico","9":"first","10":"instock","11":"shipping-taxable","12":"purchasable","13":"product-type-simple"},"_links":{"self":[{"href":"https:\/\/compemaq.com.br\/pt\/wp-json\/wp\/v2\/product\/1424","targetHints":{"allow":["GET"]}}],"collection":[{"href":"https:\/\/compemaq.com.br\/pt\/wp-json\/wp\/v2\/product"}],"about":[{"href":"https:\/\/compemaq.com.br\/pt\/wp-json\/wp\/v2\/types\/product"}],"replies":[{"embeddable":true,"href":"https:\/\/compemaq.com.br\/pt\/wp-json\/wp\/v2\/comments?post=1424"}],"wp:featuredmedia":[{"embeddable":true,"href":"https:\/\/compemaq.com.br\/pt\/wp-json\/wp\/v2\/media\/1425"}],"wp:attachment":[{"href":"https:\/\/compemaq.com.br\/pt\/wp-json\/wp\/v2\/media?parent=1424"}],"wp:term":[{"taxonomy":"product_brand","embeddable":true,"href":"https:\/\/compemaq.com.br\/pt\/wp-json\/wp\/v2\/product_brand?post=1424"},{"taxonomy":"product_cat","embeddable":true,"href":"https:\/\/compemaq.com.br\/pt\/wp-json\/wp\/v2\/product_cat?post=1424"},{"taxonomy":"product_tag","embeddable":true,"href":"https:\/\/compemaq.com.br\/pt\/wp-json\/wp\/v2\/product_tag?post=1424"}],"curies":[{"name":"wp","href":"https:\/\/api.w.org\/{rel}","templated":true}]}}