{"id":1418,"date":"2025-05-30T13:48:54","date_gmt":"2025-05-30T13:48:54","guid":{"rendered":"https:\/\/compemaq.com.br\/produto\/3013118-bobina\/"},"modified":"2025-05-30T13:51:43","modified_gmt":"2025-05-30T13:51:43","slug":"3013118-bobina","status":"publish","type":"product","link":"https:\/\/compemaq.com.br\/pt\/produto\/3013118-bobina\/","title":{"rendered":"3013118- BOBINA"},"content":{"rendered":"","protected":false},"excerpt":{"rendered":"<p class=\"MsoNormal\" style=\"line-height: normal\"><span style=\"font-size: 12.0pt;font-family: 'Times New Roman',serif\">A <strong>Bobina da V\u00e1lvula Solenoide Caterpillar 301-3118<\/strong> \u00e9 um componente essencial no sistema hidr\u00e1ulico de m\u00e1quinas pesadas, respons\u00e1vel por acionar a v\u00e1lvula de forma precisa e eficiente. Fabricada com a qualidade original <strong>Caterpillar<\/strong>, essa bobina oferece alto desempenho, durabilidade e confiabilidade mesmo em condi\u00e7\u00f5es severas de opera\u00e7\u00e3o.<\/span><\/p>\n<p class=\"MsoNormal\" style=\"line-height: normal\"><span style=\"font-size: 12.0pt;font-family: 'Times New Roman',serif\">Projetada para fornecer uma resposta r\u00e1pida e segura, a bobina 301-3118 \u00e9 compat\u00edvel com diversos modelos de equipamentos <strong>Caterpillar<\/strong> e garante o controle ideal do fluxo hidr\u00e1ulico, evitando falhas e otimizando a performance da m\u00e1quina.<\/span><\/p>\n<p class=\"MsoNormal\" style=\"margin-bottom: .0001pt;line-height: normal\"><span style=\"font-size: 12.0pt;font-family: 'Times New Roman',serif\">\u00a0<\/span><\/p>\n<p class=\"MsoNormal\" style=\"line-height: normal\"><strong><span style=\"font-size: 13.5pt;font-family: 'Times New Roman',serif\">\u00a0ESPECIFICA\u00c7\u00d5ES T\u00c9CNICAS:<\/span><\/strong><\/p>\n<ul type=\"disc\">\n<li class=\"MsoNormal\" style=\"line-height: normal\"><strong><span style=\"font-size: 12.0pt;font-family: 'Times New Roman',serif\">C\u00f3digo Original:<\/span><\/strong><span style=\"font-size: 12.0pt;font-family: 'Times New Roman',serif\"> 301-3118<\/span><\/li>\n<li class=\"MsoNormal\" style=\"line-height: normal\"><strong><span style=\"font-size: 12.0pt;font-family: 'Times New Roman',serif\">Tipo:<\/span><\/strong><span style=\"font-size: 12.0pt;font-family: 'Times New Roman',serif\"> Bobina el\u00e9trica da v\u00e1lvula solenoide<\/span><\/li>\n<li class=\"MsoNormal\" style=\"line-height: normal\"><strong><span style=\"font-size: 12.0pt;font-family: 'Times New Roman',serif\">Aplica\u00e7\u00e3o:<\/span><\/strong><span style=\"font-size: 12.0pt;font-family: 'Times New Roman',serif\"> M\u00e1quinas e sistemas hidr\u00e1ulicos Caterpillar (verifique compatibilidade com o modelo)<\/span><\/li>\n<li class=\"MsoNormal\" style=\"line-height: normal\"><strong><span style=\"font-size: 12.0pt;font-family: 'Times New Roman',serif\">Tens\u00e3o de opera\u00e7\u00e3o:<\/span><\/strong><span style=\"font-size: 12.0pt;font-family: 'Times New Roman',serif\"> Conforme especifica\u00e7\u00e3o do equipamento<\/span><\/li>\n<li class=\"MsoNormal\" style=\"line-height: normal\"><strong><span style=\"font-size: 12.0pt;font-family: 'Times New Roman',serif\">Material:<\/span><\/strong><span style=\"font-size: 12.0pt;font-family: 'Times New Roman',serif\"> Bobina encapsulada, resistente a calor e vibra\u00e7\u00f5es<\/span><\/li>\n<\/ul>\n<p class=\"MsoNormal\" style=\"margin-bottom: .0001pt;line-height: normal\"><span style=\"font-size: 12.0pt;font-family: 'Times New Roman',serif\">\u00a0<\/span><\/p>\n<p class=\"MsoNormal\" style=\"line-height: normal\"><strong><span style=\"font-size: 13.5pt;font-family: 'Times New Roman',serif\">\u00a0PRINCIPAIS BENEF\u00cdCIOS:<\/span><\/strong><\/p>\n<ul type=\"disc\">\n<li class=\"MsoNormal\" style=\"line-height: normal\"><span style=\"font-size: 12.0pt;font-family: 'Times New Roman',serif\">Garante o funcionamento correto da v\u00e1lvula hidr\u00e1ulica<\/span><\/li>\n<li class=\"MsoNormal\" style=\"line-height: normal\"><span style=\"font-size: 12.0pt;font-family: 'Times New Roman',serif\">Resposta el\u00e9trica r\u00e1pida e confi\u00e1vel<\/span><\/li>\n<li class=\"MsoNormal\" style=\"line-height: normal\"><span style=\"font-size: 12.0pt;font-family: 'Times New Roman',serif\">Reduz falhas no sistema de comando hidr\u00e1ulico<\/span><\/li>\n<li class=\"MsoNormal\" style=\"line-height: normal\"><span style=\"font-size: 12.0pt;font-family: 'Times New Roman',serif\">Alta resist\u00eancia \u00e0 temperatura e vibra\u00e7\u00e3o<\/span><\/li>\n<li class=\"MsoNormal\" style=\"line-height: normal\"><span style=\"font-size: 12.0pt;font-family: 'Times New Roman',serif\">F\u00e1cil instala\u00e7\u00e3o com encaixe preciso<\/span><\/li>\n<\/ul>\n<p class=\"MsoNormal\" style=\"line-height: normal\"><strong><span style=\"font-size: 12.0pt;font-family: 'Times New Roman',serif\">Modelos Compat\u00edveis para n\u00famero de pe\u00e7a 301-3118:<\/span><\/strong><\/p>\n<p class=\"MsoNormal\" style=\"line-height: normal\"><span style=\"font-size: 12.0pt;font-family: 'Times New Roman',serif\">WHEEL SKIDDER &#8211; 525<\/span><\/p>\n<p class=\"MsoNormal\" style=\"line-height: normal\"><span style=\"font-size: 12.0pt;font-family: 'Times New Roman',serif\">TRACK-TYPE TRACTOR &#8211; D7R D5M D8R II D7R II D6R D8T D6N<\/span><\/p>\n<p class=\"MsoNormal\" style=\"line-height: normal\"><span style=\"font-size: 12.0pt;font-family: 'Times New Roman',serif\">GEN SET ENGINE &#8211; 3616<\/span><\/p>\n<p class=\"MsoNormal\" style=\"line-height: normal\"><span style=\"font-size: 12.0pt;font-family: 'Times New Roman',serif\">TRUCK ENGINE &#8211; C15<\/span><\/p>\n<p class=\"MsoNormal\" style=\"line-height: normal\"><span style=\"font-size: 12.0pt;font-family: 'Times New Roman',serif\">MARINE ENGINE &#8211; 3616 3612<\/span><\/p>\n<p class=\"MsoNormal\" style=\"line-height: normal\"><span style=\"font-size: 12.0pt;font-family: 'Times New Roman',serif\">PIPELAYER &#8211; 583T 572R 572R II<\/span><\/p>\n<p class=\"MsoNormal\" style=\"line-height: normal\"><span style=\"font-size: 12.0pt;font-family: 'Times New Roman',serif\">TRUCK &#8211; 773D 769D 769C 775D 773B<\/span><\/p>\n<p class=\"MsoNormal\" style=\"line-height: normal\"><span style=\"font-size: 12.0pt;font-family: 'Times New Roman',serif\">QUARRY TRUCK &#8211; 771D 771C 775B<\/span><\/p>\n<p class=\"MsoNormal\" style=\"line-height: normal\"><span style=\"font-size: 12.0pt;font-family: 'Times New Roman',serif\">PETROLEUM ENGINE &#8211; 3512C<\/span><\/p>\n<p class=\"MsoNormal\" style=\"line-height: normal\"><span style=\"font-size: 12.0pt;font-family: 'Times New Roman',serif\">WHEEL LOADER &#8211; 924G<\/span><\/p>","protected":false},"featured_media":1420,"comment_status":"open","ping_status":"closed","template":"","meta":{"nf_dc_page":""},"product_brand":[58],"product_cat":[74],"product_tag":[],"class_list":{"0":"post-1418","1":"product","2":"type-product","3":"status-publish","4":"has-post-thumbnail","6":"product_brand-caterpillar","7":"product_cat-sistema-hidraulico","9":"first","10":"instock","11":"shipping-taxable","12":"purchasable","13":"product-type-simple"},"_links":{"self":[{"href":"https:\/\/compemaq.com.br\/pt\/wp-json\/wp\/v2\/product\/1418","targetHints":{"allow":["GET"]}}],"collection":[{"href":"https:\/\/compemaq.com.br\/pt\/wp-json\/wp\/v2\/product"}],"about":[{"href":"https:\/\/compemaq.com.br\/pt\/wp-json\/wp\/v2\/types\/product"}],"replies":[{"embeddable":true,"href":"https:\/\/compemaq.com.br\/pt\/wp-json\/wp\/v2\/comments?post=1418"}],"wp:featuredmedia":[{"embeddable":true,"href":"https:\/\/compemaq.com.br\/pt\/wp-json\/wp\/v2\/media\/1420"}],"wp:attachment":[{"href":"https:\/\/compemaq.com.br\/pt\/wp-json\/wp\/v2\/media?parent=1418"}],"wp:term":[{"taxonomy":"product_brand","embeddable":true,"href":"https:\/\/compemaq.com.br\/pt\/wp-json\/wp\/v2\/product_brand?post=1418"},{"taxonomy":"product_cat","embeddable":true,"href":"https:\/\/compemaq.com.br\/pt\/wp-json\/wp\/v2\/product_cat?post=1418"},{"taxonomy":"product_tag","embeddable":true,"href":"https:\/\/compemaq.com.br\/pt\/wp-json\/wp\/v2\/product_tag?post=1418"}],"curies":[{"name":"wp","href":"https:\/\/api.w.org\/{rel}","templated":true}]}}