{"id":1381,"date":"2025-05-29T18:03:50","date_gmt":"2025-05-29T18:03:50","guid":{"rendered":"https:\/\/compemaq.com.br\/produto\/1r1807-filtro-de-oleo-do-motor\/"},"modified":"2025-05-29T18:05:19","modified_gmt":"2025-05-29T18:05:19","slug":"1r1807-filtro-de-oleo-do-motor","status":"publish","type":"product","link":"https:\/\/compemaq.com.br\/pt\/produto\/1r1807-filtro-de-oleo-do-motor\/","title":{"rendered":"1R1807- FILTRO DE \u00d3LEO DO MOTOR"},"content":{"rendered":"","protected":false},"excerpt":{"rendered":"<p class=\"MsoNormal\" style=\"line-height: normal\"><span style=\"font-size: 12.0pt;font-family: 'Times New Roman',serif\">Garanta a m\u00e1xima performance e prote\u00e7\u00e3o do motor com o <strong>Filtro de \u00d3leo Caterpillar 1R-1807<\/strong>, dispon\u00edvel na <strong>Compemaq<\/strong>, sua parceira em pe\u00e7as de qualidade para m\u00e1quinas pesadas.<\/span><\/p>\n<p class=\"MsoNormal\" style=\"line-height: normal\"><span style=\"font-size: 12.0pt;font-family: 'Times New Roman',serif\">Projetado com tecnologia avan\u00e7ada e materiais de alta durabilidade, o <strong>1R-1807<\/strong> oferece excelente efici\u00eancia de filtragem, prolongando a vida \u00fatil do motor e prevenindo desgastes causados por impurezas no \u00f3leo.<\/span><\/p>\n<p class=\"MsoNormal\" style=\"margin-bottom: .0001pt;line-height: normal\"><span style=\"font-size: 12.0pt;font-family: 'Times New Roman',serif\">\u00a0<\/span><\/p>\n<p class=\"MsoNormal\" style=\"line-height: normal\"><strong><span style=\"font-size: 12.0pt;font-family: 'Times New Roman',serif\">Principais caracter\u00edsticas:<\/span><\/strong><\/p>\n<ul type=\"disc\">\n<li class=\"MsoNormal\" style=\"line-height: normal\"><strong><span style=\"font-size: 12.0pt;font-family: 'Times New Roman',serif\">Marca:<\/span><\/strong><span style=\"font-size: 12.0pt;font-family: 'Times New Roman',serif\"> Caterpillar (CAT)<\/span><\/li>\n<li class=\"MsoNormal\" style=\"line-height: normal\"><strong><span style=\"font-size: 12.0pt;font-family: 'Times New Roman',serif\">C\u00f3digo do produto:<\/span><\/strong><span style=\"font-size: 12.0pt;font-family: 'Times New Roman',serif\"> 1R-1807<\/span><\/li>\n<li class=\"MsoNormal\" style=\"line-height: normal\"><strong><span style=\"font-size: 12.0pt;font-family: 'Times New Roman',serif\">Aplica\u00e7\u00e3o:<\/span><\/strong><span style=\"font-size: 12.0pt;font-family: 'Times New Roman',serif\"> Motores diesel de m\u00e1quinas pesadas e equipamentos Caterpillar<\/span><\/li>\n<li class=\"MsoNormal\" style=\"line-height: normal\"><strong><span style=\"font-size: 12.0pt;font-family: 'Times New Roman',serif\">Fun\u00e7\u00e3o:<\/span><\/strong><span style=\"font-size: 12.0pt;font-family: 'Times New Roman',serif\"> Filtra impurezas do \u00f3leo lubrificante, protegendo componentes internos do motor<\/span><\/li>\n<li class=\"MsoNormal\" style=\"line-height: normal\"><strong><span style=\"font-size: 12.0pt;font-family: 'Times New Roman',serif\">Tipo de filtro:<\/span><\/strong><span style=\"font-size: 12.0pt;font-family: 'Times New Roman',serif\"> Rosque\u00e1vel, elemento met\u00e1lico de alta efici\u00eancia<\/span><\/li>\n<li class=\"MsoNormal\" style=\"line-height: normal\"><strong><span style=\"font-size: 12.0pt;font-family: 'Times New Roman',serif\">Material:<\/span><\/strong><span style=\"font-size: 12.0pt;font-family: 'Times New Roman',serif\"> Constru\u00e7\u00e3o robusta com papel filtrante de alta qualidade<\/span><\/li>\n<li class=\"MsoNormal\" style=\"line-height: normal\"><strong><span style=\"font-size: 12.0pt;font-family: 'Times New Roman',serif\">Substitui:<\/span><\/strong><span style=\"font-size: 12.0pt;font-family: 'Times New Roman',serif\"> Diversos modelos equivalentes do mercado<\/span><\/li>\n<\/ul>\n<p class=\"MsoNormal\" style=\"margin-bottom: .0001pt;line-height: normal\"><span style=\"font-size: 12.0pt;font-family: 'Times New Roman',serif\">\u00a0<\/span><\/p>\n<p class=\"MsoNormal\" style=\"line-height: normal\"><strong><span style=\"font-size: 12.0pt;font-family: 'Times New Roman',serif\">Benef\u00edcios:<\/span><\/strong><\/p>\n<ul type=\"disc\">\n<li class=\"MsoNormal\" style=\"line-height: normal\"><strong><span style=\"font-size: 12.0pt;font-family: 'Times New Roman',serif\">Prote\u00e7\u00e3o superior ao motor:<\/span><\/strong><span style=\"font-size: 12.0pt;font-family: 'Times New Roman',serif\"> Reduz o desgaste de componentes internos<\/span><\/li>\n<li class=\"MsoNormal\" style=\"line-height: normal\"><strong><span style=\"font-size: 12.0pt;font-family: 'Times New Roman',serif\">Alto desempenho:<\/span><\/strong><span style=\"font-size: 12.0pt;font-family: 'Times New Roman',serif\"> Mant\u00e9m a viscosidade ideal do \u00f3leo por mais tempo<\/span><\/li>\n<li class=\"MsoNormal\" style=\"line-height: normal\"><strong><span style=\"font-size: 12.0pt;font-family: 'Times New Roman',serif\">Durabilidade estendida:<\/span><\/strong><span style=\"font-size: 12.0pt;font-family: 'Times New Roman',serif\"> Projetado para suportar condi\u00e7\u00f5es severas de opera\u00e7\u00e3o<\/span><\/li>\n<li class=\"MsoNormal\" style=\"line-height: normal\"><strong><span style=\"font-size: 12.0pt;font-family: 'Times New Roman',serif\">Qualidade original Caterpillar:<\/span><\/strong><span style=\"font-size: 12.0pt;font-family: 'Times New Roman',serif\"> Garantia de compatibilidade e performance<\/span><\/li>\n<\/ul>\n<p class=\"MsoNormal\" style=\"margin-bottom: .0001pt;line-height: normal\"><span style=\"font-size: 12.0pt;font-family: 'Times New Roman',serif\">\u00a0<\/span><\/p>\n<p class=\"MsoNormal\" style=\"line-height: normal\"><strong><span style=\"font-size: 12.0pt;font-family: 'Times New Roman',serif\">Por que comprar com a Compemaq?<\/span><\/strong><\/p>\n<ul type=\"disc\">\n<li class=\"MsoNormal\" style=\"line-height: normal\"><span style=\"font-size: 12.0pt;font-family: 'Segoe UI Symbol',sans-serif\">\u2714<\/span><span style=\"font-size: 12.0pt;font-family: 'Times New Roman',serif\"> Produtos 100% originais e com garantia<\/span><\/li>\n<li class=\"MsoNormal\" style=\"line-height: normal\"><span style=\"font-size: 12.0pt;font-family: 'Segoe UI Symbol',sans-serif\">\u2714<\/span><span style=\"font-size: 12.0pt;font-family: 'Times New Roman',serif\"> Entrega r\u00e1pida em todo o Brasil<\/span><\/li>\n<li class=\"MsoNormal\" style=\"line-height: normal\"><span style=\"font-size: 12.0pt;font-family: 'Segoe UI Symbol',sans-serif\">\u2714<\/span><span style=\"font-size: 12.0pt;font-family: 'Times New Roman',serif\"> Atendimento t\u00e9cnico especializado<\/span><\/li>\n<\/ul>\n<p class=\"MsoNormal\" style=\"line-height: normal\"><strong><span style=\"font-size: 12.0pt;font-family: 'Times New Roman',serif\">Modelos Compat\u00edveis para n\u00famero de pe\u00e7a 1R-1807:<\/span><\/strong><\/p>\n<p class=\"MsoNormal\" style=\"line-height: normal\"><span style=\"font-size: 12.0pt;font-family: 'Times New Roman',serif\">GENERATOR SET &#8211; 3306B<\/span><\/p>\n<p class=\"MsoNormal\" style=\"line-height: normal\"><span style=\"font-size: 12.0pt;font-family: 'Times New Roman',serif\">TRUCK ENGINE &#8211; 1673C 3126B G3306 3306B 3306<\/span><\/p>\n<p class=\"MsoNormal\" style=\"line-height: normal\"><span style=\"font-size: 12.0pt;font-family: 'Times New Roman',serif\">INTEGRATED TOOLCARRIER &#8211; IT28G IT28F<\/span><\/p>\n<p class=\"MsoNormal\" style=\"line-height: normal\"><span style=\"font-size: 12.0pt;font-family: 'Times New Roman',serif\">HYDRAULIC CONTROL &#8211; 48<\/span><\/p>\n<p class=\"MsoNormal\" style=\"line-height: normal\"><span style=\"font-size: 12.0pt;font-family: 'Times New Roman',serif\">TRACK LOADER &#8211; 953C<\/span><\/p>\n<p class=\"MsoNormal\" style=\"line-height: normal\"><span style=\"font-size: 12.0pt;font-family: 'Times New Roman',serif\">LOAD HAUL DUMP &#8211; R1300<\/span><\/p>\n<p class=\"MsoNormal\" style=\"line-height: normal\"><span style=\"font-size: 12.0pt;font-family: 'Times New Roman',serif\">MOTOR GRADER &#8211; 120H 120G 160G<\/span><\/p>\n<p class=\"MsoNormal\" style=\"line-height: normal\"><span style=\"font-size: 12.0pt;font-family: 'Times New Roman',serif\">WHEEL LOADER &#8211; 928G 938F 970F 950F II<\/span><\/p>\n<p class=\"MsoNormal\" style=\"line-height: normal\"><span style=\"font-size: 12.0pt;font-family: 'Times New Roman',serif\">TRACK-TYPE TRACTOR &#8211; D7G D4E SR D6G2 XL D7G2 D6E D6H<\/span><\/p>\n<p class=\"MsoNormal\" style=\"line-height: normal\"><span style=\"font-size: 12.0pt;font-family: 'Times New Roman',serif\">GEN SET ENGINE &#8211; 3306 3304 3304B<\/span><\/p>\n<p class=\"MsoNormal\" style=\"line-height: normal\"><span style=\"font-size: 12.0pt;font-family: 'Times New Roman',serif\">CHALLENGER &#8211; 65C 65B 65D 55 65 35 45<\/span><\/p>\n<p class=\"MsoNormal\" style=\"line-height: normal\"><span style=\"font-size: 12.0pt;font-family: 'Times New Roman',serif\">ARTICULATED TRUCK &#8211; D25D D30D D300E II<\/span><\/p>\n<p class=\"MsoNormal\" style=\"line-height: normal\"><span style=\"font-size: 12.0pt;font-family: 'Times New Roman',serif\">MARINE ENGINE &#8211; 3116 3304 3304B<\/span><\/p>\n<p class=\"MsoNormal\" style=\"line-height: normal\"><span style=\"font-size: 12.0pt;font-family: 'Times New Roman',serif\">INDUSTRIAL ENGINE &#8211; 3304 3306 3306B D333C 3126 D330C<\/span><\/p>\n<p class=\"MsoNormal\" style=\"line-height: normal\"><span style=\"font-size: 12.0pt;font-family: 'Times New Roman',serif\">WHEEL FELLER BUNCHER &#8211; 533<\/span><\/p>\n<p class=\"MsoNormal\" style=\"line-height: normal\"><span style=\"font-size: 12.0pt;font-family: 'Times New Roman',serif\">WHEEL SCRAPER &#8211; 639D 615C 613C 637D<\/span><\/p>\n<p class=\"MsoNormal\" style=\"line-height: normal\"><span style=\"font-size: 12.0pt;font-family: 'Times New Roman',serif\">EXCAVATOR &#8211; M325D MH M318 M325D L MH<\/span><\/p>","protected":false},"featured_media":1383,"comment_status":"open","ping_status":"closed","template":"","meta":{"nf_dc_page":""},"product_brand":[58],"product_cat":[72],"product_tag":[],"class_list":{"0":"post-1381","1":"product","2":"type-product","3":"status-publish","4":"has-post-thumbnail","6":"product_brand-caterpillar","7":"product_cat-filtros-e-fluidos","9":"first","10":"instock","11":"shipping-taxable","12":"purchasable","13":"product-type-simple"},"_links":{"self":[{"href":"https:\/\/compemaq.com.br\/pt\/wp-json\/wp\/v2\/product\/1381","targetHints":{"allow":["GET"]}}],"collection":[{"href":"https:\/\/compemaq.com.br\/pt\/wp-json\/wp\/v2\/product"}],"about":[{"href":"https:\/\/compemaq.com.br\/pt\/wp-json\/wp\/v2\/types\/product"}],"replies":[{"embeddable":true,"href":"https:\/\/compemaq.com.br\/pt\/wp-json\/wp\/v2\/comments?post=1381"}],"wp:featuredmedia":[{"embeddable":true,"href":"https:\/\/compemaq.com.br\/pt\/wp-json\/wp\/v2\/media\/1383"}],"wp:attachment":[{"href":"https:\/\/compemaq.com.br\/pt\/wp-json\/wp\/v2\/media?parent=1381"}],"wp:term":[{"taxonomy":"product_brand","embeddable":true,"href":"https:\/\/compemaq.com.br\/pt\/wp-json\/wp\/v2\/product_brand?post=1381"},{"taxonomy":"product_cat","embeddable":true,"href":"https:\/\/compemaq.com.br\/pt\/wp-json\/wp\/v2\/product_cat?post=1381"},{"taxonomy":"product_tag","embeddable":true,"href":"https:\/\/compemaq.com.br\/pt\/wp-json\/wp\/v2\/product_tag?post=1381"}],"curies":[{"name":"wp","href":"https:\/\/api.w.org\/{rel}","templated":true}]}}