{"id":1376,"date":"2025-05-29T16:59:53","date_gmt":"2025-05-29T16:59:53","guid":{"rendered":"https:\/\/compemaq.com.br\/produto\/1r1804-filtro-sep-agua-e-comb\/"},"modified":"2025-05-29T17:03:16","modified_gmt":"2025-05-29T17:03:16","slug":"1r1804-filtro-sep-agua-e-comb","status":"publish","type":"product","link":"https:\/\/compemaq.com.br\/pt\/produto\/1r1804-filtro-sep-agua-e-comb\/","title":{"rendered":"1R1804- FILTRO SEP. \u00c1GUA E COMB."},"content":{"rendered":"","protected":false},"excerpt":{"rendered":"<p class=\"MsoNormal\" style=\"line-height: normal\"><span style=\"font-size: 12.0pt;font-family: 'Times New Roman',serif\">O <strong>Filtro Separador de \u00c1gua e Combust\u00edvel Caterpillar 1R-1804<\/strong> \u00e9 a escolha certa para quem busca <strong>m\u00e1xima prote\u00e7\u00e3o do sistema de combust\u00edvel diesel<\/strong>. Desenvolvido com a mais alta tecnologia da <strong>Caterpillar<\/strong>, este filtro tem a fun\u00e7\u00e3o de <strong>remover impurezas s\u00f3lidas e separar a \u00e1gua do combust\u00edvel<\/strong>, evitando corros\u00f5es, entupimentos e falhas nos bicos injetores.<\/span><\/p>\n<p class=\"MsoNormal\" style=\"line-height: normal\"><span style=\"font-size: 12.0pt;font-family: 'Times New Roman',serif\">Ideal para motores que operam em condi\u00e7\u00f5es severas, o 1R-1804 proporciona <strong>alto desempenho, efici\u00eancia e maior vida \u00fatil<\/strong> ao sistema de inje\u00e7\u00e3o, resultando em menor tempo de parada e manuten\u00e7\u00e3o.<\/span><\/p>\n<p class=\"MsoNormal\" style=\"line-height: normal\"><strong><span style=\"font-size: 13.5pt;font-family: 'Times New Roman',serif\">Principais Benef\u00edcios:<\/span><\/strong><\/p>\n<p class=\"MsoNormal\" style=\"line-height: normal\"><span style=\"font-size: 12.0pt;font-family: 'Segoe UI Symbol',sans-serif\">\u2705<\/span><span style=\"font-size: 12.0pt;font-family: 'Times New Roman',serif\"> <strong>Separa\u00e7\u00e3o eficaz de \u00e1gua e combust\u00edvel<\/strong> \u2013 Protege o motor contra contamina\u00e7\u00f5es.<br \/>\n<\/span><span style=\"font-size: 12.0pt;font-family: 'Segoe UI Symbol',sans-serif\">\u2705<\/span><span style=\"font-size: 12.0pt;font-family: 'Times New Roman',serif\"> <strong>Filtragem de alta efici\u00eancia<\/strong> \u2013 Ret\u00e9m part\u00edculas que causam danos ao sistema de inje\u00e7\u00e3o.<br \/>\n<\/span><span style=\"font-size: 12.0pt;font-family: 'Segoe UI Symbol',sans-serif\">\u2705<\/span><span style=\"font-size: 12.0pt;font-family: 'Times New Roman',serif\"> <strong>Durabilidade e resist\u00eancia<\/strong> \u2013 Constru\u00eddo com materiais de alto desempenho.<br \/>\n<\/span><span style=\"font-size: 12.0pt;font-family: 'Segoe UI Symbol',sans-serif\">\u2705<\/span><span style=\"font-size: 12.0pt;font-family: 'Times New Roman',serif\"> <strong>Produto original Caterpillar<\/strong> \u2013 Garante qualidade, confiabilidade e compatibilidade.<br \/>\n<\/span><span style=\"font-size: 12.0pt;font-family: 'Segoe UI Symbol',sans-serif\">\u2705<\/span><span style=\"font-size: 12.0pt;font-family: 'Times New Roman',serif\"> <strong>Redu\u00e7\u00e3o de custos com manuten\u00e7\u00e3o<\/strong> \u2013 Previne danos ao motor e melhora a performance geral.<\/span><\/p>\n<p class=\"MsoNormal\" style=\"line-height: normal\"><strong><span style=\"font-size: 13.5pt;font-family: 'Times New Roman',serif\">Especifica\u00e7\u00f5es T\u00e9cnicas:<\/span><\/strong><\/p>\n<ul type=\"disc\">\n<li class=\"MsoNormal\" style=\"line-height: normal\"><strong><span style=\"font-size: 12.0pt;font-family: 'Times New Roman',serif\">C\u00f3digo Original:<\/span><\/strong><span style=\"font-size: 12.0pt;font-family: 'Times New Roman',serif\"> Caterpillar 1R-1804<\/span><\/li>\n<li class=\"MsoNormal\" style=\"line-height: normal\"><strong><span style=\"font-size: 12.0pt;font-family: 'Times New Roman',serif\">Tipo:<\/span><\/strong><span style=\"font-size: 12.0pt;font-family: 'Times New Roman',serif\"> Filtro separador de \u00e1gua e combust\u00edvel<\/span><\/li>\n<li class=\"MsoNormal\" style=\"line-height: normal\"><strong><span style=\"font-size: 12.0pt;font-family: 'Times New Roman',serif\">Tecnologia:<\/span><\/strong><span style=\"font-size: 12.0pt;font-family: 'Times New Roman',serif\"> Advanced Efficiency<\/span><\/li>\n<li class=\"MsoNormal\" style=\"line-height: normal\"><strong><span style=\"font-size: 12.0pt;font-family: 'Times New Roman',serif\">Aplica\u00e7\u00e3o:<\/span><\/strong><span style=\"font-size: 12.0pt;font-family: 'Times New Roman',serif\"> Sistemas de inje\u00e7\u00e3o diesel em m\u00e1quinas e ve\u00edculos Caterpillar<\/span><\/li>\n<li class=\"MsoNormal\" style=\"line-height: normal\"><strong><span style=\"font-size: 12.0pt;font-family: 'Times New Roman',serif\">Origem:<\/span><\/strong><span style=\"font-size: 12.0pt;font-family: 'Times New Roman',serif\"> Produto novo, original de f\u00e1brica<\/span><\/li>\n<li class=\"MsoNormal\" style=\"line-height: normal\"><strong><span style=\"font-size: 12.0pt;font-family: 'Times New Roman',serif\">Fun\u00e7\u00e3o:<\/span><\/strong><span style=\"font-size: 12.0pt;font-family: 'Times New Roman',serif\"> Separar \u00e1gua e filtrar impurezas do combust\u00edvel<\/span><\/li>\n<\/ul>\n<p class=\"MsoNormal\" style=\"line-height: normal\"><strong><span style=\"font-size: 13.5pt;font-family: 'Times New Roman',serif\">Aplica\u00e7\u00f5es Comuns:<\/span><\/strong><\/p>\n<p class=\"MsoNormal\" style=\"line-height: normal\"><span style=\"font-size: 12.0pt;font-family: 'Times New Roman',serif\">Utilizado em diversos modelos de <strong>m\u00e1quinas Caterpillar<\/strong>, como escavadeiras, moto niveladoras, tratores, caminh\u00f5es articulados e outros equipamentos que utilizam motores diesel de alta performance.<\/span><\/p>\n<p class=\"MsoNormal\" style=\"line-height: normal\"><strong><span style=\"font-size: 13.5pt;font-family: 'Times New Roman',serif\">Por que comprar na Compemaq?<\/span><\/strong><\/p>\n<p class=\"MsoNormal\" style=\"line-height: normal\"><span style=\"font-size: 12.0pt;font-family: 'Times New Roman',serif\">Na <strong>Compemaq<\/strong>, voc\u00ea encontra <strong>pe\u00e7as originais Caterpillar com garantia de proced\u00eancia<\/strong>, pre\u00e7os competitivos e atendimento t\u00e9cnico especializado. Trabalhamos com pronta entrega e envio para todo o Brasil, com agilidade e seguran\u00e7a.<\/span><\/p>\n<p class=\"MsoNormal\" style=\"line-height: normal\"><span style=\"font-size: 12.0pt;font-family: 'Times New Roman',serif\">\u00a0<\/span><\/p>\n<p class=\"MsoNormal\" style=\"line-height: normal\"><strong><span style=\"font-size: 12.0pt;font-family: 'Times New Roman',serif\">Modelos Compat\u00edveis para n\u00famero de pe\u00e7a 1R-1804:<\/span><\/strong><\/p>\n<p class=\"MsoNormal\" style=\"line-height: normal\"><span style=\"font-size: 12.0pt;font-family: 'Times New Roman',serif\">WHEELED EXCAVATOR &#8211; M313C M315C<\/span><\/p>\n<p class=\"MsoNormal\" style=\"line-height: normal\"><span style=\"font-size: 12.0pt;font-family: 'Times New Roman',serif\">EXCAVATOR &#8211; 312D2 312D2 GC 318D2 L 312D2 L 320D2 320D2 L 313D2<\/span><\/p>\n<p class=\"MsoNormal\" style=\"line-height: normal\"><span style=\"font-size: 12.0pt;font-family: 'Times New Roman',serif\">TELEHANDLER &#8211; TH350B<\/span><\/p>","protected":false},"featured_media":1378,"comment_status":"open","ping_status":"closed","template":"","meta":{"nf_dc_page":""},"product_brand":[58],"product_cat":[72],"product_tag":[],"class_list":{"0":"post-1376","1":"product","2":"type-product","3":"status-publish","4":"has-post-thumbnail","6":"product_brand-caterpillar","7":"product_cat-filtros-e-fluidos","9":"first","10":"instock","11":"shipping-taxable","12":"purchasable","13":"product-type-simple"},"_links":{"self":[{"href":"https:\/\/compemaq.com.br\/pt\/wp-json\/wp\/v2\/product\/1376","targetHints":{"allow":["GET"]}}],"collection":[{"href":"https:\/\/compemaq.com.br\/pt\/wp-json\/wp\/v2\/product"}],"about":[{"href":"https:\/\/compemaq.com.br\/pt\/wp-json\/wp\/v2\/types\/product"}],"replies":[{"embeddable":true,"href":"https:\/\/compemaq.com.br\/pt\/wp-json\/wp\/v2\/comments?post=1376"}],"wp:featuredmedia":[{"embeddable":true,"href":"https:\/\/compemaq.com.br\/pt\/wp-json\/wp\/v2\/media\/1378"}],"wp:attachment":[{"href":"https:\/\/compemaq.com.br\/pt\/wp-json\/wp\/v2\/media?parent=1376"}],"wp:term":[{"taxonomy":"product_brand","embeddable":true,"href":"https:\/\/compemaq.com.br\/pt\/wp-json\/wp\/v2\/product_brand?post=1376"},{"taxonomy":"product_cat","embeddable":true,"href":"https:\/\/compemaq.com.br\/pt\/wp-json\/wp\/v2\/product_cat?post=1376"},{"taxonomy":"product_tag","embeddable":true,"href":"https:\/\/compemaq.com.br\/pt\/wp-json\/wp\/v2\/product_tag?post=1376"}],"curies":[{"name":"wp","href":"https:\/\/api.w.org\/{rel}","templated":true}]}}