{"id":1322,"date":"2025-05-19T16:53:11","date_gmt":"2025-05-19T16:53:11","guid":{"rendered":"https:\/\/compemaq.com.br\/produto\/1106331-filtro-ar-do-motor-interno\/"},"modified":"2025-05-23T19:17:08","modified_gmt":"2025-05-23T19:17:08","slug":"1106331-filtro-ar-do-motor-interno","status":"publish","type":"product","link":"https:\/\/compemaq.com.br\/pt\/produto\/1106331-filtro-ar-do-motor-interno\/","title":{"rendered":"1106331- FILTRO AR DO MOTOR INTERNO"},"content":{"rendered":"","protected":false},"excerpt":{"rendered":"<p class=\"MsoNormal\" style=\"line-height: normal\"><span style=\"font-size: 12.0pt;font-family: 'Times New Roman',serif\">O <strong>Filtro de Ar Interno Caterpillar 110-6331<\/strong> \u00e9 a escolha ideal para proteger o motor da sua m\u00e1quina pesada contra impurezas, poeira e part\u00edculas abrasivas. Fabricado com materiais de alta qualidade e tecnologia avan\u00e7ada de filtragem, este filtro garante m\u00e1xima efici\u00eancia na reten\u00e7\u00e3o de contaminantes, prolongando a vida \u00fatil do motor e mantendo o desempenho ideal em ambientes severos.<\/span><\/p>\n<p class=\"MsoNormal\" style=\"line-height: normal\"><span style=\"font-size: 12.0pt;font-family: 'Times New Roman',serif\">Projetado para atender aos padr\u00f5es rigorosos da <strong>Caterpillar<\/strong>, o filtro 110-6331 \u00e9 utilizado como elemento interno em sistemas de dupla filtragem de ar, funcionando em conjunto com o filtro externo, e oferecendo uma barreira final de prote\u00e7\u00e3o ao motor.<\/span><\/p>\n<p class=\"MsoNormal\" style=\"line-height: normal\"><strong><span style=\"font-size: 12.0pt;font-family: 'Times New Roman',serif\">\u00a0<\/span><\/strong><\/p>\n<p class=\"MsoNormal\" style=\"line-height: normal\"><strong><span style=\"font-size: 12.0pt;font-family: 'Times New Roman',serif\">Especifica\u00e7\u00f5es T\u00e9cnicas:<\/span><\/strong><\/p>\n<ul type=\"disc\">\n<li class=\"MsoNormal\" style=\"line-height: normal\"><span style=\"font-size: 12.0pt;font-family: 'Times New Roman',serif\">C\u00f3digo OEM: <strong>110-6331<\/strong><\/span><\/li>\n<li class=\"MsoNormal\" style=\"line-height: normal\"><span style=\"font-size: 12.0pt;font-family: 'Times New Roman',serif\">Tipo: Filtro de ar interno<\/span><\/li>\n<li class=\"MsoNormal\" style=\"line-height: normal\"><span style=\"font-size: 12.0pt;font-family: 'Times New Roman',serif\">Aplica\u00e7\u00e3o: Equipamentos Caterpillar<\/span><\/li>\n<li class=\"MsoNormal\" style=\"line-height: normal\"><span style=\"font-size: 12.0pt;font-family: 'Times New Roman',serif\">Material filtrante de alta performance<\/span><\/li>\n<li class=\"MsoNormal\" style=\"line-height: normal\"><span style=\"font-size: 12.0pt;font-family: 'Times New Roman',serif\">Produto 100% novo e original<\/span><\/li>\n<li class=\"MsoNormal\" style=\"line-height: normal\"><span style=\"font-size: 12.0pt;font-family: 'Times New Roman',serif\">Alta efici\u00eancia na filtragem fina<\/span><\/li>\n<li class=\"MsoNormal\" style=\"line-height: normal\"><span style=\"font-size: 12.0pt;font-family: 'Times New Roman',serif\">Substitui\u00e7\u00e3o recomendada conforme manual da m\u00e1quina<\/span><\/li>\n<\/ul>\n<p class=\"MsoNormal\" style=\"line-height: normal\"><strong><span style=\"font-size: 12.0pt;font-family: 'Times New Roman',serif\">\u00a0<\/span><\/strong><\/p>\n<p class=\"MsoNormal\" style=\"line-height: normal\"><strong><span style=\"font-size: 12.0pt;font-family: 'Times New Roman',serif\">Principais Benef\u00edcios:<\/span><\/strong><\/p>\n<ul type=\"disc\">\n<li class=\"MsoNormal\" style=\"line-height: normal\"><strong><span style=\"font-size: 12.0pt;font-family: 'Times New Roman',serif\">Prote\u00e7\u00e3o superior<\/span><\/strong><span style=\"font-size: 12.0pt;font-family: 'Times New Roman',serif\"> contra poeira e contaminantes<\/span><\/li>\n<li class=\"MsoNormal\" style=\"line-height: normal\"><strong><span style=\"font-size: 12.0pt;font-family: 'Times New Roman',serif\">Melhora o desempenho<\/span><\/strong><span style=\"font-size: 12.0pt;font-family: 'Times New Roman',serif\"> e a efici\u00eancia do motor<\/span><\/li>\n<li class=\"MsoNormal\" style=\"line-height: normal\"><strong><span style=\"font-size: 12.0pt;font-family: 'Times New Roman',serif\">Reduz custos<\/span><\/strong><span style=\"font-size: 12.0pt;font-family: 'Times New Roman',serif\"> com manuten\u00e7\u00e3o corretiva<\/span><\/li>\n<li class=\"MsoNormal\" style=\"line-height: normal\"><strong><span style=\"font-size: 12.0pt;font-family: 'Times New Roman',serif\">Aumenta a durabilidade<\/span><\/strong><span style=\"font-size: 12.0pt;font-family: 'Times New Roman',serif\"> de componentes internos<\/span><\/li>\n<li class=\"MsoNormal\" style=\"line-height: normal\"><span style=\"font-size: 12.0pt;font-family: 'Times New Roman',serif\">Perfeito para <strong>ambientes agressivos<\/strong> como minera\u00e7\u00e3o, constru\u00e7\u00e3o civil, terraplenagem e agricultura pesada<\/span><\/li>\n<\/ul>\n<p class=\"MsoNormal\" style=\"line-height: normal\"><strong><span style=\"font-size: 12.0pt;font-family: 'Times New Roman',serif\">\u00a0<\/span><\/strong><\/p>\n<p class=\"MsoNormal\" style=\"line-height: normal\"><strong><span style=\"font-size: 12.0pt;font-family: 'Times New Roman',serif\">Por que comprar na Compemaq?<\/span><\/strong><\/p>\n<ul type=\"disc\">\n<li class=\"MsoNormal\" style=\"line-height: normal\"><span style=\"font-size: 12.0pt;font-family: 'Times New Roman',serif\">Especialistas em pe\u00e7as para m\u00e1quinas da <strong>linha amarela<\/strong><\/span><\/li>\n<li class=\"MsoNormal\" style=\"line-height: normal\"><span style=\"font-size: 12.0pt;font-family: 'Times New Roman',serif\">Produtos com <strong>garantia de proced\u00eancia<\/strong><\/span><\/li>\n<li class=\"MsoNormal\" style=\"line-height: normal\"><strong><span style=\"font-size: 12.0pt;font-family: 'Times New Roman',serif\">Entrega r\u00e1pida<\/span><\/strong><span style=\"font-size: 12.0pt;font-family: 'Times New Roman',serif\"> para todo o Brasil<\/span><\/li>\n<li class=\"MsoNormal\" style=\"line-height: normal\"><span style=\"font-size: 12.0pt;font-family: 'Times New Roman',serif\">Atendimento t\u00e9cnico especializado<\/span><\/li>\n<\/ul>\n<p class=\"MsoNormal\" style=\"line-height: normal\"><strong><span style=\"font-size: 12.0pt;font-family: 'Times New Roman',serif\">\u00a0<\/span><\/strong><\/p>\n<p class=\"MsoNormal\" style=\"line-height: normal\"><strong><span style=\"font-size: 12.0pt;font-family: 'Times New Roman',serif\">Modelos Compat\u00edveis para n\u00famero de pe\u00e7a 110-6331:<\/span><\/strong><\/p>\n<p class=\"MsoNormal\" style=\"line-height: normal\"><strong><span style=\"font-size: 12.0pt;font-family: 'Times New Roman',serif\">COMPACT TRACK LOADER &#8211; <\/span><\/strong><span style=\"font-size: 12.0pt;font-family: 'Times New Roman',serif\">259D<\/span><\/p>\n<p class=\"MsoNormal\" style=\"line-height: normal\"><strong><span style=\"font-size: 12.0pt;font-family: 'Times New Roman',serif\">MINI HYD EXCAVATOR &#8211; <\/span><\/strong><span style=\"font-size: 12.0pt;font-family: 'Times New Roman',serif\">307-A<\/span><\/p>\n<p class=\"MsoNormal\" style=\"line-height: normal\"><strong><span style=\"font-size: 12.0pt;font-family: 'Times New Roman',serif\">INTEGRATED TOO \u2013CARRIER &#8211; <\/span><\/strong><span style=\"font-size: 12.0pt;font-family: 'Times New Roman',serif\">IT14G<\/span><\/p>\n<p class=\"MsoNormal\" style=\"line-height: normal\"><strong><span style=\"font-size: 12.0pt;font-family: 'Times New Roman',serif\">SKID STEER LOADER &#8211; <\/span><\/strong><span style=\"font-size: 12.0pt;font-family: 'Times New Roman',serif\">236B 236 252B 248 246<\/span><\/p>\n<p class=\"MsoNormal\" style=\"line-height: normal\"><strong><span style=\"font-size: 12.0pt;font-family: 'Times New Roman',serif\">PNEUMATIC COMPACTOR &#8211; <\/span><\/strong><span style=\"font-size: 12.0pt;font-family: 'Times New Roman',serif\">PS-300B PS-200B PF-300B<\/span><\/p>\n<p class=\"MsoNormal\" style=\"line-height: normal\"><strong><span style=\"font-size: 12.0pt;font-family: 'Times New Roman',serif\">BACKHOE LOADER &#8211; <\/span><\/strong><span style=\"font-size: 12.0pt;font-family: 'Times New Roman',serif\">424D 436C 420D 442D 430D 432D 416C 438C 428D 426C 438D 416D 428C<\/span><\/p>\n<p class=\"MsoNormal\" style=\"line-height: normal\"><strong><span style=\"font-size: 12.0pt;font-family: 'Times New Roman',serif\">EXCAVATOR &#8211; <\/span><\/strong><span style=\"font-size: 12.0pt;font-family: 'Times New Roman',serif\">307 312C M312 M315<\/span><\/p>\n<p class=\"MsoNormal\" style=\"line-height: normal\"><strong><span style=\"font-size: 12.0pt;font-family: 'Times New Roman',serif\">VIBRATORY COMPACTOR &#8211; <\/span><\/strong><span style=\"font-size: 12.0pt;font-family: 'Times New Roman',serif\">CS-431C CP-433C CS-433C<\/span><\/p>\n<p class=\"MsoNormal\" style=\"line-height: normal\"><strong><span style=\"font-size: 12.0pt;font-family: 'Times New Roman',serif\">COMPACT WHEEL LOADER &#8211; <\/span><\/strong><span style=\"font-size: 12.0pt;font-family: 'Times New Roman',serif\">914G 908<\/span><\/p>\n<p class=\"MsoNormal\" style=\"line-height: normal\"><strong><span style=\"font-size: 12.0pt;font-family: 'Times New Roman',serif\">TELEHANDLER &#8211; <\/span><\/strong><span style=\"font-size: 12.0pt;font-family: 'Times New Roman',serif\">TH62 TH63 TH406C TH336C TH82 TH103 TH83 TH514C TH417C TH407C TH337C TH414C<\/span><\/p>","protected":false},"featured_media":1350,"comment_status":"open","ping_status":"closed","template":"","meta":{"nf_dc_page":""},"product_brand":[58],"product_cat":[72],"product_tag":[],"class_list":{"0":"post-1322","1":"product","2":"type-product","3":"status-publish","4":"has-post-thumbnail","6":"product_brand-caterpillar","7":"product_cat-filtros-e-fluidos","9":"first","10":"instock","11":"shipping-taxable","12":"purchasable","13":"product-type-simple"},"_links":{"self":[{"href":"https:\/\/compemaq.com.br\/pt\/wp-json\/wp\/v2\/product\/1322","targetHints":{"allow":["GET"]}}],"collection":[{"href":"https:\/\/compemaq.com.br\/pt\/wp-json\/wp\/v2\/product"}],"about":[{"href":"https:\/\/compemaq.com.br\/pt\/wp-json\/wp\/v2\/types\/product"}],"replies":[{"embeddable":true,"href":"https:\/\/compemaq.com.br\/pt\/wp-json\/wp\/v2\/comments?post=1322"}],"wp:featuredmedia":[{"embeddable":true,"href":"https:\/\/compemaq.com.br\/pt\/wp-json\/wp\/v2\/media\/1350"}],"wp:attachment":[{"href":"https:\/\/compemaq.com.br\/pt\/wp-json\/wp\/v2\/media?parent=1322"}],"wp:term":[{"taxonomy":"product_brand","embeddable":true,"href":"https:\/\/compemaq.com.br\/pt\/wp-json\/wp\/v2\/product_brand?post=1322"},{"taxonomy":"product_cat","embeddable":true,"href":"https:\/\/compemaq.com.br\/pt\/wp-json\/wp\/v2\/product_cat?post=1322"},{"taxonomy":"product_tag","embeddable":true,"href":"https:\/\/compemaq.com.br\/pt\/wp-json\/wp\/v2\/product_tag?post=1322"}],"curies":[{"name":"wp","href":"https:\/\/api.w.org\/{rel}","templated":true}]}}