{"id":1303,"date":"2025-05-19T14:06:32","date_gmt":"2025-05-19T14:06:32","guid":{"rendered":"https:\/\/compemaq.com.br\/produto\/0300060-capa\/"},"modified":"2025-05-19T14:08:01","modified_gmt":"2025-05-19T14:08:01","slug":"0300060-capa","status":"publish","type":"product","link":"https:\/\/compemaq.com.br\/pt\/produto\/0300060-capa\/","title":{"rendered":"0300060 CAPA"},"content":{"rendered":"","protected":false},"excerpt":{"rendered":"<p class=\"MsoNormal\" style=\"line-height: normal\"><span style=\"font-size: 12.0pt;font-family: 'Times New Roman',serif\">A <strong>Capa CATERPILLAR 0300060<\/strong> \u00e9 um item essencial para quem busca <strong>proteger componentes e sistemas de m\u00e1quinas pesadas<\/strong> da linha Caterpillar com m\u00e1xima efici\u00eancia. Fabricada com materiais de <strong>alta resist\u00eancia<\/strong> e <strong>durabilidade superior<\/strong>, essa capa garante prote\u00e7\u00e3o contra poeira, umidade, \u00f3leo, calor e demais agentes agressivos comuns em ambientes industriais e obras.<\/span><\/p>\n<p class=\"MsoNormal\" style=\"line-height: normal\"><span style=\"font-size: 12.0pt;font-family: 'Times New Roman',serif\">Projetada para encaixe perfeito, a Capa 0300060 proporciona <strong>veda\u00e7\u00e3o segura<\/strong> e f\u00e1cil aplica\u00e7\u00e3o, ajudando a <strong>prolongar a vida \u00fatil dos equipamentos<\/strong>, evitar paradas inesperadas e reduzir custos com manuten\u00e7\u00e3o.<\/span><\/p>\n<p class=\"MsoNormal\" style=\"line-height: normal\"><strong><span style=\"font-size: 12.0pt;font-family: 'Times New Roman',serif\">Principais Caracter\u00edsticas:<\/span><\/strong><\/p>\n<ul type=\"disc\">\n<li class=\"MsoNormal\" style=\"line-height: normal\"><span style=\"font-size: 12.0pt;font-family: 'Segoe UI Symbol',sans-serif\">\u2705<\/span><span style=\"font-size: 12.0pt;font-family: 'Times New Roman',serif\"> Compat\u00edvel com equipamentos Caterpillar (ref. 0300060)<\/span><\/li>\n<li class=\"MsoNormal\" style=\"line-height: normal\"><span style=\"font-size: 12.0pt;font-family: 'Segoe UI Symbol',sans-serif\">\u2705<\/span><span style=\"font-size: 12.0pt;font-family: 'Times New Roman',serif\"> Material refor\u00e7ado, resistente \u00e0 abras\u00e3o e \u00e0 temperatura<\/span><\/li>\n<li class=\"MsoNormal\" style=\"line-height: normal\"><span style=\"font-size: 12.0pt;font-family: 'Segoe UI Symbol',sans-serif\">\u2705<\/span><span style=\"font-size: 12.0pt;font-family: 'Times New Roman',serif\"> Instala\u00e7\u00e3o r\u00e1pida e pr\u00e1tica<\/span><\/li>\n<li class=\"MsoNormal\" style=\"line-height: normal\"><span style=\"font-size: 12.0pt;font-family: 'Segoe UI Symbol',sans-serif\">\u2705<\/span><span style=\"font-size: 12.0pt;font-family: 'Times New Roman',serif\"> Veda\u00e7\u00e3o eficiente contra agentes externos<\/span><\/li>\n<li class=\"MsoNormal\" style=\"line-height: normal\"><span style=\"font-size: 12.0pt;font-family: 'Segoe UI Symbol',sans-serif\">\u2705<\/span><span style=\"font-size: 12.0pt;font-family: 'Times New Roman',serif\"> Ideal para manuten\u00e7\u00e3o preventiva e prote\u00e7\u00e3o de componentes cr\u00edticos<\/span><\/li>\n<\/ul>\n<p class=\"MsoNormal\" style=\"line-height: normal\"><strong><span style=\"font-size: 12.0pt;font-family: 'Times New Roman',serif\">Aplica\u00e7\u00f5es T\u00edpicas:<\/span><\/strong><\/p>\n<ul type=\"disc\">\n<li class=\"MsoNormal\" style=\"line-height: normal\"><span style=\"font-size: 12.0pt;font-family: 'Times New Roman',serif\">M\u00e1quinas Caterpillar de linha amarela<\/span><\/li>\n<li class=\"MsoNormal\" style=\"line-height: normal\"><span style=\"font-size: 12.0pt;font-family: 'Times New Roman',serif\">Escavadeiras, retroescavadeiras, carregadeiras<\/span><\/li>\n<li class=\"MsoNormal\" style=\"line-height: normal\"><span style=\"font-size: 12.0pt;font-family: 'Times New Roman',serif\">Setores de minera\u00e7\u00e3o, terraplenagem, constru\u00e7\u00e3o pesada e agr\u00edcola<\/span><\/li>\n<\/ul>\n<p class=\"MsoNormal\" style=\"line-height: normal\"><strong><span style=\"font-size: 12.0pt;font-family: 'Times New Roman',serif\">\u00a0<\/span><\/strong><\/p>\n<p class=\"MsoNormal\" style=\"line-height: normal\"><strong><span style=\"font-size: 12.0pt;font-family: 'Times New Roman',serif\">Modelos Compat\u00edveis para n\u00famero de pe\u00e7a 030-0060:<\/span><\/strong><\/p>\n<p class=\"MsoNormal\" style=\"line-height: normal\"><span style=\"font-size: 12.0pt;font-family: 'Times New Roman',serif\">UNDERGROUND ART TRUCK &#8211; AE40 AD55 AD30 AE40 II AD45 AD40<\/span><\/p>\n<p class=\"MsoNormal\" style=\"line-height: normal\"><span style=\"font-size: 12.0pt;font-family: 'Times New Roman',serif\">INTEGRATED TOOLCARRIER &#8211; IT38F<\/span><\/p>\n<p class=\"MsoNormal\" style=\"line-height: normal\"><span style=\"font-size: 12.0pt;font-family: 'Times New Roman',serif\">LOAD HAUL DUMP &#8211; R1700 II R1600G R2900G R1600 R1700G R1300 R2900<\/span><\/p>\n<p class=\"MsoNormal\" style=\"line-height: normal\"><span style=\"font-size: 12.0pt;font-family: 'Times New Roman',serif\">WINCH &#8211; 528 54<\/span><\/p>\n<p class=\"MsoNormal\" style=\"line-height: normal\"><span style=\"font-size: 12.0pt;font-family: 'Times New Roman',serif\">MOTOR GRADER &#8211; 12H 12G 12M 120H 120G 160H 160G 160H NA 135H 160H ES 120M 2 12H NA 135H NA 12H ES 140M 140K 140H 140G 16G 140H NA 130G 140H ES 14G<\/span><\/p>\n<p class=\"MsoNormal\" style=\"line-height: normal\"><span style=\"font-size: 12.0pt;font-family: 'Times New Roman',serif\">TRACK-TYPE TRACTOR &#8211; D10 D4E<\/span><\/p>\n<p class=\"MsoNormal\" style=\"line-height: normal\"><span style=\"font-size: 12.0pt;font-family: 'Times New Roman',serif\">WHEEL SKIDDER &#8211; 535C 525 528<\/span><\/p>\n<p class=\"MsoNormal\" style=\"line-height: normal\"><span style=\"font-size: 12.0pt;font-family: 'Times New Roman',serif\">ASPHALT PAVER &#8211; AP-800 AP-800B<\/span><\/p>\n<p class=\"MsoNormal\" style=\"line-height: normal\"><span style=\"font-size: 12.0pt;font-family: 'Times New Roman',serif\">STABILIZER MIXER &#8211; SM-350<\/span><\/p>\n<p class=\"MsoNormal\" style=\"line-height: normal\"><span style=\"font-size: 12.0pt;font-family: 'Times New Roman',serif\">EXCAVATOR &#8211; 245 245B<\/span><\/p>\n<p class=\"MsoNormal\" style=\"line-height: normal\"><span style=\"font-size: 12.0pt;font-family: 'Times New Roman',serif\">VIBRATORY COMPACTOR &#8211; CS-56 CS-323C CS-583E CS-563 CS-531C CP-563 CP-323C CS-573C<\/span><\/p>\n<p class=\"MsoNormal\" style=\"line-height: normal\"><span style=\"font-size: 12.0pt;font-family: 'Times New Roman',serif\">RIPPER SCARIFIER &#8211; 16G<\/span><\/p>\n<p class=\"MsoNormal\" style=\"line-height: normal\"><span style=\"font-size: 12.0pt;font-family: 'Times New Roman',serif\">WHEEL TRACTOR &#8211; 623B 621B 621E 633D 613 627B 631D 631E 637D 637E<\/span><\/p>\n<p class=\"MsoNormal\" style=\"line-height: normal\"><span style=\"font-size: 12.0pt;font-family: 'Times New Roman',serif\">RECLAIMER MIXER &#8211; RM-350<\/span><\/p>\n<p class=\"MsoNormal\" style=\"line-height: normal\"><span style=\"font-size: 12.0pt;font-family: 'Times New Roman',serif\">SOIL COMPACTOR &#8211; 815B<\/span><\/p>\n<p class=\"MsoNormal\" style=\"line-height: normal\"><span style=\"font-size: 12.0pt;font-family: 'Times New Roman',serif\">COLD PLANER &#8211; PR-450<\/span><\/p>\n<p class=\"MsoNormal\" style=\"line-height: normal\"><span style=\"font-size: 12.0pt;font-family: 'Times New Roman',serif\">WHEEL LOADER &#8211; 960F 972 950G 950F 962G 924HZ 988B 924H 938G 938F 966D 966F 966E 966G 950F II<\/span><\/p>\n<p class=\"MsoNormal\" style=\"line-height: normal\"><span style=\"font-size: 12.0pt;font-family: 'Times New Roman',serif\">ARTICULATED TRUCK &#8211; D250B D25D D25C D350C D30C D30D D35C D300B<\/span><\/p>\n<p class=\"MsoNormal\" style=\"line-height: normal\"><span style=\"font-size: 12.0pt;font-family: 'Times New Roman',serif\">RIPPER &#8211; 10<\/span><\/p>\n<p class=\"MsoNormal\" style=\"line-height: normal\"><span style=\"font-size: 12.0pt;font-family: 'Times New Roman',serif\">ENGINE \u2013 INDUSTRIAL &#8211; 3406B<\/span><\/p>\n<p class=\"MsoNormal\" style=\"line-height: normal\"><span style=\"font-size: 12.0pt;font-family: 'Times New Roman',serif\">INDUSTRIAL ENGINE &#8211; 3406C<\/span><\/p>\n<p class=\"MsoNormal\" style=\"line-height: normal\"><span style=\"font-size: 12.0pt;font-family: 'Times New Roman',serif\">WHEEL FELLER BUNCHER &#8211; 533<\/span><\/p>\n<p class=\"MsoNormal\" style=\"line-height: normal\"><span style=\"font-size: 12.0pt;font-family: 'Times New Roman',serif\">TRUCK &#8211; 775D 69D 773D 777 769D 769C 773B<\/span><\/p>\n<p class=\"MsoNormal\" style=\"line-height: normal\"><span style=\"font-size: 12.0pt;font-family: 'Times New Roman',serif\">WHEEL SCRAPER &#8211; 623F 623E 621E 657 657E 657B<\/span><\/p>\n<p class=\"MsoNormal\" style=\"line-height: normal\"><span style=\"font-size: 12.0pt;font-family: 'Times New Roman',serif\">QUARRY TRUCK &#8211; 771D 771C 775B<\/span><\/p>\n<p class=\"MsoNormal\" style=\"line-height: normal\"><span style=\"font-size: 12.0pt;font-family: 'Times New Roman',serif\">TRACTOR &#8211; 776 772B 768C<\/span><\/p>\n<p class=\"MsoNormal\" style=\"line-height: normal\"><span style=\"font-size: 12.0pt;font-family: 'Times New Roman',serif\">BULLDOZER &#8211; 10C 10S 10U 834U 834S<\/span><\/p>","protected":false},"featured_media":1304,"comment_status":"open","ping_status":"closed","template":"","meta":{"nf_dc_page":""},"product_brand":[58],"product_cat":[33],"product_tag":[],"class_list":{"0":"post-1303","1":"product","2":"type-product","3":"status-publish","4":"has-post-thumbnail","6":"product_brand-caterpillar","7":"product_cat-motor","9":"first","10":"instock","11":"shipping-taxable","12":"purchasable","13":"product-type-simple"},"_links":{"self":[{"href":"https:\/\/compemaq.com.br\/pt\/wp-json\/wp\/v2\/product\/1303","targetHints":{"allow":["GET"]}}],"collection":[{"href":"https:\/\/compemaq.com.br\/pt\/wp-json\/wp\/v2\/product"}],"about":[{"href":"https:\/\/compemaq.com.br\/pt\/wp-json\/wp\/v2\/types\/product"}],"replies":[{"embeddable":true,"href":"https:\/\/compemaq.com.br\/pt\/wp-json\/wp\/v2\/comments?post=1303"}],"wp:featuredmedia":[{"embeddable":true,"href":"https:\/\/compemaq.com.br\/pt\/wp-json\/wp\/v2\/media\/1304"}],"wp:attachment":[{"href":"https:\/\/compemaq.com.br\/pt\/wp-json\/wp\/v2\/media?parent=1303"}],"wp:term":[{"taxonomy":"product_brand","embeddable":true,"href":"https:\/\/compemaq.com.br\/pt\/wp-json\/wp\/v2\/product_brand?post=1303"},{"taxonomy":"product_cat","embeddable":true,"href":"https:\/\/compemaq.com.br\/pt\/wp-json\/wp\/v2\/product_cat?post=1303"},{"taxonomy":"product_tag","embeddable":true,"href":"https:\/\/compemaq.com.br\/pt\/wp-json\/wp\/v2\/product_tag?post=1303"}],"curies":[{"name":"wp","href":"https:\/\/api.w.org\/{rel}","templated":true}]}}