{"id":1294,"date":"2025-05-19T13:29:40","date_gmt":"2025-05-19T13:29:40","guid":{"rendered":"https:\/\/compemaq.com.br\/produto\/1r0749-filtro-de-combustivel\/"},"modified":"2025-05-26T17:40:27","modified_gmt":"2025-05-26T17:40:27","slug":"1r0749-filtro-de-combustivel","status":"publish","type":"product","link":"https:\/\/compemaq.com.br\/pt\/produto\/1r0749-filtro-de-combustivel\/","title":{"rendered":"1R0749- FILTRO DE COMBUSTIVEL"},"content":{"rendered":"","protected":false},"excerpt":{"rendered":"<p class=\"MsoNormal\" style=\"line-height: normal\"><span style=\"font-size: 12.0pt;font-family: 'Times New Roman',serif\">O <strong>Filtro de Combust\u00edvel Caterpillar 1R-0749<\/strong> \u00e9 essencial para garantir a prote\u00e7\u00e3o do sistema de inje\u00e7\u00e3o e prolongar a vida \u00fatil do motor. Projetado com tecnologia avan\u00e7ada de filtragem, esse filtro proporciona uma separa\u00e7\u00e3o eficiente de part\u00edculas e contaminantes presentes no diesel, mantendo seu equipamento Caterpillar operando com alto desempenho e seguran\u00e7a.<\/span><\/p>\n<p class=\"MsoNormal\" style=\"line-height: normal\"><strong><span style=\"font-size: 12.0pt;font-family: 'Segoe UI Symbol',sans-serif\">\u2705<\/span><\/strong><strong><span style=\"font-size: 12.0pt;font-family: 'Times New Roman',serif\"> C\u00f3digo OEM: 1R-0749<\/span><\/strong><\/p>\n<p class=\"MsoNormal\" style=\"line-height: normal\"><strong><span style=\"font-size: 12.0pt;font-family: 'Segoe UI Symbol',sans-serif\">\u2705<\/span><\/strong><strong><span style=\"font-size: 12.0pt;font-family: 'Times New Roman',serif\"> Categoria: Filtros \/ Combust\u00edvel<\/span><\/strong><\/p>\n<p class=\"MsoNormal\" style=\"line-height: normal\"><strong><span style=\"font-size: 12.0pt;font-family: 'Segoe UI Symbol',sans-serif\">\u2705<\/span><\/strong><strong><span style=\"font-size: 12.0pt;font-family: 'Times New Roman',serif\"> Aplica\u00e7\u00e3o: Motores Caterpillar de m\u00e9dio e grande porte<\/span><\/strong><\/p>\n<p class=\"MsoNormal\" style=\"line-height: normal\"><strong><span style=\"font-size: 12.0pt;font-family: 'Segoe UI Symbol',sans-serif\">\u2705<\/span><\/strong><strong><span style=\"font-size: 12.0pt;font-family: 'Times New Roman',serif\"> Produto novo, com garantia e proced\u00eancia<\/span><\/strong><\/p>\n<p class=\"MsoNormal\" style=\"line-height: normal\"><strong><span style=\"font-size: 12.0pt;font-family: 'Segoe UI Symbol',sans-serif\">\u2705<\/span><\/strong><strong><span style=\"font-size: 12.0pt;font-family: 'Times New Roman',serif\"> Dispon\u00edvel para envio imediato em todo o Brasil<\/span><\/strong><\/p>\n<p class=\"MsoNormal\" style=\"line-height: normal\"><strong><span style=\"font-size: 13.5pt;font-family: 'Times New Roman',serif\">Principais Vantagens do Filtro 1R-0749:<\/span><\/strong><\/p>\n<ul type=\"disc\">\n<li class=\"MsoNormal\" style=\"line-height: normal\"><strong><span style=\"font-size: 12.0pt;font-family: 'Times New Roman',serif\">Filtragem de alta efici\u00eancia<\/span><\/strong><span style=\"font-size: 12.0pt;font-family: 'Times New Roman',serif\">, removendo impurezas finas do diesel;<\/span><\/li>\n<li class=\"MsoNormal\" style=\"line-height: normal\"><strong><span style=\"font-size: 12.0pt;font-family: 'Times New Roman',serif\">Prote\u00e7\u00e3o superior para bicos injetores e bomba de combust\u00edvel<\/span><\/strong><span style=\"font-size: 12.0pt;font-family: 'Times New Roman',serif\">;<\/span><\/li>\n<li class=\"MsoNormal\" style=\"line-height: normal\"><strong><span style=\"font-size: 12.0pt;font-family: 'Times New Roman',serif\">Tecnologia de filtro avan\u00e7ado (pleat spacing)<\/span><\/strong><span style=\"font-size: 12.0pt;font-family: 'Times New Roman',serif\"> que melhora o fluxo e a reten\u00e7\u00e3o de part\u00edculas;<\/span><\/li>\n<li class=\"MsoNormal\" style=\"line-height: normal\"><strong><span style=\"font-size: 12.0pt;font-family: 'Times New Roman',serif\">Maior durabilidade e intervalo entre trocas<\/span><\/strong><span style=\"font-size: 12.0pt;font-family: 'Times New Roman',serif\">, reduzindo custos operacionais;<\/span><\/li>\n<li class=\"MsoNormal\" style=\"line-height: normal\"><strong><span style=\"font-size: 12.0pt;font-family: 'Times New Roman',serif\">F\u00e1cil instala\u00e7\u00e3o<\/span><\/strong><span style=\"font-size: 12.0pt;font-family: 'Times New Roman',serif\">, com encaixe perfeito em motores Caterpillar.<\/span><\/li>\n<\/ul>\n<p class=\"MsoNormal\" style=\"line-height: normal\"><strong><span style=\"font-size: 13.5pt;font-family: 'Times New Roman',serif\">Aplica\u00e7\u00f5es Comuns:<\/span><\/strong><\/p>\n<p class=\"MsoNormal\" style=\"line-height: normal\"><span style=\"font-size: 12.0pt;font-family: 'Times New Roman',serif\">O <strong>Filtro Caterpillar 1R-0749<\/strong> \u00e9 amplamente utilizado em:<\/span><\/p>\n<ul type=\"disc\">\n<li class=\"MsoNormal\" style=\"line-height: normal\"><span style=\"font-size: 12.0pt;font-family: 'Times New Roman',serif\">Escavadeiras<\/span><\/li>\n<li class=\"MsoNormal\" style=\"line-height: normal\"><span style=\"font-size: 12.0pt;font-family: 'Times New Roman',serif\">Carregadeiras<\/span><\/li>\n<li class=\"MsoNormal\" style=\"line-height: normal\"><span style=\"font-size: 12.0pt;font-family: 'Times New Roman',serif\">Tratores de esteiras<\/span><\/li>\n<li class=\"MsoNormal\" style=\"line-height: normal\"><span style=\"font-size: 12.0pt;font-family: 'Times New Roman',serif\">Caminh\u00f5es fora de estrada<\/span><\/li>\n<li class=\"MsoNormal\" style=\"line-height: normal\"><span style=\"font-size: 12.0pt;font-family: 'Times New Roman',serif\">Motores estacion\u00e1rios e grupos geradores Caterpillar<\/span><\/li>\n<\/ul>\n<p class=\"MsoNormal\" style=\"line-height: normal\"><span style=\"font-size: 12.0pt;font-family: 'Times New Roman',serif\">\u00a0Importante<strong>:<\/strong> Consulte nossa equipe t\u00e9cnica para garantir a compatibilidade com o modelo e n\u00famero de s\u00e9rie do seu equipamento.<\/span><\/p>\n<p class=\"MsoNormal\" style=\"line-height: normal\"><strong><span style=\"font-size: 13.5pt;font-family: 'Times New Roman',serif\">\u00a0Compemaq \u2013 Qualidade e Confiabilidade para sua M\u00e1quina<\/span><\/strong><\/p>\n<p class=\"MsoNormal\" style=\"line-height: normal\"><span style=\"font-size: 12.0pt;font-family: 'Times New Roman',serif\">Na <strong>Compemaq<\/strong>, voc\u00ea encontra pe\u00e7as de reposi\u00e7\u00e3o com garantia de proced\u00eancia, suporte t\u00e9cnico especializado e entrega r\u00e1pida. Somos refer\u00eancia nacional no fornecimento de componentes para m\u00e1quinas pesadas da linha amarela.<\/span><\/p>\n<ul type=\"disc\">\n<li class=\"MsoNormal\" style=\"line-height: normal\"><span style=\"font-size: 12.0pt;font-family: 'Times New Roman',serif\">Produtos 100% novos e com garantia<\/span><\/li>\n<li class=\"MsoNormal\" style=\"line-height: normal\"><strong><span style=\"font-size: 12.0pt;font-family: 'Times New Roman',serif\">Envio r\u00e1pido e seguro<\/span><\/strong><span style=\"font-size: 12.0pt;font-family: 'Times New Roman',serif\"> para todo o Brasil<\/span><\/li>\n<li class=\"MsoNormal\" style=\"line-height: normal\"><strong><span style=\"font-size: 12.0pt;font-family: 'Times New Roman',serif\">Atendimento t\u00e9cnico qualificado<\/span><\/strong><\/li>\n<li class=\"MsoNormal\" style=\"line-height: normal\"><strong><span style=\"font-size: 12.0pt;font-family: 'Times New Roman',serif\">Facilidade no pagamento e parcelamento<\/span><\/strong><\/li>\n<\/ul>\n<p class=\"MsoNormal\" style=\"line-height: normal\"><strong><span style=\"font-size: 13.5pt;font-family: 'Times New Roman',serif\">\u00a0Pronta entrega | <\/span><\/strong><strong><span style=\"font-size: 13.5pt;font-family: 'Times New Roman',serif\">\u00a0Suporte t\u00e9cnico | <\/span><\/strong><strong><span style=\"font-size: 13.5pt;font-family: 'Times New Roman',serif\">\u00a0Parcelamento facilitado<\/span><\/strong><\/p>\n<p class=\"MsoNormal\" style=\"line-height: normal\"><span style=\"font-size: 12.0pt;font-family: 'Times New Roman',serif\">Adquira j\u00e1 o <strong>Filtro de Combust\u00edvel Caterpillar 1R-0749<\/strong> com a confian\u00e7a e seguran\u00e7a da <strong>Compemaq<\/strong>.<br \/>\n<strong>Mantenha seu motor protegido, economize com manuten\u00e7\u00e3o e garanta m\u00e1xima performance no campo ou no canteiro de obras.<\/strong><\/span><\/p>\n<p class=\"MsoNormal\" style=\"line-height: normal\"><strong><span style=\"font-size: 12.0pt;font-family: 'Times New Roman',serif\">Modelos Compat\u00edveis para n\u00famero de pe\u00e7a 1R-0749:<\/span><\/strong><\/p>\n<p class=\"MsoNormal\" style=\"line-height: normal\"><span style=\"font-size: 12.0pt;font-family: 'Times New Roman',serif\">PUMPER &#8211; SPS342 CPT372 SPT342 SCT673<\/span><\/p>\n<p class=\"MsoNormal\" style=\"line-height: normal\"><span style=\"font-size: 12.0pt;font-family: 'Times New Roman',serif\">UNDERGROUND ART TRUCK &#8211; AE40 AD55 AD30 AE40 II AD45 AD40<\/span><\/p>\n<p class=\"MsoNormal\" style=\"line-height: normal\"><span style=\"font-size: 12.0pt;font-family: 'Times New Roman',serif\">GENERATOR &#8211; SR4 SR4B SR4BHV<\/span><\/p>\n<p class=\"MsoNormal\" style=\"line-height: normal\"><span style=\"font-size: 12.0pt;font-family: 'Times New Roman',serif\">TRUCK ENGINE &#8211; C-10 3406E 3406C 3406B C-15 3176 3408B 3176B 3408<\/span><\/p>\n<p class=\"MsoNormal\" style=\"line-height: normal\"><span style=\"font-size: 12.0pt;font-family: 'Times New Roman',serif\">POWER MODULE &#8211; PM3456<\/span><\/p>\n<p class=\"MsoNormal\" style=\"line-height: normal\"><span style=\"font-size: 12.0pt;font-family: 'Times New Roman',serif\">LOAD HAUL DUMP &#8211; R1700 II R1600G R2900G R1600 R1700G R2900<\/span><\/p>\n<p class=\"MsoNormal\" style=\"line-height: normal\"><span style=\"font-size: 12.0pt;font-family: 'Times New Roman',serif\">REMAN ENGINE &#8211; 3406E<\/span><\/p>\n<p class=\"MsoNormal\" style=\"line-height: normal\"><span style=\"font-size: 12.0pt;font-family: 'Times New Roman',serif\">MOTOR GRADER &#8211; 12K 160K 120K 140M 140K 140K 2 120K 2<\/span><\/p>\n<p class=\"MsoNormal\" style=\"line-height: normal\"><span style=\"font-size: 12.0pt;font-family: 'Times New Roman',serif\">TRACK-TYPE TRACTOR &#8211; D9R D6T<\/span><\/p>\n<p class=\"MsoNormal\" style=\"line-height: normal\"><span style=\"font-size: 12.0pt;font-family: 'Times New Roman',serif\">MARINE ENGINE &#8211; 3176B 3408B 3304 3304B 3412 3406B 3408<\/span><\/p>\n<p class=\"MsoNormal\" style=\"line-height: normal\"><span style=\"font-size: 12.0pt;font-family: 'Times New Roman',serif\">STABILIZER MIXER &#8211; SM-350<\/span><\/p>\n<p class=\"MsoNormal\" style=\"line-height: normal\"><span style=\"font-size: 12.0pt;font-family: 'Times New Roman',serif\">EXCAVATOR &#8211; 245B<\/span><\/p>\n<p class=\"MsoNormal\" style=\"line-height: normal\"><span style=\"font-size: 12.0pt;font-family: 'Times New Roman',serif\">WHEEL TRACTOR &#8211; 633E II 621K OEM 621E 631E 637E<\/span><\/p>\n<p class=\"MsoNormal\" style=\"line-height: normal\"><span style=\"font-size: 12.0pt;font-family: 'Times New Roman',serif\">RECLAIMER MIXER &#8211; RM-350<\/span><\/p>\n<p class=\"MsoNormal\" style=\"line-height: normal\"><span style=\"font-size: 12.0pt;font-family: 'Times New Roman',serif\">HYDRAULIC CONTROL &#8211; 48<\/span><\/p>\n<p class=\"MsoNormal\" style=\"line-height: normal\"><span style=\"font-size: 12.0pt;font-family: 'Times New Roman',serif\">PETROLEUM ENGINE &#8211; 3412E<\/span><\/p>\n<p class=\"MsoNormal\" style=\"line-height: normal\"><span style=\"font-size: 12.0pt;font-family: 'Times New Roman',serif\">SOIL COMPACTOR &#8211; 825C<\/span><\/p>\n<p class=\"MsoNormal\" style=\"line-height: normal\"><span style=\"font-size: 12.0pt;font-family: 'Times New Roman',serif\">COLD PLANER &#8211; PR-1000C PR-1000 PR-450 PM-565<\/span><\/p>\n<p class=\"MsoNormal\" style=\"line-height: normal\"><span style=\"font-size: 12.0pt;font-family: 'Times New Roman',serif\">WHEEL DOZER &#8211; 824C<\/span><\/p>\n<p class=\"MsoNormal\" style=\"line-height: normal\"><span style=\"font-size: 12.0pt;font-family: 'Times New Roman',serif\">LANDFILL COMPACTOR &#8211; 836 826C<\/span><\/p>\n<p class=\"MsoNormal\" style=\"line-height: normal\"><span style=\"font-size: 12.0pt;font-family: 'Times New Roman',serif\">ROAD RECLAIMER &#8211; RR-250<\/span><\/p>\n<p class=\"MsoNormal\" style=\"line-height: normal\"><span style=\"font-size: 12.0pt;font-family: 'Times New Roman',serif\">SOIL STABILIZER &#8211; SS-250<\/span><\/p>\n<p class=\"MsoNormal\" style=\"line-height: normal\"><span style=\"font-size: 12.0pt;font-family: 'Times New Roman',serif\">ENGINE \u2013 MACHINE &#8211; 3408 C9 3208<\/span><\/p>\n<p class=\"MsoNormal\" style=\"line-height: normal\"><span style=\"font-size: 12.0pt;font-family: 'Times New Roman',serif\">GEN SET ENGINE &#8211; 3406C 3306 3304 3406B 3412 3408B 3408C 3412C 3508 3304B 3408 3512 3516<\/span><\/p>\n<p class=\"MsoNormal\" style=\"line-height: normal\"><span style=\"font-size: 12.0pt;font-family: 'Times New Roman',serif\">CHALLENGER &#8211; 65C 65D 75C 85C<\/span><\/p>\n<p class=\"MsoNormal\" style=\"line-height: normal\"><span style=\"font-size: 12.0pt;font-family: 'Times New Roman',serif\">ENGINE \u2013 INDUSTRIAL &#8211; 3406B 3406C<\/span><\/p>\n<p class=\"MsoNormal\" style=\"line-height: normal\"><span style=\"font-size: 12.0pt;font-family: 'Times New Roman',serif\">INDUSTRIAL ENGINE &#8211; 3412 C18 3406C 3406 3408B<\/span><\/p>\n<p class=\"MsoNormal\" style=\"line-height: normal\"><span style=\"font-size: 12.0pt;font-family: 'Times New Roman',serif\">WHEEL SCRAPER &#8211; 621E 657 657E 657B<\/span><\/p>\n<p class=\"MsoNormal\" style=\"line-height: normal\"><span style=\"font-size: 12.0pt;font-family: 'Times New Roman',serif\">TRUCK &#8211; 775D 69D 773D 769D<\/span><\/p>\n<p class=\"MsoNormal\" style=\"line-height: normal\"><span style=\"font-size: 12.0pt;font-family: 'Times New Roman',serif\">QUARRY TRUCK &#8211; 771D<\/span><\/p>\n<p class=\"MsoNormal\" style=\"line-height: normal\"><span style=\"font-size: 12.0pt;font-family: 'Times New Roman',serif\">TRACTOR &#8211; 768C<\/span><\/p>\n<p class=\"MsoNormal\" style=\"line-height: normal\"><span style=\"font-size: 12.0pt;font-family: 'Times New Roman',serif\">BULLDOZER &#8211; 834U 834S<\/span><\/p>\n<p class=\"MsoNormal\" style=\"line-height: normal\"><strong><span style=\"font-size: 12.0pt;font-family: 'Times New Roman',serif\">\u00a0<\/span><\/strong><\/p>","protected":false},"featured_media":1356,"comment_status":"open","ping_status":"closed","template":"","meta":{"nf_dc_page":""},"product_brand":[58],"product_cat":[72],"product_tag":[],"class_list":{"0":"post-1294","1":"product","2":"type-product","3":"status-publish","4":"has-post-thumbnail","6":"product_brand-caterpillar","7":"product_cat-filtros-e-fluidos","9":"first","10":"instock","11":"shipping-taxable","12":"purchasable","13":"product-type-simple"},"_links":{"self":[{"href":"https:\/\/compemaq.com.br\/pt\/wp-json\/wp\/v2\/product\/1294","targetHints":{"allow":["GET"]}}],"collection":[{"href":"https:\/\/compemaq.com.br\/pt\/wp-json\/wp\/v2\/product"}],"about":[{"href":"https:\/\/compemaq.com.br\/pt\/wp-json\/wp\/v2\/types\/product"}],"replies":[{"embeddable":true,"href":"https:\/\/compemaq.com.br\/pt\/wp-json\/wp\/v2\/comments?post=1294"}],"wp:featuredmedia":[{"embeddable":true,"href":"https:\/\/compemaq.com.br\/pt\/wp-json\/wp\/v2\/media\/1356"}],"wp:attachment":[{"href":"https:\/\/compemaq.com.br\/pt\/wp-json\/wp\/v2\/media?parent=1294"}],"wp:term":[{"taxonomy":"product_brand","embeddable":true,"href":"https:\/\/compemaq.com.br\/pt\/wp-json\/wp\/v2\/product_brand?post=1294"},{"taxonomy":"product_cat","embeddable":true,"href":"https:\/\/compemaq.com.br\/pt\/wp-json\/wp\/v2\/product_cat?post=1294"},{"taxonomy":"product_tag","embeddable":true,"href":"https:\/\/compemaq.com.br\/pt\/wp-json\/wp\/v2\/product_tag?post=1294"}],"curies":[{"name":"wp","href":"https:\/\/api.w.org\/{rel}","templated":true}]}}