{"id":1279,"date":"2025-03-17T19:12:21","date_gmt":"2025-03-17T19:12:21","guid":{"rendered":"https:\/\/compemaq.com.br\/produto\/1r1808-filtro-oleo-motor\/"},"modified":"2025-06-02T11:17:18","modified_gmt":"2025-06-02T11:17:18","slug":"1r1808-filtro-oleo-motor","status":"publish","type":"product","link":"https:\/\/compemaq.com.br\/pt\/produto\/1r1808-filtro-oleo-motor\/","title":{"rendered":"1R1808- FILTRO OLEO MOTOR"},"content":{"rendered":"","protected":false},"excerpt":{"rendered":"<p class=\"MsoNormal\" style=\"line-height: normal\"><span style=\"font-size: 12.0pt;font-family: 'Times New Roman',serif\">Mantenha o desempenho e a confiabilidade do seu motor com o <strong>Filtro de \u00d3leo Caterpillar 1R-1808<\/strong>, um dos mais utilizados em motores diesel de alto rendimento. Na <strong>Compemaq<\/strong>, voc\u00ea encontra pe\u00e7as originais com qualidade garantida para m\u00e1quinas pesadas.<\/span><\/p>\n<p class=\"MsoNormal\" style=\"line-height: normal\"><span style=\"font-size: 12.0pt;font-family: 'Times New Roman',serif\">Desenvolvido para oferecer <strong>alta efici\u00eancia de filtragem<\/strong>, o <strong>1R-1808<\/strong> \u00e9 ideal para proteger o motor contra impurezas e part\u00edculas contaminantes, garantindo maior durabilidade dos componentes internos e menor risco de falhas mec\u00e2nicas.<\/span><\/p>\n<p class=\"MsoNormal\" style=\"margin-bottom: .0001pt;line-height: normal\"><span style=\"font-size: 12.0pt;font-family: 'Times New Roman',serif\">\u00a0<\/span><\/p>\n<p class=\"MsoNormal\" style=\"line-height: normal\"><strong><span style=\"font-size: 12.0pt;font-family: 'Times New Roman',serif\">Especifica\u00e7\u00f5es T\u00e9cnicas:<\/span><\/strong><\/p>\n<ul type=\"disc\">\n<li class=\"MsoNormal\" style=\"line-height: normal\"><strong><span style=\"font-size: 12.0pt;font-family: 'Times New Roman',serif\">Marca:<\/span><\/strong><span style=\"font-size: 12.0pt;font-family: 'Times New Roman',serif\"> Caterpillar (Original)<\/span><\/li>\n<li class=\"MsoNormal\" style=\"line-height: normal\"><strong><span style=\"font-size: 12.0pt;font-family: 'Times New Roman',serif\">Modelo:<\/span><\/strong><span style=\"font-size: 12.0pt;font-family: 'Times New Roman',serif\"> 1R-1808<\/span><\/li>\n<li class=\"MsoNormal\" style=\"line-height: normal\"><strong><span style=\"font-size: 12.0pt;font-family: 'Times New Roman',serif\">Tipo:<\/span><\/strong><span style=\"font-size: 12.0pt;font-family: 'Times New Roman',serif\"> Filtro de \u00f3leo lubrificante para motores diesel<\/span><\/li>\n<li class=\"MsoNormal\" style=\"line-height: normal\"><strong><span style=\"font-size: 12.0pt;font-family: 'Times New Roman',serif\">Aplica\u00e7\u00e3o:<\/span><\/strong><span style=\"font-size: 12.0pt;font-family: 'Times New Roman',serif\"> Equipamentos e m\u00e1quinas pesadas Caterpillar<\/span><\/li>\n<li class=\"MsoNormal\" style=\"line-height: normal\"><strong><span style=\"font-size: 12.0pt;font-family: 'Times New Roman',serif\">Conex\u00e3o:<\/span><\/strong><span style=\"font-size: 12.0pt;font-family: 'Times New Roman',serif\"> Rosque\u00e1vel<\/span><\/li>\n<li class=\"MsoNormal\" style=\"line-height: normal\"><strong><span style=\"font-size: 12.0pt;font-family: 'Times New Roman',serif\">Efici\u00eancia:<\/span><\/strong><span style=\"font-size: 12.0pt;font-family: 'Times New Roman',serif\"> Alta capacidade de reten\u00e7\u00e3o de contaminantes<\/span><\/li>\n<li class=\"MsoNormal\" style=\"line-height: normal\"><strong><span style=\"font-size: 12.0pt;font-family: 'Times New Roman',serif\">Constru\u00e7\u00e3o:<\/span><\/strong><span style=\"font-size: 12.0pt;font-family: 'Times New Roman',serif\"> Corpo met\u00e1lico com elemento filtrante de alta resist\u00eancia t\u00e9rmica<\/span><\/li>\n<\/ul>\n<p class=\"MsoNormal\" style=\"margin-bottom: .0001pt;line-height: normal\"><span style=\"font-size: 12.0pt;font-family: 'Times New Roman',serif\">\u00a0<\/span><\/p>\n<p class=\"MsoNormal\" style=\"line-height: normal\"><strong><span style=\"font-size: 12.0pt;font-family: 'Times New Roman',serif\">Principais Benef\u00edcios:<\/span><\/strong><\/p>\n<ul type=\"disc\">\n<li class=\"MsoNormal\" style=\"line-height: normal\"><span style=\"font-size: 12.0pt;font-family: 'Segoe UI Symbol',sans-serif\">\u2705<\/span><span style=\"font-size: 12.0pt;font-family: 'Times New Roman',serif\"> <strong>Prote\u00e7\u00e3o superior ao motor<\/strong> contra part\u00edculas e desgaste prematuro<\/span><\/li>\n<li class=\"MsoNormal\" style=\"line-height: normal\"><span style=\"font-size: 12.0pt;font-family: 'Segoe UI Symbol',sans-serif\">\u2705<\/span><span style=\"font-size: 12.0pt;font-family: 'Times New Roman',serif\"> <strong>Maior vida \u00fatil do \u00f3leo<\/strong> e dos componentes internos<\/span><\/li>\n<li class=\"MsoNormal\" style=\"line-height: normal\"><span style=\"font-size: 12.0pt;font-family: 'Segoe UI Symbol',sans-serif\">\u2705<\/span><span style=\"font-size: 12.0pt;font-family: 'Times New Roman',serif\"> <strong>Desempenho est\u00e1vel em condi\u00e7\u00f5es severas de opera\u00e7\u00e3o<\/strong><\/span><\/li>\n<li class=\"MsoNormal\" style=\"line-height: normal\"><span style=\"font-size: 12.0pt;font-family: 'Segoe UI Symbol',sans-serif\">\u2705<\/span><span style=\"font-size: 12.0pt;font-family: 'Times New Roman',serif\"> <strong>Produto original Caterpillar<\/strong>, com qualidade e compatibilidade garantidas<\/span><\/li>\n<\/ul>\n<p class=\"MsoNormal\" style=\"margin-bottom: .0001pt;line-height: normal\"><span style=\"font-size: 12.0pt;font-family: 'Times New Roman',serif\">\u00a0<\/span><\/p>\n<p class=\"MsoNormal\" style=\"line-height: normal\"><strong><span style=\"font-size: 12.0pt;font-family: 'Times New Roman',serif\">Por que comprar na Compemaq?<\/span><\/strong><\/p>\n<ul type=\"disc\">\n<li class=\"MsoNormal\" style=\"line-height: normal\"><span style=\"font-size: 12.0pt;font-family: 'Times New Roman',serif\"><span>\u00a0<\/span>Especialista em pe\u00e7as para m\u00e1quinas pesadas<\/span><\/li>\n<li class=\"MsoNormal\" style=\"line-height: normal\"><span style=\"font-size: 12.0pt;font-family: 'Times New Roman',serif\"><span>\u00a0<\/span>Entrega r\u00e1pida em todo o Brasil<\/span><\/li>\n<li class=\"MsoNormal\" style=\"line-height: normal\"><span style=\"font-size: 12.0pt;font-family: 'Times New Roman',serif\"><span>\u00a0<\/span>Suporte t\u00e9cnico especializado<\/span><\/li>\n<li class=\"MsoNormal\" style=\"line-height: normal\"><span style=\"font-size: 12.0pt;font-family: 'Times New Roman',serif\"><span>\u00a0<\/span>Garantia de proced\u00eancia e qualidade<\/span><\/li>\n<li class=\"MsoNormal\" style=\"line-height: normal\"><span style=\"font-size: 12.0pt;font-family: 'Times New Roman',serif\"><span>\u00a0<\/span>Condi\u00e7\u00f5es de pagamento facilitadas<\/span><\/li>\n<\/ul>\n<p class=\"MsoNormal\">\u00a0<\/p>\n<p class=\"MsoNormal\" style=\"line-height: normal\"><strong><span style=\"font-size: 12.0pt;font-family: 'Times New Roman',serif\">Modelos Compat\u00edveis para n\u00famero de pe\u00e7a 1R-1808:<\/span><\/strong><\/p>\n<p class=\"MsoNormal\" style=\"line-height: normal\">\u00a0<\/p>\n<p class=\"MsoNormal\" style=\"line-height: normal\"><span style=\"font-size: 12.0pt;font-family: 'Times New Roman',serif\">PUMPER &#8211; SPS342 CPT372 SPT342 SCT673<\/span><\/p>\n<p class=\"MsoNormal\" style=\"line-height: normal\"><span style=\"font-size: 12.0pt;font-family: 'Times New Roman',serif\">GENERATOR &#8211; SR4<\/span><\/p>\n<p class=\"MsoNormal\" style=\"line-height: normal\"><span style=\"font-size: 12.0pt;font-family: 'Times New Roman',serif\">TRUCK ENGINE -3408B C9 3408 C-12 3406E 3406C 3406B C-9 C13 3176 3306B 3306<\/span><\/p>\n<p class=\"MsoNormal\" style=\"line-height: normal\"><span style=\"font-size: 12.0pt;font-family: 'Times New Roman',serif\">POWER MODULE &#8211; PM3456<\/span><\/p>\n<p class=\"MsoNormal\" style=\"line-height: normal\"><span style=\"font-size: 12.0pt;font-family: 'Times New Roman',serif\">WHEEL TRACTOR-SCRAPER &#8211; 651 623K LRC 621K<\/span><\/p>\n<p class=\"MsoNormal\" style=\"line-height: normal\"><span style=\"font-size: 12.0pt;font-family: 'Times New Roman',serif\">REMAN ENGINE &#8211; 3406E<\/span><\/p>\n<p class=\"MsoNormal\" style=\"line-height: normal\"><span style=\"font-size: 12.0pt;font-family: 'Times New Roman',serif\">MOTOR GRADER &#8211; 18M3 16M3 14M3 14M-3<\/span><\/p>\n<p class=\"MsoNormal\" style=\"line-height: normal\"><span style=\"font-size: 12.0pt;font-family: 'Times New Roman',serif\">TRACK-TYPE TRACTOR &#8211; D6<\/span><\/p>\n<p class=\"MsoNormal\" style=\"line-height: normal\"><span style=\"font-size: 12.0pt;font-family: 'Times New Roman',serif\">TRACK FELLER BUNCHER &#8211; TK751<\/span><\/p>\n<p class=\"MsoNormal\" style=\"line-height: normal\"><span style=\"font-size: 12.0pt;font-family: 'Times New Roman',serif\">MARINE ENGINE &#8211; 3408B C18 3412 3406B 3408 C32B<\/span><\/p>\n<p class=\"MsoNormal\" style=\"line-height: normal\"><span style=\"font-size: 12.0pt;font-family: 'Times New Roman',serif\">STABILIZER MIXER &#8211; SM-350<\/span><\/p>\n<p class=\"MsoNormal\" style=\"line-height: normal\"><span style=\"font-size: 12.0pt;font-family: 'Times New Roman',serif\">EXCAVATOR &#8211; 349E L 349E L VG 349E<\/span><\/p>\n<p class=\"MsoNormal\" style=\"line-height: normal\"><span style=\"font-size: 12.0pt;font-family: 'Times New Roman',serif\">GENERATOR SET &#8211; C32<\/span><\/p>\n<p class=\"MsoNormal\" style=\"line-height: normal\"><span style=\"font-size: 12.0pt;font-family: 'Times New Roman',serif\">WHEEL TRACTOR &#8211; 631E 621K OEM 651<\/span><\/p>\n<p class=\"MsoNormal\" style=\"line-height: normal\"><span style=\"font-size: 12.0pt;font-family: 'Times New Roman',serif\">RECLAIMER MIXER &#8211; RM-350<\/span><\/p>\n<p class=\"MsoNormal\" style=\"line-height: normal\"><span style=\"font-size: 12.0pt;font-family: 'Times New Roman',serif\">WHEEL DOZER &#8211; 834K<\/span><\/p>\n<p class=\"MsoNormal\" style=\"line-height: normal\"><span style=\"font-size: 12.0pt;font-family: 'Times New Roman',serif\">COLD PLANER &#8211; PR-1000C PR-1000 PM-565<\/span><\/p>\n<p class=\"MsoNormal\" style=\"line-height: normal\"><span style=\"font-size: 12.0pt;font-family: 'Times New Roman',serif\">LANDFILL COMPACTOR &#8211; 836K 836<\/span><\/p>\n<p class=\"MsoNormal\" style=\"line-height: normal\"><span style=\"font-size: 12.0pt;font-family: 'Times New Roman',serif\">WHEEL LOADER &#8211; 988K 972H 980H 966H<\/span><\/p>\n<p class=\"MsoNormal\" style=\"line-height: normal\"><span style=\"font-size: 12.0pt;font-family: 'Times New Roman',serif\">ENGINE \u2013 MACHINE &#8211; C9 3208 3408<\/span><\/p>\n<p class=\"MsoNormal\" style=\"line-height: normal\"><span style=\"font-size: 12.0pt;font-family: 'Times New Roman',serif\">GEN SET ENGINE &#8211; 3412 3408B 3408C 3408 3412C<\/span><\/p>\n<p class=\"MsoNormal\" style=\"line-height: normal\"><span style=\"font-size: 12.0pt;font-family: 'Times New Roman',serif\">CHALLENGER &#8211; 65C 65D<\/span><\/p>\n<p class=\"MsoNormal\" style=\"line-height: normal\"><span style=\"font-size: 12.0pt;font-family: 'Times New Roman',serif\">ENGINE \u2013 INDUSTRIAL &#8211; 3406B<\/span><\/p>\n<p class=\"MsoNormal\" style=\"line-height: normal\"><span style=\"font-size: 12.0pt;font-family: 'Times New Roman',serif\">INDUSTRIAL ENGINE &#8211; 3176C 3412 3406C 3126 C13 C15 3408B 3408C<\/span><\/p>\n<p class=\"MsoNormal\" style=\"line-height: normal\"><span style=\"font-size: 12.0pt;font-family: 'Times New Roman',serif\">TRUCK &#8211; 775D 773D 769D<\/span><\/p>\n<p class=\"MsoNormal\" style=\"line-height: normal\"><span style=\"font-size: 12.0pt;font-family: 'Times New Roman',serif\">WHEEL SCRAPER &#8211; 623F 623E 657 657B<\/span><\/p>\n<p class=\"MsoNormal\" style=\"line-height: normal\"><span style=\"font-size: 12.0pt;font-family: 'Times New Roman',serif\">QUARRY TRUCK &#8211; 771D<\/span><\/p>\n<p class=\"MsoNormal\" style=\"line-height: normal\"><span style=\"font-size: 12.0pt;font-family: 'Times New Roman',serif\">GAS ENGINE &#8211; G3408B G3406 G3304 G3306<\/span><\/p>","protected":false},"featured_media":1280,"comment_status":"open","ping_status":"closed","template":"","meta":{"nf_dc_page":""},"product_brand":[58],"product_cat":[72],"product_tag":[],"class_list":{"0":"post-1279","1":"product","2":"type-product","3":"status-publish","4":"has-post-thumbnail","6":"product_brand-caterpillar","7":"product_cat-filtros-e-fluidos","9":"first","10":"instock","11":"shipping-taxable","12":"purchasable","13":"product-type-simple"},"_links":{"self":[{"href":"https:\/\/compemaq.com.br\/pt\/wp-json\/wp\/v2\/product\/1279","targetHints":{"allow":["GET"]}}],"collection":[{"href":"https:\/\/compemaq.com.br\/pt\/wp-json\/wp\/v2\/product"}],"about":[{"href":"https:\/\/compemaq.com.br\/pt\/wp-json\/wp\/v2\/types\/product"}],"replies":[{"embeddable":true,"href":"https:\/\/compemaq.com.br\/pt\/wp-json\/wp\/v2\/comments?post=1279"}],"wp:featuredmedia":[{"embeddable":true,"href":"https:\/\/compemaq.com.br\/pt\/wp-json\/wp\/v2\/media\/1280"}],"wp:attachment":[{"href":"https:\/\/compemaq.com.br\/pt\/wp-json\/wp\/v2\/media?parent=1279"}],"wp:term":[{"taxonomy":"product_brand","embeddable":true,"href":"https:\/\/compemaq.com.br\/pt\/wp-json\/wp\/v2\/product_brand?post=1279"},{"taxonomy":"product_cat","embeddable":true,"href":"https:\/\/compemaq.com.br\/pt\/wp-json\/wp\/v2\/product_cat?post=1279"},{"taxonomy":"product_tag","embeddable":true,"href":"https:\/\/compemaq.com.br\/pt\/wp-json\/wp\/v2\/product_tag?post=1279"}],"curies":[{"name":"wp","href":"https:\/\/api.w.org\/{rel}","templated":true}]}}