{"id":1122,"date":"2025-02-26T13:49:51","date_gmt":"2025-02-26T13:49:51","guid":{"rendered":"https:\/\/compemaq.com.br\/produto\/2130677-sensor-nivel-oleo-motor\/"},"modified":"2025-02-26T14:35:54","modified_gmt":"2025-02-26T14:35:54","slug":"2130677-sensor-nivel-oleo-motor","status":"publish","type":"product","link":"https:\/\/compemaq.com.br\/pt\/produto\/2130677-sensor-nivel-oleo-motor\/","title":{"rendered":"2130677 &#8211; SENSOR NIVEL OLEO MOTOR"},"content":{"rendered":"<h2 style=\"border: none;font-size: 18px;line-height: 1.2;margin: 0px 0px 20px;padding: 0px;vertical-align: baseline;font-family: Inter, sans-serif;text-transform: uppercase;color: #444444\"><span style=\"vertical-align: inherit\">Descri\u00e7\u00e3o<\/span><\/h2>\n<div class=\"elementor-element elementor-element-42eea49 elementor-widget elementor-widget-text-editor\" data-id=\"42eea49\" data-element_type=\"widget\" data-widget_type=\"text-editor.default\" style=\"border: none;font-size: 15px;line-height: inherit;margin: 0px;padding: 0px;vertical-align: baseline;color: #444444;font-family: Inter, 'Segoe UI', Roboto, -apple-system, 'system-ui', sans-serif\">\n<div class=\"elementor-widget-container\" style=\"border: none;font-size: inherit;line-height: inherit;margin: 0px;padding: 0px;text-align: inherit;vertical-align: baseline\">\n<div class=\"elementor-text-editor elementor-clearfix\" style=\"border: none;font-size: inherit;line-height: inherit;margin: 0px;padding: 0px;text-align: inherit;vertical-align: baseline\">\n<div class=\"elementor-element elementor-element-42eea49 elementor-widget elementor-widget-text-editor\" data-id=\"42eea49\" data-element_type=\"widget\" data-widget_type=\"text-editor.default\" style=\"border: none;font-size: inherit;line-height: inherit;margin: 0px;padding: 0px;text-align: inherit;vertical-align: baseline\">\n<div class=\"elementor-widget-container\" style=\"border: none;font-size: inherit;line-height: inherit;margin: 0px;padding: 0px;text-align: inherit;vertical-align: baseline\">\n<div class=\"elementor-text-editor elementor-clearfix\" style=\"border: none;font-size: inherit;line-height: inherit;margin: 0px;padding: 0px;text-align: inherit;vertical-align: baseline\">\n<div class=\"elementor-element elementor-element-42eea49 elementor-widget elementor-widget-text-editor\" data-id=\"42eea49\" data-element_type=\"widget\" data-widget_type=\"text-editor.default\" style=\"border: none;font-size: inherit;line-height: inherit;margin: 0px;padding: 0px;text-align: inherit;vertical-align: baseline\">\n<div class=\"elementor-widget-container\" style=\"border: none;font-size: inherit;line-height: inherit;margin: 0px;padding: 0px;text-align: inherit;vertical-align: baseline\">\n<div class=\"elementor-text-editor elementor-clearfix\" style=\"border: none;font-size: inherit;line-height: inherit;margin: 0px;padding: 0px;text-align: inherit;vertical-align: baseline\">\n<div class=\"elementor-element elementor-element-42eea49 elementor-widget elementor-widget-text-editor\" data-id=\"42eea49\" data-element_type=\"widget\" data-widget_type=\"text-editor.default\" style=\"border: none;font-size: inherit;line-height: inherit;margin: 0px;padding: 0px;text-align: inherit;vertical-align: baseline\">\n<div class=\"elementor-widget-container\" style=\"border: none;font-size: inherit;line-height: inherit;margin: 0px;padding: 0px;text-align: inherit;vertical-align: baseline\">\n<div class=\"elementor-text-editor elementor-clearfix\" style=\"border: none;font-size: inherit;line-height: inherit;margin: 0px;padding: 0px;text-align: inherit;vertical-align: baseline\">\n<p style=\"border: none;font-size: inherit;line-height: inherit;margin-bottom: 20px;padding: 0px;text-align: inherit;vertical-align: baseline\"><span style=\"vertical-align: inherit\">2130677 213-0677 Sensor de press\u00e3o de \u00f3leo Caterpillar<\/span><\/p>\n<p style=\"border: none;font-size: inherit;line-height: inherit;margin-bottom: 20px;padding: 0px;text-align: inherit;vertical-align: baseline\"><span style=\"vertical-align: inherit\">Refer\u00eancia: 2130677<\/span><\/p>\n<p style=\"border: none;font-size: inherit;line-height: inherit;margin-bottom: 20px;padding: 0px;text-align: inherit;vertical-align: baseline\"><span data-sheets-value=\"{&quot;1&quot;:2,&quot;2&quot;:&quot;310G, 310SJ, 310SK, 315SJ, 315SK, 325J, 325K, 325SK&quot;}\" data-sheets-userformat=\"{&quot;2&quot;:33567235,&quot;3&quot;:{&quot;1&quot;:0},&quot;4&quot;:{&quot;1&quot;:2,&quot;2&quot;:0},&quot;12&quot;:0,&quot;15&quot;:&quot;Arial&quot;,&quot;16&quot;:12,&quot;28&quot;:1}\" style=\"border: none;font-size: inherit;line-height: inherit;margin: 0px;padding: 0px;text-align: inherit;vertical-align: baseline\"><span style=\"font-weight: bold;border: none;font-size: inherit;line-height: inherit;margin: 0px;padding: 0px;text-align: inherit;vertical-align: baseline\"><span style=\"vertical-align: inherit\"><span style=\"vertical-align: inherit\">Modelos de equipamentos compat\u00edveis:<\/span><\/span><br style=\"height: 1px;line-height: 1;margin: 0px;padding: 0px\" \/><\/span><span style=\"vertical-align: inherit\"><span style=\"vertical-align: inherit\">320D, 320C, 320D L, 325D L, 336D L, 312D, 854K<\/span><\/span><br style=\"height: 1px;line-height: 1;margin: 0px;padding: 0px\" \/><\/span><\/p>\n<p style=\"border: none;font-size: inherit;line-height: inherit;margin-bottom: 20px;padding: 0px;text-align: inherit;vertical-align: baseline\"><span style=\"font-weight: bold\">Descri\u00e7\u00e3o do produto<\/span><br style=\"height: 1px;line-height: 1;margin: 0px;padding: 0px\" \/><span style=\"vertical-align: inherit\">Produto importado de alta qualidade, novo,\u00a0<\/span><span style=\"font-weight: bold;border: none;font-size: inherit;line-height: inherit;margin: 0px;padding: 0px;text-align: inherit;vertical-align: baseline\">&lt;a href=&quot;\/pt\/&rdquo;https:\/\/rdiesel.co\/contacto\/&rdquo;\/&quot; style=&quot;&rdquo;-webkit-font-smoothing:&quot; antialiased; box-sizing: border-box; background-color: transparent; border: none; font-size: inherit; line-height: margin: 0px; padding: text-align: vertical-align: baseline; color: #444444; text-decoration-line: transition: 0.5s ease-in-out;&rdquo;&gt;<span style=\"vertical-align: inherit\"><span style=\"vertical-align: inherit\">RDiesel<\/span><\/span>&lt;\/a&gt;<span style=\"vertical-align: inherit\"><span style=\"vertical-align: inherit\">\u00a0.<\/span><\/span><\/span><\/p>\n<p style=\"border: none;font-size: inherit;line-height: inherit;padding: 0px;text-align: inherit;vertical-align: baseline\"><span style=\"font-weight: bold;border: none;font-size: inherit;line-height: inherit;margin: 0px;padding: 0px;text-align: inherit;vertical-align: baseline\"><span style=\"vertical-align: inherit\"><span style=\"vertical-align: inherit\">Entrega e disponibilidade<\/span><\/span><br style=\"height: 1px;line-height: 1;margin: 0px;padding: 0px\" \/><\/span><span style=\"vertical-align: inherit\">As entregas s\u00e3o feitas com a transportadora preferida para toda a Col\u00f4mbia.<\/span><br style=\"height: 1px;line-height: 1;margin: 0px;padding: 0px\" \/><span style=\"vertical-align: inherit\">Se o produto estiver\u00a0\u00a0<\/span><span style=\"font-weight: bold;border: none;font-size: inherit;line-height: inherit;margin: 0px;padding: 0px;text-align: inherit;vertical-align: baseline\">dispon\u00edvel<\/span><span style=\"vertical-align: inherit\">\u00a0, ele ser\u00e1 enviado no mesmo dia de nossa sede em Bogot\u00e1 DC. Isso pode variar dependendo da transportadora escolhida. Se estiver<\/span><br style=\"height: 1px;line-height: 1;margin: 0px;padding: 0px\" \/><span style=\"vertical-align: inherit\">dispon\u00edvel para\u00a0<\/span><span style=\"font-weight: bold;border: none;font-size: inherit;line-height: inherit;margin: 0px;padding: 0px;text-align: inherit;vertical-align: baseline\">importa\u00e7\u00e3o\u00a0\u00a0<\/span><span style=\"font-weight: bold\">,<\/span><span style=\"vertical-align: inherit\">\u00a0\u00a0leva de\u00a0<\/span><em style=\"border: none;font-size: inherit;line-height: inherit;margin: 0px;padding: 0px;text-align: inherit;vertical-align: baseline\">7 a 12 dias<\/em><span style=\"vertical-align: inherit\">\u00a0\u00a0para produtos\u00a0\u00a0<\/span><em style=\"border: none;font-size: inherit;line-height: inherit;margin: 0px;padding: 0px;text-align: inherit;vertical-align: baseline\">com peso inferior a 50 kg.<\/em><\/p>\n<\/div>\n<\/div>\n<\/div>\n<div class=\"elementor-element elementor-element-42eea49 elementor-widget elementor-widget-text-editor\" data-id=\"42eea49\" data-element_type=\"widget\" data-widget_type=\"text-editor.default\" style=\"border: none;font-size: inherit;line-height: inherit;margin: 0px;padding: 0px;text-align: inherit;vertical-align: baseline\">\n<div class=\"elementor-widget-container\" style=\"border: none;font-size: inherit;line-height: inherit;margin: 0px;padding: 0px;text-align: inherit;vertical-align: baseline\">\n<div class=\"elementor-text-editor elementor-clearfix\" style=\"border: none;font-size: inherit;line-height: inherit;margin: 0px;padding: 0px;text-align: inherit;vertical-align: baseline\">\n<p style=\"border: none;font-size: inherit;line-height: inherit;padding: 0px;text-align: inherit;vertical-align: baseline\"><span style=\"font-weight: bold;border: none;font-size: inherit;line-height: inherit;margin: 0px;padding: 0px;text-align: inherit;vertical-align: baseline\"><span style=\"vertical-align: inherit\"><span style=\"vertical-align: inherit\">(Produto) Garantia<\/span><\/span><br style=\"height: 1px;line-height: 1;margin: 0px;padding: 0px\" \/><\/span><span style=\"vertical-align: inherit\">Todos os sensores s\u00e3o\u00a0<\/span><span style=\"font-weight: bold;border: none;font-size: inherit;line-height: inherit;margin: 0px;padding: 0px;text-align: inherit;vertical-align: baseline\">novos<\/span><span style=\"vertical-align: inherit\">\u00a0e garantidos diretamente com\u00a0<\/span><span style=\"font-weight: bold\">&lt;a href=&quot;\/pt\/&rdquo;https:\/\/rdiesel.co\/contacto\/&rdquo;\/&quot; style=&quot;&rdquo;-webkit-font-smoothing:&quot; antialiased; box-sizing: border-box; background-color: transparent; border: none; font-size: inherit; line-height: margin: 0px; padding: text-align: vertical-align: baseline; color: #444444; text-decoration-line: transition: 0.5s ease-in-out;&rdquo;&gt;<span style=\"vertical-align: inherit\"><span style=\"vertical-align: inherit\">a RDiesel<\/span><\/span>&lt;\/a&gt;\u00a0<\/span><span style=\"vertical-align: inherit\">para mais informa\u00e7\u00f5es\u00a0<\/span>&lt;a href=&quot;\/pt\/&rdquo;https:\/\/api.whatsapp.com\/send\/?phone=573245044742&amp;text=Hola+RDiesel%2C+Quiero+hacer+una+consulta.&amp;type=phone_number&amp;app_absent=0https:\/\/api.whatsapp.com\/send\/?phone=573245044742&amp;text=Hola+RDiesel%2C+Quiero+hacer+una+consulta.&amp;type=phone_number&amp;app_absent=0&Prime;&quot; style=&quot;&rdquo;-webkit-font-smoothing:&quot; antialiased; box-sizing: border-box; background-color: transparent; border: none; font-size: inherit; line-height: margin: 0px; padding: text-align: vertical-align: baseline; color: #444444; text-decoration-line: transition: 0.5s ease-in-out;&rdquo;&gt;entre em contato com um consultor&lt;\/a&gt;<span style=\"vertical-align: inherit\">\u00a0.<\/span><\/p>\n<\/div>\n<\/div>\n<\/div>\n<\/div>\n<\/div>\n<\/div>\n<\/div>\n<\/div>\n<\/div>\n<\/div>\n<\/div>\n<\/div>","protected":false},"excerpt":{"rendered":"<p>Descri\u00e7\u00e3o 2130677 213-0677 Sensor de press\u00e3o de \u00f3leo Caterpillar Refer\u00eancia: 2130677 Modelos de equipamentos compat\u00edveis:320D, 320C, 320D L, 325D L, 336D L, 312D, 854K Descri\u00e7\u00e3o do produtoProduto importado de alta qualidade, novo,\u00a0&lt;a href=&#8221;https:\/\/rdiesel.co\/contacto\/&#8221; style=&#8221;-webkit-font-smoothing: antialiased; box-sizing: border-box; background-color: transparent; border: none; font-size: inherit; line-height: inherit; margin: 0px; padding: 0px; text-align: inherit; vertical-align: baseline; color: #444444; [&hellip;]<\/p>\n","protected":false},"featured_media":1124,"comment_status":"open","ping_status":"closed","template":"","meta":{"nf_dc_page":""},"product_brand":[],"product_cat":[24],"product_tag":[],"class_list":{"0":"post-1122","1":"product","2":"type-product","3":"status-publish","4":"has-post-thumbnail","6":"product_cat-sistemas-eletricos","8":"first","9":"instock","10":"shipping-taxable","11":"purchasable","12":"product-type-simple"},"_links":{"self":[{"href":"https:\/\/compemaq.com.br\/pt\/wp-json\/wp\/v2\/product\/1122","targetHints":{"allow":["GET"]}}],"collection":[{"href":"https:\/\/compemaq.com.br\/pt\/wp-json\/wp\/v2\/product"}],"about":[{"href":"https:\/\/compemaq.com.br\/pt\/wp-json\/wp\/v2\/types\/product"}],"replies":[{"embeddable":true,"href":"https:\/\/compemaq.com.br\/pt\/wp-json\/wp\/v2\/comments?post=1122"}],"wp:featuredmedia":[{"embeddable":true,"href":"https:\/\/compemaq.com.br\/pt\/wp-json\/wp\/v2\/media\/1124"}],"wp:attachment":[{"href":"https:\/\/compemaq.com.br\/pt\/wp-json\/wp\/v2\/media?parent=1122"}],"wp:term":[{"taxonomy":"product_brand","embeddable":true,"href":"https:\/\/compemaq.com.br\/pt\/wp-json\/wp\/v2\/product_brand?post=1122"},{"taxonomy":"product_cat","embeddable":true,"href":"https:\/\/compemaq.com.br\/pt\/wp-json\/wp\/v2\/product_cat?post=1122"},{"taxonomy":"product_tag","embeddable":true,"href":"https:\/\/compemaq.com.br\/pt\/wp-json\/wp\/v2\/product_tag?post=1122"}],"curies":[{"name":"wp","href":"https:\/\/api.w.org\/{rel}","templated":true}]}}