{"id":1077,"date":"2025-02-20T11:49:28","date_gmt":"2025-02-20T11:49:28","guid":{"rendered":"https:\/\/compemaq.com.br\/produto\/3036658-filtro-de-ar-condicionado\/"},"modified":"2025-03-17T20:13:37","modified_gmt":"2025-03-17T20:13:37","slug":"3036658-filtro-de-ar-condicionado","status":"publish","type":"product","link":"https:\/\/compemaq.com.br\/pt\/produto\/3036658-filtro-de-ar-condicionado\/","title":{"rendered":"3036658 &#8211; FILTRO DE AR CONDICIONADO"},"content":{"rendered":"<section id=\"pdp__description\" class=\"py-3\" style=\"color: #565656;font-family: Arial, 'Helvetica Neue', Helvetica, sans-serif;font-size: 16px;background-color: #ffffff;padding-bottom: 1rem !important;padding-top: 1rem !important\">\n<div class=\"position-relative\" style=\"position: relative !important\">\n<div id=\"descriptionExpander\" class=\"transition-expand\" style=\"overflow: hidden\">\n<p style=\"margin-bottom: 1rem\">Os Filtros de Ar da Cabine\u00a0 foram projetados com tecnologia de filtragem avan\u00e7ada que reduz agentes irritantes suspensos no ar, o que cria um ambiente de trabalho mais limpo e confort\u00e1vel para o operador.<\/p>\n<\/div>\n<\/div>\n<p class=\"exclude-global d-flex\" style=\"margin-bottom: 1rem\"><span class=\"m-0 text-xs\" style=\"margin: 0px !important;font-size: 12px !important;line-height: 14px !important\"><span style=\"font-weight: bolder\">Advert\u00eancia<\/span>:\u00a0Este produto pode expor voc\u00ea a produtos qu\u00edmicos, inclusive Chumbo e compostos de chumbo, conhecido no Estado da Calif\u00f3rnia por causar c\u00e2ncer e defeitos cong\u00eanitos ou outros danos reprodutivos. Para obter mais informa\u00e7\u00f5es, acesse www.P65Warnings.ca.gov.<\/span><\/p>\n<\/section>\n<div style=\"color: #565656;font-family: Arial, 'Helvetica Neue', Helvetica, sans-serif;font-size: 16px;background-color: #ffffff\" data-testid=\"espotDataFail\"><\/div>\n<section id=\"pdp__specifications\" class=\"py-3\" style=\"color: #565656;font-family: Arial, 'Helvetica Neue', Helvetica, sans-serif;font-size: 16px;background-color: #ffffff;padding-bottom: 1rem !important;padding-top: 1rem !important\">\n<div class=\"d-flex justify-content-between align-items-end mb-3 mb-lg-2 display-3 h3\" style=\"color: #3f3f3f;font-family: UniversLTW02-67BoldCn, 'Arial Narrow', Arial, sans-serif;line-height: 28px;margin-top: 0px;font-size: 24px;text-transform: uppercase;border-bottom: 2px solid #3f3f3f;margin-bottom: 0.5rem !important;justify-content: space-between !important;align-items: flex-end !important\">\n<h2 class=\"h3 mb-0\" style=\"color: var(--bs-heading-color);line-height: 28px;margin-top: 0px;font-size: 24px;font-weight: 400;margin-bottom: 0px !important\">Especifica\u00e7\u00f5es para n\u00famero de pe\u00e7a 303-6658<\/h2>\n<\/div>\n<div class=\"position-relative\" style=\"position: relative !important\">\n<div id=\"specificationsExpander\" class=\"transition-expand\" style=\"overflow: hidden\">\n<ul class=\"list-group product-specifications-list_komD5KhC\" style=\"padding-left: 0px;margin-bottom: 0px;margin-top: 0px;list-style-type: none;--bs-list-group-color: var(--bs-body-color);--bs-list-group-bg: var(--bs-body-bg);--bs-list-group-border-color: var(--bs-border-color);--bs-list-group-border-width: var(--bs-border-width);--bs-list-group-border-radius: var(--bs-border-radius);--bs-list-group-item-padding-x: 1rem;--bs-list-group-item-padding-y: 0.5rem;--bs-list-group-action-color: var(--bs-secondary-color);--bs-list-group-action-hover-color: var(--bs-emphasis-color);--bs-list-group-action-hover-bg: var(--bs-tertiary-bg);--bs-list-group-action-active-color: var(--bs-body-color);--bs-list-group-action-active-bg: var(--bs-secondary-bg);--bs-list-group-disabled-color: var(--bs-secondary-color);--bs-list-group-disabled-bg: var(--bs-body-bg);--bs-list-group-active-color: #fff;--bs-list-group-active-bg: #0d6efd;--bs-list-group-active-border-color: #0d6efd;border-radius: var(--bs-list-group-border-radius);flex-direction: column\">\n<li>\n<p class=\"exclude-global mb-0 u-color--DarkGray text-sm\" style=\"font-size: 14px !important;line-height: 16px !important\"><span style=\"font-weight: bolder\">Classifica\u00e7\u00e3o de Efici\u00eancia:\u00a0<\/span>Efici\u00eancia Padr\u00e3o<\/p>\n<\/li>\n<\/ul>\n<\/div>\n<\/div>\n<\/section>\n<div style=\"color: #565656;font-family: Arial, 'Helvetica Neue', Helvetica, sans-serif;font-size: 16px;background-color: #ffffff\" data-testid=\"espotDataFail\"><\/div>\n<div style=\"color: #565656;font-family: Arial, 'Helvetica Neue', Helvetica, sans-serif;font-size: 16px;background-color: #ffffff\" data-testid=\"espotDataFail\"><\/div>\n<section id=\"pdp__compatibility\" class=\"py-3\" style=\"color: #565656;font-family: Arial, 'Helvetica Neue', Helvetica, sans-serif;font-size: 16px;background-color: #ffffff;padding-bottom: 1rem !important;padding-top: 1rem !important\">\n<h2 class=\"h3 display-3\" style=\"color: #3f3f3f;font-family: UniversLTW02-67BoldCn, 'Arial Narrow', Arial, sans-serif;line-height: 28px;margin-bottom: 0.5rem;margin-top: 0px;font-size: 24px;font-weight: 400;text-transform: uppercase;border-bottom: 2px solid #3f3f3f\">Modelos Compat\u00edveis para n\u00famero de pe\u00e7a 303-6658<\/h2>\n<div class=\"position-relative\" style=\"position: relative !important\">\n<div id=\"compatibilityExpander\" class=\"transition-expand\" style=\"overflow: hidden\">\n<div class=\"mt-3\" style=\"margin-top: 1rem !important\">\n<h3 class=\"text-uppercase text-sm fw-bold text-sans-serif\" style=\"color: var(--bs-heading-color);margin-bottom: 0.5rem;margin-top: 0px;line-height: 16px !important;font-size: 14px !important;text-transform: uppercase !important\">MULTI TERRAIN LOADER<\/h3>\n<h4 class=\"text-md text-sans-serif font-weight-normal\" style=\"color: var(--bs-heading-color);margin-bottom: 0.5rem;margin-top: 0px;line-height: 20px !important;font-weight: 400 !important\">277B 267B 287B 257B 247B 247B3 257B3<\/h4>\n<\/div>\n<div class=\"mt-3\" style=\"margin-top: 1rem !important\">\n<h3 class=\"text-uppercase text-sm fw-bold text-sans-serif\" style=\"color: var(--bs-heading-color);margin-bottom: 0.5rem;margin-top: 0px;line-height: 16px !important;font-size: 14px !important;text-transform: uppercase !important\">COMPACT TRACK LOADER<\/h3>\n<h4 class=\"text-md text-sans-serif font-weight-normal\" style=\"color: var(--bs-heading-color);margin-bottom: 0.5rem;margin-top: 0px;line-height: 20px !important;font-weight: 400 !important\">259B3<\/h4>\n<\/div>\n<div class=\"mt-3\" style=\"margin-top: 1rem !important\">\n<h3 class=\"text-uppercase text-sm fw-bold text-sans-serif\" style=\"color: var(--bs-heading-color);margin-bottom: 0.5rem;margin-top: 0px;line-height: 16px !important;font-size: 14px !important;text-transform: uppercase !important\">SKID STEER LOADER<\/h3>\n<h4 class=\"text-md text-sans-serif font-weight-normal\" style=\"color: var(--bs-heading-color);margin-bottom: 0.5rem;margin-top: 0px;line-height: 20px !important;font-weight: 400 !important\">242B3 252B3 236B3 216B3 242B 226B3 232B 262B 252B 226B 248B 216B 246B 268B 236B<\/h4>\n<\/div>\n<\/div>\n<\/div>\n<\/section>","protected":false},"excerpt":{"rendered":"<p>Os Filtros de Ar da Cabine\u00a0 foram projetados com tecnologia de filtragem avan\u00e7ada que reduz agentes irritantes suspensos no ar, o que cria um ambiente de trabalho mais limpo e confort\u00e1vel para o operador. Advert\u00eancia:\u00a0Este produto pode expor voc\u00ea a produtos qu\u00edmicos, inclusive Chumbo e compostos de chumbo, conhecido no Estado da Calif\u00f3rnia por causar [&hellip;]<\/p>\n","protected":false},"featured_media":1078,"comment_status":"open","ping_status":"closed","template":"","meta":{"nf_dc_page":""},"product_brand":[58],"product_cat":[72],"product_tag":[],"class_list":{"0":"post-1077","1":"product","2":"type-product","3":"status-publish","4":"has-post-thumbnail","6":"product_brand-caterpillar","7":"product_cat-filtros-e-fluidos","9":"first","10":"instock","11":"shipping-taxable","12":"purchasable","13":"product-type-simple"},"_links":{"self":[{"href":"https:\/\/compemaq.com.br\/pt\/wp-json\/wp\/v2\/product\/1077","targetHints":{"allow":["GET"]}}],"collection":[{"href":"https:\/\/compemaq.com.br\/pt\/wp-json\/wp\/v2\/product"}],"about":[{"href":"https:\/\/compemaq.com.br\/pt\/wp-json\/wp\/v2\/types\/product"}],"replies":[{"embeddable":true,"href":"https:\/\/compemaq.com.br\/pt\/wp-json\/wp\/v2\/comments?post=1077"}],"wp:featuredmedia":[{"embeddable":true,"href":"https:\/\/compemaq.com.br\/pt\/wp-json\/wp\/v2\/media\/1078"}],"wp:attachment":[{"href":"https:\/\/compemaq.com.br\/pt\/wp-json\/wp\/v2\/media?parent=1077"}],"wp:term":[{"taxonomy":"product_brand","embeddable":true,"href":"https:\/\/compemaq.com.br\/pt\/wp-json\/wp\/v2\/product_brand?post=1077"},{"taxonomy":"product_cat","embeddable":true,"href":"https:\/\/compemaq.com.br\/pt\/wp-json\/wp\/v2\/product_cat?post=1077"},{"taxonomy":"product_tag","embeddable":true,"href":"https:\/\/compemaq.com.br\/pt\/wp-json\/wp\/v2\/product_tag?post=1077"}],"curies":[{"name":"wp","href":"https:\/\/api.w.org\/{rel}","templated":true}]}}