{"id":1075,"date":"2025-02-17T20:42:22","date_gmt":"2025-02-17T20:42:22","guid":{"rendered":"https:\/\/compemaq.com.br\/produto\/6v6543-conjunto-da-lamina-do-limpador\/"},"modified":"2025-02-17T20:42:22","modified_gmt":"2025-02-17T20:42:22","slug":"6v6543-conjunto-da-lamina-do-limpador","status":"publish","type":"product","link":"https:\/\/compemaq.com.br\/pt\/produto\/6v6543-conjunto-da-lamina-do-limpador\/","title":{"rendered":"6V6543 &#8211; Conjunto da L\u00e2mina do Limpador"},"content":{"rendered":"<section id=\"pdp__description\" class=\"py-3\" style=\"color: #565656;font-family: Arial, 'Helvetica Neue', Helvetica, sans-serif;font-size: 16px;background-color: #ffffff;padding-bottom: 1rem !important;padding-top: 1rem !important\">\n<div class=\"position-relative\" style=\"position: relative !important\">\n<div class=\"transition-expand\" id=\"descriptionExpander\" style=\"overflow: hidden\">\n<p style=\"margin-bottom: 1rem\">Os limpadores de para-brisa Cat limpam a precipita\u00e7\u00e3o e os detritos, oferecendo ao operador uma vis\u00e3o clara do entorno durante condi\u00e7\u00f5es extremas. Como s\u00e3o um recurso de seguran\u00e7a, os limpadores devem ser verificados periodicamente e substitu\u00eddos quando necess\u00e1rio para possibilitar o desempenho esperado do equipamento.<\/p>\n<p>Atributos:<br \/>\u2022 L\u00e2mina em borracha natural<br \/>\u2022 Inclui adaptador pr\u00e9-montado para montagem mais f\u00e1cil e r\u00e1pida<\/p>\n<p>Aplica\u00e7\u00e3o:<br \/>Os conjuntos de l\u00e2mina de limpadores Cat ret\u00eam o limpador emborrachado flex\u00edvel anexado ao bra\u00e7o do limpador para varrer a \u00e1gua e os detritos do para-brisa, melhorando a visibilidade do operador nos equipamentos pesados Cat. Consulte o manual do propriet\u00e1rio ou entre em contato com o seu Revendedor Cat local para informa\u00e7\u00f5es adicionais.<\/p>\n<\/div>\n<\/div>\n<p class=\"exclude-global d-flex\" style=\"margin-bottom: 1rem\"><span class=\"m-0 text-xs\" style=\"margin: 0px !important;font-size: 12px !important;line-height: 14px !important\"><span style=\"font-weight: bolder\">Advert\u00eancia<\/span>:\u00a0Este produto pode expor voc\u00ea a produtos qu\u00edmicos, inclusive Chumbo e compostos de chumbo, conhecido no Estado da Calif\u00f3rnia por causar c\u00e2ncer e defeitos cong\u00eanitos ou outros danos reprodutivos. Para obter mais informa\u00e7\u00f5es, acesse www.P65Warnings.ca.gov.<\/span><\/p>\n<\/section>\n<div data-testid=\"espotDataFail\" style=\"color: #565656;font-family: Arial, 'Helvetica Neue', Helvetica, sans-serif;font-size: 16px;background-color: #ffffff\"><\/div>\n<section id=\"pdp__specifications\" class=\"py-3\" style=\"color: #565656;font-family: Arial, 'Helvetica Neue', Helvetica, sans-serif;font-size: 16px;background-color: #ffffff;padding-bottom: 1rem !important;padding-top: 1rem !important\">\n<div class=\"d-flex justify-content-between align-items-end mb-3 mb-lg-2 display-3 h3\" style=\"color: #3f3f3f;font-family: UniversLTW02-67BoldCn, 'Arial Narrow', Arial, sans-serif;line-height: 28px;margin-top: 0px;font-size: 24px;text-transform: uppercase;border-bottom: 2px solid #3f3f3f;margin-bottom: 0.5rem !important;justify-content: space-between !important;align-items: flex-end !important\">\n<h2 class=\"h3 mb-0\" style=\"color: var(--bs-heading-color);line-height: 28px;margin-top: 0px;font-size: 24px;font-weight: 400;margin-bottom: 0px !important\">Especifica\u00e7\u00f5es para n\u00famero de pe\u00e7a 6V-6543<\/h2>\n<div class=\"d-none d-lg-flex\">\n<p class=\"py-2 mb-0 text-sm u-color--DarkGray uom-label_yd9NYwgI\" style=\"font-family: Arial, 'Helvetica Neue', Helvetica, sans-serif;margin-right: 8px;margin-left: 8px;text-transform: none;color: #565656;padding-bottom: 0.5rem !important;padding-top: 0.5rem !important;font-size: 14px !important;line-height: 16px !important\">Unidades de Medida<\/p>\n<fieldset class=\"mb-3 mb-3 flex-wrap d-flex-inline d-flex\" style=\"min-width: 0px;padding: 0px;flex-wrap: wrap !important;margin: 0px 0px 1rem !important 0px;border: 0px initial initial\" data-testid=\"mb-3\">\n<div class=\"p-0 alloy-control-dynamic custom-control-start text-start m-0\" style=\"margin: 0px !important;padding: 0px !important\">&lt;input id=&#8221;unitOfMeasure0-undefined&#8221; class=&#8221;custom-control-input exclude-global alloy-input-module_alloy-input__a-k1F alloy-input-dynamic SimpleCheckboxRadio-module_button-variant__UV3ow&#8221; style=&#8221;font-family: inherit; font-size: inherit; line-height: inherit; margin-top: 0px; margin-right: 0px; margin-left: 0px; height: 0px; opacity: 0; position: absolute; width: 0px;&#8221; name=&#8221;unitOfMeasure_desktop&#8221; type=&#8221;radio&#8221; value=&#8221;us&#8221; aria-label=&#8221;EUA&#8221; aria-labelledby=&#8221;unitOfMeasure0-undefinedLabel&#8221; \/&gt;<\/p>\n<div class=\"d-flex w-100 ms-1\" style=\"width: 24.1094px;margin-left: 0.25rem !important;margin-inline-start: 0.25rem !important\">\n<div class=\"align-self-center text-wrap\" style=\"align-self: center !important\">EUA<\/div>\n<\/div>\n<\/div>\n<div class=\"p-0 alloy-control-dynamic custom-control-start text-start m-0\" style=\"margin: 0px !important;padding: 0px !important\">&lt;input id=&#8221;unitOfMeasure1-undefined&#8221; class=&#8221;custom-control-input exclude-global alloy-input-module_alloy-input__a-k1F alloy-input-dynamic SimpleCheckboxRadio-module_button-variant__UV3ow&#8221; style=&#8221;font-family: inherit; font-size: inherit; line-height: inherit; margin-top: 0px; margin-right: 0px; margin-left: 0px; height: 0px; opacity: 0; position: absolute; width: 0px;&#8221; checked=&#8221;checked&#8221; name=&#8221;unitOfMeasure_desktop&#8221; type=&#8221;radio&#8221; value=&#8221;metric&#8221; aria-label=&#8221;M\u00e9trica&#8221; aria-labelledby=&#8221;unitOfMeasure1-undefinedLabel&#8221; \/&gt;<\/p>\n<div class=\"d-flex w-100 ms-1\" style=\"width: 53.6875px;margin-left: 0.25rem !important;margin-inline-start: 0.25rem !important\">\n<div class=\"align-self-center text-wrap\" style=\"align-self: center !important\">M\u00e9trica<\/div>\n<\/div>\n<\/div>\n<\/fieldset>\n<\/div>\n<\/div>\n<div class=\"position-relative\" style=\"position: relative !important\">\n<div class=\"transition-expand\" id=\"specificationsExpander\" style=\"overflow: hidden\">\n<ul class=\"list-group product-specifications-list_komD5KhC\" style=\"padding-left: 0px;margin-bottom: 0px;margin-top: 0px;list-style-type: none;--bs-list-group-color: var(--bs-body-color);--bs-list-group-bg: var(--bs-body-bg);--bs-list-group-border-color: var(--bs-border-color);--bs-list-group-border-width: var(--bs-border-width);--bs-list-group-border-radius: var(--bs-border-radius);--bs-list-group-item-padding-x: 1rem;--bs-list-group-item-padding-y: 0.5rem;--bs-list-group-action-color: var(--bs-secondary-color);--bs-list-group-action-hover-color: var(--bs-emphasis-color);--bs-list-group-action-hover-bg: var(--bs-tertiary-bg);--bs-list-group-action-active-color: var(--bs-body-color);--bs-list-group-action-active-bg: var(--bs-secondary-bg);--bs-list-group-disabled-color: var(--bs-secondary-color);--bs-list-group-disabled-bg: var(--bs-body-bg);--bs-list-group-active-color: #fff;--bs-list-group-active-bg: #0d6efd;--bs-list-group-active-border-color: #0d6efd;border-radius: var(--bs-list-group-border-radius);flex-direction: column\">\n<li>\n<p class=\"exclude-global mb-0 u-color--DarkGray text-sm\" style=\"font-size: 14px !important;line-height: 16px !important\"><span style=\"font-weight: bolder\">Cor Padr\u00e3o:\u00a0<\/span>Preto mate<\/p>\n<\/li>\n<li>\n<p class=\"exclude-global mb-0 u-color--DarkGray text-sm\" style=\"font-size: 14px !important;line-height: 16px !important\"><span style=\"font-weight: bolder\">Comprimento da L\u00e2mina (mm):\u00a0<\/span>503<\/p>\n<\/li>\n<\/ul>\n<\/div>\n<\/div>\n<\/section>\n<div data-testid=\"espotDataFail\" style=\"color: #565656;font-family: Arial, 'Helvetica Neue', Helvetica, sans-serif;font-size: 16px;background-color: #ffffff\"><\/div>\n<div data-testid=\"espotDataFail\" style=\"color: #565656;font-family: Arial, 'Helvetica Neue', Helvetica, sans-serif;font-size: 16px;background-color: #ffffff\"><\/div>\n<p>\u00a0<\/p>\n<section id=\"pdp__compatibility\" class=\"py-3\" style=\"padding-bottom: 1rem !important;padding-top: 1rem !important;color: #565656;font-family: Arial, 'Helvetica Neue', Helvetica, sans-serif;font-size: 16px;font-style: normal;font-weight: 400;letter-spacing: normal;text-align: start;text-indent: 0px;text-transform: none;background-color: #ffffff\">\n<h2 class=\"h3 display-3\" style=\"color: #3f3f3f;font-family: UniversLTW02-67BoldCn, 'Arial Narrow', Arial, sans-serif;line-height: 28px;margin-bottom: 0.5rem;margin-top: 0px;font-size: 24px;font-weight: 400;text-transform: uppercase;border-bottom: 2px solid #3f3f3f\">Modelos Compat\u00edveis para n\u00famero de pe\u00e7a 6V-6543<\/h2>\n<div class=\"position-relative\" style=\"position: relative !important\">\n<div class=\"transition-expand\" id=\"compatibilityExpander\" style=\"overflow: visible;height: auto\">\n<div class=\"mt-3\" style=\"margin-top: 1rem !important\">\n<h3 class=\"text-uppercase text-sm fw-bold text-sans-serif\" style=\"color: var(--bs-heading-color);font-family: Arial, 'Helvetica Neue', Helvetica, sans-serif !important;line-height: 16px !important;margin-bottom: 0.5rem;margin-top: 0px;font-size: 14px !important;font-weight: 700 !important;text-transform: uppercase !important\">WHEEL TRACTOR<\/h3>\n<h4 class=\"text-md text-sans-serif font-weight-normal\" style=\"color: var(--bs-heading-color);font-family: Arial, 'Helvetica Neue', Helvetica, sans-serif !important;line-height: 20px !important;margin-bottom: 0.5rem;margin-top: 0px;font-size: 16px !important;font-weight: 400 !important\">623H 651E 657E 611 621H 613C II 615C 627H 615C II 613C<\/h4>\n<\/div>\n<div class=\"mt-3\" style=\"margin-top: 1rem !important\">\n<h3 class=\"text-uppercase text-sm fw-bold text-sans-serif\" style=\"color: var(--bs-heading-color);font-family: Arial, 'Helvetica Neue', Helvetica, sans-serif !important;line-height: 16px !important;margin-bottom: 0.5rem;margin-top: 0px;font-size: 14px !important;font-weight: 700 !important;text-transform: uppercase !important\">INTEGRATED TOOLCARRIER<\/h3>\n<h4 class=\"text-md text-sans-serif font-weight-normal\" style=\"color: var(--bs-heading-color);font-family: Arial, 'Helvetica Neue', Helvetica, sans-serif !important;line-height: 20px !important;margin-bottom: 0.5rem;margin-top: 0px;font-size: 16px !important;font-weight: 400 !important\">IT18B IT14G2 IT14G IT28 IT28G IT28B IT18<\/h4>\n<\/div>\n<div class=\"mt-3\" style=\"margin-top: 1rem !important\">\n<h3 class=\"text-uppercase text-sm fw-bold text-sans-serif\" style=\"color: var(--bs-heading-color);font-family: Arial, 'Helvetica Neue', Helvetica, sans-serif !important;line-height: 16px !important;margin-bottom: 0.5rem;margin-top: 0px;font-size: 14px !important;font-weight: 700 !important;text-transform: uppercase !important\">RECLAIMER MIXER<\/h3>\n<h4 class=\"text-md text-sans-serif font-weight-normal\" style=\"color: var(--bs-heading-color);font-family: Arial, 'Helvetica Neue', Helvetica, sans-serif !important;line-height: 20px !important;margin-bottom: 0.5rem;margin-top: 0px;font-size: 16px !important;font-weight: 400 !important\">RM800 RM400<\/h4>\n<\/div>\n<div class=\"mt-3\" style=\"margin-top: 1rem !important\">\n<h3 class=\"text-uppercase text-sm fw-bold text-sans-serif\" style=\"color: var(--bs-heading-color);font-family: Arial, 'Helvetica Neue', Helvetica, sans-serif !important;line-height: 16px !important;margin-bottom: 0.5rem;margin-top: 0px;font-size: 14px !important;font-weight: 700 !important;text-transform: uppercase !important\">WHEEL DOZER<\/h3>\n<h4 class=\"text-md text-sans-serif font-weight-normal\" style=\"color: var(--bs-heading-color);font-family: Arial, 'Helvetica Neue', Helvetica, sans-serif !important;line-height: 20px !important;margin-bottom: 0.5rem;margin-top: 0px;font-size: 16px !important;font-weight: 400 !important\">834B<\/h4>\n<\/div>\n<div class=\"mt-3\" style=\"margin-top: 1rem !important\">\n<h3 class=\"text-uppercase text-sm fw-bold text-sans-serif\" style=\"color: var(--bs-heading-color);font-family: Arial, 'Helvetica Neue', Helvetica, sans-serif !important;line-height: 16px !important;margin-bottom: 0.5rem;margin-top: 0px;font-size: 14px !important;font-weight: 700 !important;text-transform: uppercase !important\">OFF HIGHWAY TRUCK<\/h3>\n<h4 class=\"text-md text-sans-serif font-weight-normal\" style=\"color: var(--bs-heading-color);font-family: Arial, 'Helvetica Neue', Helvetica, sans-serif !important;line-height: 20px !important;margin-bottom: 0.5rem;margin-top: 0px;font-size: 16px !important;font-weight: 400 !important\">789G 789 785 793<\/h4>\n<\/div>\n<div class=\"mt-3\" style=\"margin-top: 1rem !important\">\n<h3 class=\"text-uppercase text-sm fw-bold text-sans-serif\" style=\"color: var(--bs-heading-color);font-family: Arial, 'Helvetica Neue', Helvetica, sans-serif !important;line-height: 16px !important;margin-bottom: 0.5rem;margin-top: 0px;font-size: 14px !important;font-weight: 700 !important;text-transform: uppercase !important\">ROTARY CUTTER<\/h3>\n<h4 class=\"text-md text-sans-serif font-weight-normal\" style=\"color: var(--bs-heading-color);font-family: Arial, 'Helvetica Neue', Helvetica, sans-serif !important;line-height: 20px !important;margin-bottom: 0.5rem;margin-top: 0px;font-size: 16px !important;font-weight: 400 !important\">RC20<\/h4>\n<\/div>\n<div class=\"mt-3\" style=\"margin-top: 1rem !important\">\n<h3 class=\"text-uppercase text-sm fw-bold text-sans-serif\" style=\"color: var(--bs-heading-color);font-family: Arial, 'Helvetica Neue', Helvetica, sans-serif !important;line-height: 16px !important;margin-bottom: 0.5rem;margin-top: 0px;font-size: 14px !important;font-weight: 700 !important;text-transform: uppercase !important\">COMPACT WHEEL LOADER<\/h3>\n<h4 class=\"text-md text-sans-serif font-weight-normal\" style=\"color: var(--bs-heading-color);font-family: Arial, 'Helvetica Neue', Helvetica, sans-serif !important;line-height: 20px !important;margin-bottom: 0.5rem;margin-top: 0px;font-size: 16px !important;font-weight: 400 !important\">914G 914G2 910G<\/h4>\n<\/div>\n<div class=\"mt-3\" style=\"margin-top: 1rem !important\">\n<h3 class=\"text-uppercase text-sm fw-bold text-sans-serif\" style=\"color: var(--bs-heading-color);font-family: Arial, 'Helvetica Neue', Helvetica, sans-serif !important;line-height: 16px !important;margin-bottom: 0.5rem;margin-top: 0px;font-size: 14px !important;font-weight: 700 !important;text-transform: uppercase !important\">WHEEL LOADER<\/h3>\n<h4 class=\"text-md text-sans-serif font-weight-normal\" style=\"color: var(--bs-heading-color);font-family: Arial, 'Helvetica Neue', Helvetica, sans-serif !important;line-height: 20px !important;margin-bottom: 0.5rem;margin-top: 0px;font-size: 16px !important;font-weight: 400 !important\">928H 928G 988F II 924GZ 928HZ 924HZ G926 916 936E 936F 988B 924H 924G 988F G916 926 992D 992C 936 938G 926E G936 930G 930H<\/h4>\n<\/div>\n<div class=\"mt-3\" style=\"margin-top: 1rem !important\">\n<h3 class=\"text-uppercase text-sm fw-bold text-sans-serif\" style=\"color: var(--bs-heading-color);font-family: Arial, 'Helvetica Neue', Helvetica, sans-serif !important;line-height: 16px !important;margin-bottom: 0.5rem;margin-top: 0px;font-size: 14px !important;font-weight: 700 !important;text-transform: uppercase !important\">TRACK-TYPE TRACTOR<\/h3>\n<h4 class=\"text-md text-sans-serif font-weight-normal\" style=\"color: var(--bs-heading-color);font-family: Arial, 'Helvetica Neue', Helvetica, sans-serif !important;line-height: 20px !important;margin-bottom: 0.5rem;margin-top: 0px;font-size: 16px !important;font-weight: 400 !important\">D8T D9T D10T D11T<\/h4>\n<\/div>\n<div class=\"mt-3\" style=\"margin-top: 1rem !important\">\n<h3 class=\"text-uppercase text-sm fw-bold text-sans-serif\" style=\"color: var(--bs-heading-color);font-family: Arial, 'Helvetica Neue', Helvetica, sans-serif !important;line-height: 16px !important;margin-bottom: 0.5rem;margin-top: 0px;font-size: 14px !important;font-weight: 700 !important;text-transform: uppercase !important\">ROAD RECLAIMER<\/h3>\n<h4 class=\"text-md text-sans-serif font-weight-normal\" style=\"color: var(--bs-heading-color);font-family: Arial, 'Helvetica Neue', Helvetica, sans-serif !important;line-height: 20px !important;margin-bottom: 0.5rem;margin-top: 0px;font-size: 16px !important;font-weight: 400 !important\">RM800 RM400 RM600<\/h4>\n<\/div>\n<div class=\"mt-3\" style=\"margin-top: 1rem !important\">\n<h3 class=\"text-uppercase text-sm fw-bold text-sans-serif\" style=\"color: var(--bs-heading-color);font-family: Arial, 'Helvetica Neue', Helvetica, sans-serif !important;line-height: 16px !important;margin-bottom: 0.5rem;margin-top: 0px;font-size: 14px !important;font-weight: 700 !important;text-transform: uppercase !important\">ASPHALT PAVER<\/h3>\n<h4 class=\"text-md text-sans-serif font-weight-normal\" style=\"color: var(--bs-heading-color);font-family: Arial, 'Helvetica Neue', Helvetica, sans-serif !important;line-height: 20px !important;margin-bottom: 0.5rem;margin-top: 0px;font-size: 16px !important;font-weight: 400 !important\">AP500F AP-655D AP1055 AP-1055F AP-1055E AP655 AP655F AP-1000E AP-1000F AP-555E AP-600D AP-500E AP655F L AP600 AP600F AP555F AP1000<\/h4>\n<\/div>\n<div class=\"mt-3\" style=\"margin-top: 1rem !important\">\n<h3 class=\"text-uppercase text-sm fw-bold text-sans-serif\" style=\"color: var(--bs-heading-color);font-family: Arial, 'Helvetica Neue', Helvetica, sans-serif !important;line-height: 16px !important;margin-bottom: 0.5rem;margin-top: 0px;font-size: 14px !important;font-weight: 700 !important;text-transform: uppercase !important\">WHEELED EXCAVATOR<\/h3>\n<h4 class=\"text-md text-sans-serif font-weight-normal\" style=\"color: var(--bs-heading-color);font-family: Arial, 'Helvetica Neue', Helvetica, sans-serif !important;line-height: 20px !important;margin-bottom: 0.5rem;margin-top: 0px;font-size: 16px !important;font-weight: 400 !important\">M322D MH M322D M318D M315D M316D M313D M318D MH M330D<\/h4>\n<\/div>\n<div class=\"mt-3\" style=\"margin-top: 1rem !important\">\n<h3 class=\"text-uppercase text-sm fw-bold text-sans-serif\" style=\"color: var(--bs-heading-color);font-family: Arial, 'Helvetica Neue', Helvetica, sans-serif !important;line-height: 16px !important;margin-bottom: 0.5rem;margin-top: 0px;font-size: 14px !important;font-weight: 700 !important;text-transform: uppercase !important\">TRUCK<\/h3>\n<h4 class=\"text-md text-sans-serif font-weight-normal\" style=\"color: var(--bs-heading-color);font-family: Arial, 'Helvetica Neue', Helvetica, sans-serif !important;line-height: 20px !important;margin-bottom: 0.5rem;margin-top: 0px;font-size: 16px !important;font-weight: 400 !important\">785 69D 785G<\/h4>\n<\/div>\n<div class=\"mt-3\" style=\"margin-top: 1rem !important\">\n<h3 class=\"text-uppercase text-sm fw-bold text-sans-serif\" style=\"color: var(--bs-heading-color);font-family: Arial, 'Helvetica Neue', Helvetica, sans-serif !important;line-height: 16px !important;margin-bottom: 0.5rem;margin-top: 0px;font-size: 14px !important;font-weight: 700 !important;text-transform: uppercase !important\">FRONT SHOVEL<\/h3>\n<h4 class=\"text-md text-sans-serif font-weight-normal\" style=\"color: var(--bs-heading-color);font-family: Arial, 'Helvetica Neue', Helvetica, sans-serif !important;line-height: 20px !important;margin-bottom: 0.5rem;margin-top: 0px;font-size: 16px !important;font-weight: 400 !important\">385C<\/h4>\n<\/div>\n<div class=\"mt-3\" style=\"margin-top: 1rem !important\">\n<h3 class=\"text-uppercase text-sm fw-bold text-sans-serif\" style=\"color: var(--bs-heading-color);font-family: Arial, 'Helvetica Neue', Helvetica, sans-serif !important;line-height: 16px !important;margin-bottom: 0.5rem;margin-top: 0px;font-size: 14px !important;font-weight: 700 !important;text-transform: uppercase !important\">EXCAVATOR<\/h3>\n<h4 class=\"text-md text-sans-serif font-weight-normal\" style=\"color: var(--bs-heading-color);font-family: Arial, 'Helvetica Neue', Helvetica, sans-serif !important;line-height: 20px !important;margin-bottom: 0.5rem;margin-top: 0px;font-size: 16px !important;font-weight: 400 !important\">330D MH 329D LN 329D L 312C 324D M325D MH 319D 330D LN 319C 345C L 318C 322C 323D S 336D LN 323D L 323D LN 385C FS 385C 345C 345D L 385C L 325D L 330C LN 320C 365C L 365C L MH 315C 330C L 336D L 312C L 330C 324D LN M325D L MH 324D L 330D L 365C 325C 325D<\/h4>\n<\/div>\n<div class=\"mt-3\" style=\"margin-top: 1rem !important\">\n<h3 class=\"text-uppercase text-sm fw-bold text-sans-serif\" style=\"color: var(--bs-heading-color);font-family: Arial, 'Helvetica Neue', Helvetica, sans-serif !important;line-height: 16px !important;margin-bottom: 0.5rem;margin-top: 0px;font-size: 14px !important;font-weight: 700 !important;text-transform: uppercase !important\">MOBILE HYD POWER UNIT<\/h3>\n<h4 class=\"text-md text-sans-serif font-weight-normal\" style=\"color: var(--bs-heading-color);font-family: Arial, 'Helvetica Neue', Helvetica, sans-serif !important;line-height: 20px !important;margin-bottom: 0.5rem;margin-top: 0px;font-size: 16px !important;font-weight: 400 !important\">345D 385C 323D LN 330D 324D LN 330C 325D 345C L<\/h4>\n<\/div>\n<\/div>\n<div data-testid=\"button-container\" class=\"\">&lt;button class=&#8221;btn btn-link btn-lg ps-0 &#8221; style=&#8221;box-sizing: border-box; border-radius: 0px; font-family: inherit; font-size: 16px; line-height: 1.25; margin: 0px; text-transform: none; appearance: button; &#8211;bs-btn-padding-x: 1rem; &#8211;bs-btn-padding-y: 0.5rem; &#8211;bs-btn-font-family: UniversLTW02-67BoldCn,Arial Narrow,Arial,sans-serif; &#8211;bs-btn-font-size: 1.25rem; &#8211;bs-btn-font-weight: 400; &#8211;bs-btn-line-height: 0; &#8211;bs-btn-color: var(&#8211;bs-link-color); &#8211;bs-btn-bg: transparent; &#8211;bs-btn-border-width: 0; &#8211;bs-btn-border-color: transparent; &#8211;bs-btn-border-radius: var(&#8211;bs-border-radius-lg); &#8211;bs-btn-hover-border-color: transparent; &#8211;bs-btn-box-shadow: 0 0 0 #000; &#8211;bs-btn-disabled-opacity: 0.65; &#8211;bs-btn-focus-box-shadow: 0 0 0 0.25rem rgba(var(&#8211;bs-btn-focus-shadow-rgb),.5); background: transparent; border: var(&#8211;bs-btn-border-width) solid var(&#8211;bs-btn-border-color); color: #015394; cursor: pointer; display: inline; font-weight: var(&#8211;bs-btn-font-weight); text-align: center; transition: color 0.15s ease-in-out, background-color 0.15s ease-in-out, border-color 0.15s ease-in-out, box-shadow 0.15s ease-in-out; user-select: none; vertical-align: middle; &#8211;bs-btn-hover-color: var(&#8211;bs-link-hover-color); &#8211;bs-btn-active-color: var(&#8211;bs-link-hover-color); &#8211;bs-btn-active-border-color: transparent; &#8211;bs-btn-disabled-color: #6c757d; &#8211;bs-btn-disabled-border-color: transparent; &#8211;bs-btn-focus-shadow-rgb: 38,140,220; text-decoration: underline; min-height: 16px; padding-inline-start: 0px !important; fill: #0078d6; padding: 16px; overflow-wrap: break-word; outline: 0px; min-width: 16px;&#8221; type=&#8221;button&#8221; aria-expanded=&#8221;true&#8221; aria-controls=&#8221;compatibilityExpander&#8221;&gt;Exibir Menos&lt;\/button&gt;<\/div>\n<\/div>\n<\/section>","protected":false},"excerpt":{"rendered":"<p>Os limpadores de para-brisa Cat limpam a precipita\u00e7\u00e3o e os detritos, oferecendo ao operador uma vis\u00e3o clara do entorno durante condi\u00e7\u00f5es extremas. Como s\u00e3o um recurso de seguran\u00e7a, os limpadores devem ser verificados periodicamente e substitu\u00eddos quando necess\u00e1rio para possibilitar o desempenho esperado do equipamento. Atributos:\u2022 L\u00e2mina em borracha natural\u2022 Inclui adaptador pr\u00e9-montado para montagem [&hellip;]<\/p>\n","protected":false},"featured_media":1074,"comment_status":"open","ping_status":"closed","template":"","meta":{"nf_dc_page":""},"product_brand":[],"product_cat":[20],"product_tag":[],"class_list":{"0":"post-1075","1":"product","2":"type-product","3":"status-publish","4":"has-post-thumbnail","6":"product_cat-acessorios","8":"first","9":"instock","10":"shipping-taxable","11":"purchasable","12":"product-type-simple"},"_links":{"self":[{"href":"https:\/\/compemaq.com.br\/pt\/wp-json\/wp\/v2\/product\/1075","targetHints":{"allow":["GET"]}}],"collection":[{"href":"https:\/\/compemaq.com.br\/pt\/wp-json\/wp\/v2\/product"}],"about":[{"href":"https:\/\/compemaq.com.br\/pt\/wp-json\/wp\/v2\/types\/product"}],"replies":[{"embeddable":true,"href":"https:\/\/compemaq.com.br\/pt\/wp-json\/wp\/v2\/comments?post=1075"}],"wp:featuredmedia":[{"embeddable":true,"href":"https:\/\/compemaq.com.br\/pt\/wp-json\/wp\/v2\/media\/1074"}],"wp:attachment":[{"href":"https:\/\/compemaq.com.br\/pt\/wp-json\/wp\/v2\/media?parent=1075"}],"wp:term":[{"taxonomy":"product_brand","embeddable":true,"href":"https:\/\/compemaq.com.br\/pt\/wp-json\/wp\/v2\/product_brand?post=1075"},{"taxonomy":"product_cat","embeddable":true,"href":"https:\/\/compemaq.com.br\/pt\/wp-json\/wp\/v2\/product_cat?post=1075"},{"taxonomy":"product_tag","embeddable":true,"href":"https:\/\/compemaq.com.br\/pt\/wp-json\/wp\/v2\/product_tag?post=1075"}],"curies":[{"name":"wp","href":"https:\/\/api.w.org\/{rel}","templated":true}]}}