{"id":986,"date":"2025-02-08T17:48:42","date_gmt":"2025-02-08T17:48:42","guid":{"rendered":"https:\/\/compemaq.com.br\/?page_id=986"},"modified":"2025-02-27T23:18:42","modified_gmt":"2025-02-27T23:18:42","slug":"registro","status":"publish","type":"page","link":"https:\/\/compemaq.com.br\/pt\/registro\/","title":{"rendered":"Registro"},"content":{"rendered":"\t\t<div data-elementor-type=\"wp-page\" data-elementor-id=\"986\" class=\"elementor elementor-986\" wpc-filter-elementor-widget=\"1\" data-elementor-post-type=\"page\">\n\t\t\t\t<div class=\"elementor-element elementor-element-ca7027c e-con-full e-flex e-con e-parent\" data-id=\"ca7027c\" data-element_type=\"container\" data-e-type=\"container\" data-settings=\"{&quot;background_background&quot;:&quot;classic&quot;}\">\n\t\t\t\t<div class=\"elementor-element elementor-element-093fe77 elementor-widget elementor-widget-image\" data-id=\"093fe77\" data-element_type=\"widget\" data-e-type=\"widget\" data-widget_type=\"image.default\">\n\t\t\t\t<div class=\"elementor-widget-container\">\n\t\t\t\t\t\t\t\t\t\t\t\t\t\t\t<img fetchpriority=\"high\" decoding=\"async\" width=\"800\" height=\"658\" src=\"https:\/\/compemaq.com.br\/wp-content\/uploads\/2025\/01\/02-e1738789715705-1024x842.png\" class=\"attachment-large size-large wp-image-197\" alt=\"\" srcset=\"https:\/\/compemaq.com.br\/wp-content\/uploads\/2025\/01\/02-e1738789715705-1024x842.png 1024w, https:\/\/compemaq.com.br\/wp-content\/uploads\/2025\/01\/02-e1738789715705-600x493.png 600w, https:\/\/compemaq.com.br\/wp-content\/uploads\/2025\/01\/02-e1738789715705-300x247.png 300w, https:\/\/compemaq.com.br\/wp-content\/uploads\/2025\/01\/02-e1738789715705-768x631.png 768w, https:\/\/compemaq.com.br\/wp-content\/uploads\/2025\/01\/02-e1738789715705.png 1080w\" sizes=\"(max-width: 800px) 100vw, 800px\" \/>\t\t\t\t\t\t\t\t\t\t\t\t\t\t\t<\/div>\n\t\t\t\t<\/div>\n\t\t\t\t<div class=\"elementor-element elementor-element-7491e16 elementor-widget elementor-widget-shortcode\" data-id=\"7491e16\" data-element_type=\"widget\" data-e-type=\"widget\" data-widget_type=\"shortcode.default\">\n\t\t\t\t<div class=\"elementor-widget-container\">\n\t\t\t\t\t\t\t<div class=\"elementor-shortcode\">\t<div class='user-registration ur-frontend-form   ' id='user-registration-form-1063'>\n\t\t\t\t\t<span class=\"user-registration-registration-title\"> Cadastro <\/span> <\/br><p class=\"user-registration-registration-description\"> Preencha o formul\u00e1rio a baixo para criar a sua conta <\/p>\t\t\t<form method='post' class='register' data-form-id=\"1063\"\n\t\t\t\tdata-enable-strength-password=\"1\" data-minimum-password-strength=\"0\"\n\t\t\t\t\t\t\t\t\t\t\t\t\t\t\t data-captcha-enabled=\"\">\n\n\t\t\t\t<div class=\"ur-form-row\" data-row-id=\"0\">\t\t\t\t\t\t\t<div class=\"ur-form-grid ur-grid-1\"\n\t\t\t\t\t\t\t\tstyle=\"width:99%\">\n\t\t\t\t\t\t\t\t\t\t\t\t\t\t\t\t<div  data-field-id=\"user_login\" class=\"ur-field-item field-user_login \" data-ref-id=\"user_login\" data-field-pattern-enabled=\"0\" data-field-pattern-value=\" \" data-field-pattern-message=\" \">\n\t\t\t\t\t\t\t\t\t\t<div class=\"form-row validate-required\" id=\"user_login_field\" data-priority=\"\" ><label for=\"user_login\" class=\"ur-label\">Usu\u00e1rio <abbr class=\"required\" title=\"required\">*<\/abbr><\/label> <span class=\"input-wrapper\"> <input  data-rules=\"\" data-id=\"user_login\" type=\"text\" class=\"input-text   input-text ur-frontend-field  \" name=\"user_login\" id=\"user_login\" placeholder=\"\"  value=\"\" required=\"required\" data-label=\"Usu\u00e1rio\" data-username-character=\"1\"\/> <\/span> <\/div>\t\t\t\t\t\t\t\t\t<\/div>\n\t\t\t\t\t\t\t\t\t\t\t\t\t\t\t\t\t\t<div  data-field-id=\"user_email\" class=\"ur-field-item field-user_email \" data-ref-id=\"user_email\" data-field-pattern-enabled=\"0\" data-field-pattern-value=\" \" data-field-pattern-message=\" \">\n\t\t\t\t\t\t\t\t\t\t<div class=\"form-row validate-required\" id=\"user_email_field\" data-priority=\"\" ><label for=\"user_email\" class=\"ur-label\">E-mail <abbr class=\"required\" title=\"required\">*<\/abbr><\/label> <span class=\"input-wrapper\"> <input  data-rules=\"\" data-id=\"user_email\" type=\"email\" class=\"input-text   input-email ur-frontend-field  \" name=\"user_email\" id=\"user_email\" placeholder=\"\"  value=\"\" required=\"required\" data-label=\"E-mail\" \/> <\/span> <\/div>\t\t\t\t\t\t\t\t\t<\/div>\n\t\t\t\t\t\t\t\t\t\t\t\t\t\t\t\t<\/div>\n\t\t\t\t\t\t\t\t\t\t\t\t\t<\/div>\n\t\t\t\t\t\t<div class=\"ur-form-row\" data-row-id=\"1\">\t\t\t\t\t\t\t<div class=\"ur-form-grid ur-grid-1\"\n\t\t\t\t\t\t\t\tstyle=\"width:48%\">\n\t\t\t\t\t\t\t\t\t\t\t\t\t\t\t\t<div  data-field-id=\"user_pass\" class=\"ur-field-item field-user_pass \" data-ref-id=\"user_pass\" data-field-pattern-enabled=\"0\" data-field-pattern-value=\" \" data-field-pattern-message=\" \">\n\t\t\t\t\t\t\t\t\t\t<div class=\"form-row validate-required hide_show_password\" id=\"user_pass_field\" data-priority=\"\"><label for=\"user_pass\" class=\"ur-label\">Senha <abbr class=\"required\" title=\"required\">*<\/abbr><\/label> <span class=\"input-wrapper\"> <span class=\"password-input-group input-form-field-icons\"><input data-rules=\"\" data-id=\"user_pass\" type=\"password\" class=\"input-text  input-password ur-frontend-field  \" name=\"user_pass\" id=\"user_pass\" placeholder=\"\"  value=\"\" required=\"required\" data-label=\"Senha\" \/><a href=\"javaScript:void(0)\" class=\"password_preview dashicons dashicons-hidden\" title=\" Show password \"><\/a><\/span> <\/span> <\/div>\t\t\t\t\t\t\t\t\t<\/div>\n\t\t\t\t\t\t\t\t\t\t\t\t\t\t\t\t<\/div>\n\t\t\t\t\t\t\t\t\t\t\t\t\t\t<div class=\"ur-form-grid ur-grid-2\"\n\t\t\t\t\t\t\t\tstyle=\"width:48%\">\n\t\t\t\t\t\t\t\t\t\t\t\t\t\t\t\t<div  data-field-id=\"user_confirm_password\" class=\"ur-field-item field-user_confirm_password \" data-ref-id=\"user_confirm_password\" data-field-pattern-enabled=\"0\" data-field-pattern-value=\" \" data-field-pattern-message=\" \">\n\t\t\t\t\t\t\t\t\t\t<div class=\"form-row validate-required hide_show_password\" id=\"user_confirm_password_field\" data-priority=\"\"><label for=\"user_confirm_password\" class=\"ur-label\">Confirmar senha <abbr class=\"required\" title=\"required\">*<\/abbr><\/label> <span class=\"input-wrapper\"> <span class=\"password-input-group input-form-field-icons\"><input data-rules=\"\" data-id=\"user_confirm_password\" type=\"password\" class=\"input-text  input-password ur-frontend-field  \" name=\"user_confirm_password\" id=\"user_confirm_password\" placeholder=\"\"  value=\"\" required=\"required\" data-label=\"Confirmar senha\" \/><a href=\"javaScript:void(0)\" class=\"password_preview dashicons dashicons-hidden\" title=\" Show password \"><\/a><\/span> <\/span> <\/div>\t\t\t\t\t\t\t\t\t<\/div>\n\t\t\t\t\t\t\t\t\t\t\t\t\t\t\t\t<\/div>\n\t\t\t\t\t\t\t\t\t\t\t\t\t<\/div>\n\t\t\t\t\t\t<div class=\"ur-form-row\" data-row-id=\"2\">\t\t\t\t\t\t\t<div class=\"ur-form-grid ur-grid-1\"\n\t\t\t\t\t\t\t\tstyle=\"width:48%\">\n\t\t\t\t\t\t\t\t\t\t\t\t\t\t\t\t<div  data-field-id=\"name_or_social_reason\" class=\"ur-field-item field-text \" data-ref-id=\"name_or_social_reason\" data-field-pattern-enabled=\"0\" data-field-pattern-value=\" \" data-field-pattern-message=\" \">\n\t\t\t\t\t\t\t\t\t\t<div class=\"form-row validate-required\" id=\"name_or_social_reason_field\" data-priority=\"\" ><label for=\"name_or_social_reason\" class=\"ur-label\">Nome completo ou raz\u00e3o social <abbr class=\"required\" title=\"required\">*<\/abbr><\/label> <span class=\"input-wrapper\"> <input  data-rules=\"\" data-id=\"name_or_social_reason\" type=\"text\" class=\"input-text   input-text ur-frontend-field  \" name=\"name_or_social_reason\" id=\"name_or_social_reason\" placeholder=\"\"  value=\"\" required=\"required\" data-label=\"Nome completo ou raz\u00e3o social\" \/> <\/span> <\/div>\t\t\t\t\t\t\t\t\t<\/div>\n\t\t\t\t\t\t\t\t\t\t\t\t\t\t\t\t<\/div>\n\t\t\t\t\t\t\t\t\t\t\t\t\t\t<div class=\"ur-form-grid ur-grid-2\"\n\t\t\t\t\t\t\t\tstyle=\"width:48%\">\n\t\t\t\t\t\t\t\t\t\t\t\t\t\t\t\t<div  data-field-id=\"fantasy_name_or_nickname\" class=\"ur-field-item field-text \" data-ref-id=\"fantasy_name_or_nickname\" data-field-pattern-enabled=\"0\" data-field-pattern-value=\" \" data-field-pattern-message=\" \">\n\t\t\t\t\t\t\t\t\t\t<div class=\"form-row \" id=\"fantasy_name_or_nickname_field\" data-priority=\"\" ><label for=\"fantasy_name_or_nickname\" class=\"ur-label\">Nome fantasia ou apelido<\/label> <span class=\"input-wrapper\"> <input  data-rules=\"\" data-id=\"fantasy_name_or_nickname\" type=\"text\" class=\"input-text   input-text ur-frontend-field  \" name=\"fantasy_name_or_nickname\" id=\"fantasy_name_or_nickname\" placeholder=\"\"  value=\"\" data-label=\"Nome fantasia ou apelido\" \/> <\/span> <\/div>\t\t\t\t\t\t\t\t\t<\/div>\n\t\t\t\t\t\t\t\t\t\t\t\t\t\t\t\t<\/div>\n\t\t\t\t\t\t\t\t\t\t\t\t\t<\/div>\n\t\t\t\t\t\t<div class=\"ur-form-row\" data-row-id=\"3\">\t\t\t\t\t\t\t<div class=\"ur-form-grid ur-grid-1\"\n\t\t\t\t\t\t\t\tstyle=\"width:48%\">\n\t\t\t\t\t\t\t\t\t\t\t\t\t\t\t\t<div  data-field-id=\"phone\" class=\"ur-field-item field-text my-phone-input\" data-ref-id=\"phone\" data-field-pattern-enabled=\"0\" data-field-pattern-value=\" \" data-field-pattern-message=\" \">\n\t\t\t\t\t\t\t\t\t\t<div class=\"form-row validate-required\" id=\"phone_field\" data-priority=\"\" ><label for=\"phone\" class=\"ur-label\">Telefone <abbr class=\"required\" title=\"required\">*<\/abbr><\/label> <span class=\"input-wrapper\"> <input  data-rules=\"\" data-id=\"phone\" type=\"text\" class=\"input-text   input-text ur-frontend-field \" name=\"phone\" id=\"phone\" placeholder=\"\"  value=\"\" required=\"required\" data-label=\"Telefone\" \/> <\/span> <\/div>\t\t\t\t\t\t\t\t\t<\/div>\n\t\t\t\t\t\t\t\t\t\t\t\t\t\t\t\t<\/div>\n\t\t\t\t\t\t\t\t\t\t\t\t\t\t<div class=\"ur-form-grid ur-grid-2\"\n\t\t\t\t\t\t\t\tstyle=\"width:48%\">\n\t\t\t\t\t\t\t\t\t\t\t\t\t\t\t\t<div  data-field-id=\"cpf_or_cnpj\" class=\"ur-field-item field-text my-document-input\" data-ref-id=\"cpf_or_cnpj\" data-field-pattern-enabled=\"0\" data-field-pattern-value=\" \" data-field-pattern-message=\" \">\n\t\t\t\t\t\t\t\t\t\t<div class=\"form-row validate-required\" id=\"cpf_or_cnpj_field\" data-priority=\"\" ><label for=\"cpf_or_cnpj\" class=\"ur-label\">CPF\/CNPJ <abbr class=\"required\" title=\"required\">*<\/abbr><\/label> <span class=\"input-wrapper\"> <input  data-rules=\"\" data-id=\"cpf_or_cnpj\" type=\"text\" class=\"input-text   input-text ur-frontend-field \" name=\"cpf_or_cnpj\" id=\"cpf_or_cnpj\" placeholder=\"\"  value=\"\" required=\"required\" data-label=\"CPF\/CNPJ\" \/> <\/span> <\/div>\t\t\t\t\t\t\t\t\t<\/div>\n\t\t\t\t\t\t\t\t\t\t\t\t\t\t\t\t<\/div>\n\t\t\t\t\t\t\t\t\t\t\t\t\t<\/div>\n\t\t\t\t\t\t<div class=\"ur-form-row\" data-row-id=\"4\">\t\t\t\t\t\t\t<div class=\"ur-form-grid ur-grid-1\"\n\t\t\t\t\t\t\t\tstyle=\"width:30%\">\n\t\t\t\t\t\t\t\t\t\t\t\t\t\t\t\t<div  data-field-id=\"street\" class=\"ur-field-item field-text \" data-ref-id=\"street\" data-field-pattern-enabled=\"0\" data-field-pattern-value=\" \" data-field-pattern-message=\" \">\n\t\t\t\t\t\t\t\t\t\t<div class=\"form-row validate-required\" id=\"street_field\" data-priority=\"\" ><label for=\"street\" class=\"ur-label\">Rua <abbr class=\"required\" title=\"required\">*<\/abbr><\/label> <span class=\"input-wrapper\"> <input  data-rules=\"\" data-id=\"street\" type=\"text\" class=\"input-text   input-text ur-frontend-field  \" name=\"street\" id=\"street\" placeholder=\"\"  value=\"\" required=\"required\" data-label=\"Rua\" \/> <\/span> <\/div>\t\t\t\t\t\t\t\t\t<\/div>\n\t\t\t\t\t\t\t\t\t\t\t\t\t\t\t\t<\/div>\n\t\t\t\t\t\t\t\t\t\t\t\t\t\t<div class=\"ur-form-grid ur-grid-2\"\n\t\t\t\t\t\t\t\tstyle=\"width:30%\">\n\t\t\t\t\t\t\t\t\t\t\t\t\t\t\t\t<div  data-field-id=\"neighborhood\" class=\"ur-field-item field-text \" data-ref-id=\"neighborhood\" data-field-pattern-enabled=\"0\" data-field-pattern-value=\" \" data-field-pattern-message=\" \">\n\t\t\t\t\t\t\t\t\t\t<div class=\"form-row validate-required\" id=\"neighborhood_field\" data-priority=\"\" ><label for=\"neighborhood\" class=\"ur-label\">Bairro <abbr class=\"required\" title=\"required\">*<\/abbr><\/label> <span class=\"input-wrapper\"> <input  data-rules=\"\" data-id=\"neighborhood\" type=\"text\" class=\"input-text   input-text ur-frontend-field  \" name=\"neighborhood\" id=\"neighborhood\" placeholder=\"\"  value=\"\" required=\"required\" data-label=\"Bairro\" \/> <\/span> <\/div>\t\t\t\t\t\t\t\t\t<\/div>\n\t\t\t\t\t\t\t\t\t\t\t\t\t\t\t\t<\/div>\n\t\t\t\t\t\t\t\t\t\t\t\t\t\t<div class=\"ur-form-grid ur-grid-3\"\n\t\t\t\t\t\t\t\tstyle=\"width:30%\">\n\t\t\t\t\t\t\t\t\t\t\t\t\t\t\t\t<div  data-field-id=\"number\" class=\"ur-field-item field-number \" data-ref-id=\"number\" data-field-pattern-enabled=\"0\" data-field-pattern-value=\" \" data-field-pattern-message=\" \">\n\t\t\t\t\t\t\t\t\t\t<div class=\"form-row validate-required\" id=\"number_field\" data-priority=\"\" ><label for=\"number\" class=\"ur-label\">N\u00famero <abbr class=\"required\" title=\"required\">*<\/abbr><\/label> <span class=\"input-wrapper\"> <input  data-rules=\"\" data-id=\"number\" type=\"number\" class=\"input-text   input-number ur-frontend-field  \" name=\"number\" id=\"number\" placeholder=\"\"  value=\"\" required=\"required\" data-label=\"N\u00famero\" step=\"1\" \/> <\/span> <\/div>\t\t\t\t\t\t\t\t\t<\/div>\n\t\t\t\t\t\t\t\t\t\t\t\t\t\t\t\t<\/div>\n\t\t\t\t\t\t\t\t\t\t\t\t\t<\/div>\n\t\t\t\t\t\t<div class=\"ur-form-row\" data-row-id=\"5\">\t\t\t\t\t\t\t<div class=\"ur-form-grid ur-grid-1\"\n\t\t\t\t\t\t\t\tstyle=\"width:30%\">\n\t\t\t\t\t\t\t\t\t\t\t\t\t\t\t\t<div  data-field-id=\"city\" class=\"ur-field-item field-text \" data-ref-id=\"city\" data-field-pattern-enabled=\"0\" data-field-pattern-value=\" \" data-field-pattern-message=\" \">\n\t\t\t\t\t\t\t\t\t\t<div class=\"form-row validate-required\" id=\"city_field\" data-priority=\"\" ><label for=\"city\" class=\"ur-label\">Cidade <abbr class=\"required\" title=\"required\">*<\/abbr><\/label> <span class=\"input-wrapper\"> <input  data-rules=\"\" data-id=\"city\" type=\"text\" class=\"input-text   input-text ur-frontend-field  \" name=\"city\" id=\"city\" placeholder=\"\"  value=\"\" required=\"required\" data-label=\"Cidade\" \/> <\/span> <\/div>\t\t\t\t\t\t\t\t\t<\/div>\n\t\t\t\t\t\t\t\t\t\t\t\t\t\t\t\t<\/div>\n\t\t\t\t\t\t\t\t\t\t\t\t\t\t<div class=\"ur-form-grid ur-grid-2\"\n\t\t\t\t\t\t\t\tstyle=\"width:30%\">\n\t\t\t\t\t\t\t\t\t\t\t\t\t\t\t\t<div  data-field-id=\"state\" class=\"ur-field-item field-text \" data-ref-id=\"state\" data-field-pattern-enabled=\"0\" data-field-pattern-value=\" \" data-field-pattern-message=\" \">\n\t\t\t\t\t\t\t\t\t\t<div class=\"form-row validate-required\" id=\"state_field\" data-priority=\"\" ><label for=\"state\" class=\"ur-label\">Estado <abbr class=\"required\" title=\"required\">*<\/abbr><\/label> <span class=\"input-wrapper\"> <input  data-rules=\"\" data-id=\"state\" type=\"text\" class=\"input-text   input-text ur-frontend-field  \" name=\"state\" id=\"state\" placeholder=\"\"  value=\"\" required=\"required\" data-label=\"Estado\" \/> <\/span> <\/div>\t\t\t\t\t\t\t\t\t<\/div>\n\t\t\t\t\t\t\t\t\t\t\t\t\t\t\t\t<\/div>\n\t\t\t\t\t\t\t\t\t\t\t\t\t\t<div class=\"ur-form-grid ur-grid-3\"\n\t\t\t\t\t\t\t\tstyle=\"width:30%\">\n\t\t\t\t\t\t\t\t\t\t\t\t\t\t\t\t<div  data-field-id=\"reference_point\" class=\"ur-field-item field-text \" data-ref-id=\"reference_point\" data-field-pattern-enabled=\"0\" data-field-pattern-value=\" \" data-field-pattern-message=\" \">\n\t\t\t\t\t\t\t\t\t\t<div class=\"form-row \" id=\"reference_point_field\" data-priority=\"\" ><label for=\"reference_point\" class=\"ur-label\">Ponto de refer\u00eancia<\/label> <span class=\"input-wrapper\"> <input  data-rules=\"\" data-id=\"reference_point\" type=\"text\" class=\"input-text   input-text ur-frontend-field  \" name=\"reference_point\" id=\"reference_point\" placeholder=\"\"  value=\"\" data-label=\"Ponto de refer\u00eancia\" \/> <\/span> <\/div>\t\t\t\t\t\t\t\t\t<\/div>\n\t\t\t\t\t\t\t\t\t\t\t\t\t\t\t\t<\/div>\n\t\t\t\t\t\t\t\t\t\t\t\t\t<\/div>\n\t\t\t\t\t\t<div class=\"ur-form-row\" data-row-id=\"6\">\t\t\t\t\t\t\t<div class=\"ur-form-grid ur-grid-1\"\n\t\t\t\t\t\t\t\tstyle=\"width:99%\">\n\t\t\t\t\t\t\t\t\t\t\t\t\t\t\t\t<div  data-field-id=\"pivacy_policy\" class=\"ur-field-item field-checkbox \" data-ref-id=\"pivacy_policy\" data-field-pattern-enabled=\"0\" data-field-pattern-value=\" \" data-field-pattern-message=\" \">\n\t\t\t\t\t\t\t\t\t\t<div class=\"form-row validate-required\" id=\"pivacy_policy_field\" data-priority=\"\" ><label class=\"ur-label\" required=\"required\" data-label=\"Pol\u00edtica de privacidade\"> <abbr class=\"required\" title=\"required\">*<\/abbr><\/label><ul ><li class=\"ur-checkbox-list\"><input data-rules=\"\" data-id=\"pivacy_policy[]\" required=\"required\" data-label=\"Pol\u00edtica de privacidade\" data-value=\"Li e aceito a pol\u00edtica de privacidade da compemaq\" type=\"checkbox\" class=\"input-checkbox ur-frontend-field  \" name=\"pivacy_policy[]\" id=\"pivacy_policy_Li e aceito a pol\u00edtica de privacidade da compemaq\" value=\"Li e aceito a pol\u00edtica de privacidade da compemaq\" \/><label class=\"ur-checkbox-label\" for=\"pivacy_policy_Li e aceito a pol\u00edtica de privacidade da compemaq\">Li e aceito a <a href='#'>pol\u00edtica de privacidade<\/a> da compemaq<\/label> <\/li><\/ul><\/div>\t\t\t\t\t\t\t\t\t<\/div>\n\t\t\t\t\t\t\t\t\t\t\t\t\t\t\t\t<\/div>\n\t\t\t\t\t\t\t\t\t\t\t\t\t<\/div>\n\t\t\t\t\t\t\t\t\t\t\t\t\t\t\t\t\t\t<div class=\"ur-button-container \" >\n\t\t\t\t\t\t\t\t\t\t\t\t\t\t<button type=\"submit\" class=\"btn button ur-submit-button register-button\"  conditional_rules=\"&quot;&quot;\">\n\t\t\t\t\t\t\t\t<span><\/span>\n\t\t\t\t\t\t\t\tCadastrar\t\t\t\t\t\t\t<\/button>\n\t\t\t\t\t\t\t\t\t\t\t\t\t\t\t\t\t\t\t\t<\/div>\n\t\t\t\t\t\t\n\t\t\t\t<div style=\"clear:both\"><\/div>\n\t\t\t\t\t\t\t\t<input type=\"hidden\" name=\"ur-registration-language\" value=\"pt-BR\"\/>\n\t\t\t\t<input type=\"hidden\" name=\"ur-user-form-id\" value=\"1063\"\/>\n\t\t\t\t<input type=\"hidden\" name=\"ur-redirect-url\" value=\"https:\/\/compemaq.com.br\/pt\/\"\/>\n\t\t\t\t<input type=\"hidden\" id=\"ur_frontend_form_nonce\" name=\"ur_frontend_form_nonce\" value=\"5b8a77c066\" \/>\n\t\t\t\t\n\t\t\t<\/form>\n\t\t\t\n\t\t<div style=\"clear:both\"><\/div>\n\t<\/div>\n\n<\/div>\n\t\t\t\t\t\t<\/div>\n\t\t\t\t<\/div>\n\t\t\t\t<div class=\"elementor-element elementor-element-94e6461 elementor-widget elementor-widget-html\" data-id=\"94e6461\" data-element_type=\"widget\" data-e-type=\"widget\" data-widget_type=\"html.default\">\n\t\t\t\t<div class=\"elementor-widget-container\">\n\t\t\t\t\t<style>\n.ur-button-container {\n    width: 100% !important;\n}\n.register-button {\n    background: #ffbc00 !important;\n    border: none !important;\n    width: 100% !important;\n}\n.ur-checkbox-list {\n    margin: -40px !important;\n}\n\n#user-registration-form-1063{\n    background-color: white;\n    border-radius: 10px\n}\n.user-registration-error {\n    color: red !important;\n}\n<\/style>\n\n<script>\ndocument.addEventListener(\"DOMContentLoaded\", function () {\n    if (typeof ur_password_strength_meter_params !== \"undefined\") {\n        ur_password_strength_meter_params.pwsL10n.shortpw = \"Muito Fraca\";\n        ur_password_strength_meter_params.pwsL10n.bad = \"Fraca\";\n        ur_password_strength_meter_params.pwsL10n.good = \"M\u00e9dia\";\n        ur_password_strength_meter_params.pwsL10n.strong = \"Forte\";\n        ur_password_strength_meter_params.pwsL10n.mismatch = \"Senha e confirma\u00e7\u00e3o n\u00e3o coincidem.\";\n    }\n});\n<\/script>\n\n<script src=\"https:\/\/cdn.jsdelivr.net\/npm\/inputmask@5.0.7\/dist\/inputmask.min.js\"><\/script>\n<script>\n  \/\/ M\u00e1scara para telefone (8 ou 9 d\u00edgitos)\n  const phoneMask = new Inputmask({\n    mask: [\"(99) 9999-9999\", \"(99) 99999-9999\"], \/\/ M\u00e1scaras para 8 ou 9 d\u00edgitos\n    onBeforePaste: function (pastedValue, opts) {\n      \/\/ Detectar se \u00e9 n\u00famero com 8 ou 9 d\u00edgitos\n      const value = pastedValue.replace(\/\\D\/g, ''); \/\/ Remove tudo que n\u00e3o for n\u00famero\n      return value.length <= 8 ? \"(99) 9999-9999\" : \"(99) 99999-9999\"; \/\/ Escolhe a m\u00e1scara certa\n    },\n    clearIncomplete: true\n  });\n  const phoneInputs = document.querySelectorAll('.my-phone-input input');\n  phoneInputs.forEach(input => phoneMask.mask(input));\n\n  \/\/ M\u00e1scara para documento (CPF ou CNPJ)\n  const documentMask = new Inputmask({\n    mask: [\n      \"999.999.999-99\", \/\/ CPF\n      \"99.999.999\/9999-99\" \/\/ CNPJ\n    ],\n    onBeforePaste: function (pastedValue, opts) {\n      \/\/ Detectar se \u00e9 CPF ou CNPJ baseado no n\u00famero de d\u00edgitos\n      const value = pastedValue.replace(\/\\D\/g, '');\n      return value.length <= 11 ? value : value.slice(0, 14);\n    },\n    clearIncomplete: true\n  });\n  const documentInputs = document.querySelectorAll('.my-document-input input');\n  documentInputs.forEach(input => documentMask.mask(input));\n<\/script>\n\t\t\t\t<\/div>\n\t\t\t\t<\/div>\n\t\t\t\t<\/div>\n\t\t\t\t<\/div>\n\t\t","protected":false},"excerpt":{"rendered":"","protected":false},"author":1,"featured_media":0,"parent":0,"menu_order":0,"comment_status":"closed","ping_status":"closed","template":"elementor_canvas","meta":{"nf_dc_page":"","footnotes":""},"class_list":["post-986","page","type-page","status-publish","hentry"],"_links":{"self":[{"href":"https:\/\/compemaq.com.br\/pt\/wp-json\/wp\/v2\/pages\/986","targetHints":{"allow":["GET"]}}],"collection":[{"href":"https:\/\/compemaq.com.br\/pt\/wp-json\/wp\/v2\/pages"}],"about":[{"href":"https:\/\/compemaq.com.br\/pt\/wp-json\/wp\/v2\/types\/page"}],"author":[{"embeddable":true,"href":"https:\/\/compemaq.com.br\/pt\/wp-json\/wp\/v2\/users\/1"}],"replies":[{"embeddable":true,"href":"https:\/\/compemaq.com.br\/pt\/wp-json\/wp\/v2\/comments?post=986"}],"version-history":[{"count":5,"href":"https:\/\/compemaq.com.br\/pt\/wp-json\/wp\/v2\/pages\/986\/revisions"}],"predecessor-version":[{"id":1183,"href":"https:\/\/compemaq.com.br\/pt\/wp-json\/wp\/v2\/pages\/986\/revisions\/1183"}],"wp:attachment":[{"href":"https:\/\/compemaq.com.br\/pt\/wp-json\/wp\/v2\/media?parent=986"}],"curies":[{"name":"wp","href":"https:\/\/api.w.org\/{rel}","templated":true}]}}